{"id":19885,"date":"2022-10-07T07:08:06","date_gmt":"2022-10-07T07:08:06","guid":{"rendered":"https:\/\/cultivers.es\/abonos\/sementes-de-beringela-organica-black-beauty\/"},"modified":"2025-09-22T05:11:12","modified_gmt":"2025-09-22T05:11:12","slug":"beleza-negra-beleza-negra-beleza-ecologica-planta-ovo-semente","status":"publish","type":"product","link":"https:\/\/cultivers.es\/pt-pt\/fertilizantes\/beleza-negra-beleza-negra-beleza-ecologica-planta-ovo-semente\/","title":{"rendered":"Beringela Black Beauty Biodin\u00e2mica Demeter Sementes"},"content":{"rendered":"","protected":false},"excerpt":{"rendered":"<p>A <strong>Beringela Black Beauty<\/strong> \u00e9 uma variedade cl\u00e1ssica muito apreciada pelos seus frutos grandes, ovais e de cor p\u00farpura profunda. De sabor suave e textura firme, \u00e9 ideal para assados, estufados, molhos ou cremes, o que a torna uma escolha vers\u00e1til e deliciosa na cozinha. \u00c9 tamb\u00e9m f\u00e1cil de cultivar e oferece colheitas generosas, perfeitas para jardins urbanos e tradicionais.  <\/p>\n<p><strong>Frutos grandes e elegantes:<\/strong> Produz beringelas de tamanho generoso, com a pele roxa brilhante, ideal para exibir em qualquer receita.<\/p>\n<p><strong>Sabor suave e vers\u00e1til:<\/strong> A sua polpa carnuda absorve os sabores dos ingredientes, valorizando tanto os pratos tradicionais como os modernos.<\/p>\n<p><strong>Alta Produtividade:<\/strong> Esta variedade garante colheitas abundantes, mesmo com cuidados m\u00ednimos, adaptando-se bem a v\u00e1rios tipos de solo e climas.<\/p>\n<p><strong>Rico em nutrientes:<\/strong> Fonte de fibras, antioxidantes, vitaminas do complexo B e minerais, contribui para uma alimenta\u00e7\u00e3o equilibrada e saud\u00e1vel.<\/p>\n<p><strong>F\u00e1cil de cultivar:<\/strong> Adequado para principiantes e especialistas, facilmente adapt\u00e1vel a pequenos jardins, vasos ou cultivo em terra firme.<\/p>\n<p><strong>Cultivo org\u00e2nico:<\/strong> As nossas sementes s\u00e3o 100% org\u00e2nicas, livres de pesticidas e qu\u00edmicos, garantindo um ambiente sustent\u00e1vel e saud\u00e1vel.<\/p>\n<p>Desfruta da qualidade, do sabor e do valor nutricional da <strong>beringela org\u00e2nica Black Beauty<\/strong> diretamente da tua horta. Uma escolha perfeita para enriquecer a tua mesa com frescura, cor e autenticidade, encomenda hoje e come\u00e7a a desfrutar desta variedade requintada!  <\/p>\n","protected":false},"featured_media":15547,"comment_status":"open","ping_status":"closed","template":"","meta":{"_acf_changed":false},"product_brand":[],"product_cat":[1269,429,427],"product_tag":[1270],"class_list":{"0":"post-19885","1":"product","2":"type-product","3":"status-publish","4":"has-post-thumbnail","6":"product_cat-sementes-de-demeter","7":"product_cat-sementes-de-frutas-e-legumes-biologicos","8":"product_cat-sementes-organicas-2","9":"product_tag-demeter-pt-pt","11":"first","12":"instock","13":"taxable","14":"shipping-taxable","15":"purchasable","16":"product-type-variable"},"acf":[],"_links":{"self":[{"href":"https:\/\/cultivers.es\/pt-pt\/wp-json\/wp\/v2\/product\/19885","targetHints":{"allow":["GET"]}}],"collection":[{"href":"https:\/\/cultivers.es\/pt-pt\/wp-json\/wp\/v2\/product"}],"about":[{"href":"https:\/\/cultivers.es\/pt-pt\/wp-json\/wp\/v2\/types\/product"}],"replies":[{"embeddable":true,"href":"https:\/\/cultivers.es\/pt-pt\/wp-json\/wp\/v2\/comments?post=19885"}],"wp:featuredmedia":[{"embeddable":true,"href":"https:\/\/cultivers.es\/pt-pt\/wp-json\/wp\/v2\/media\/15547"}],"wp:attachment":[{"href":"https:\/\/cultivers.es\/pt-pt\/wp-json\/wp\/v2\/media?parent=19885"}],"wp:term":[{"taxonomy":"product_brand","embeddable":true,"href":"https:\/\/cultivers.es\/pt-pt\/wp-json\/wp\/v2\/product_brand?post=19885"},{"taxonomy":"product_cat","embeddable":true,"href":"https:\/\/cultivers.es\/pt-pt\/wp-json\/wp\/v2\/product_cat?post=19885"},{"taxonomy":"product_tag","embeddable":true,"href":"https:\/\/cultivers.es\/pt-pt\/wp-json\/wp\/v2\/product_tag?post=19885"}],"curies":[{"name":"wp","href":"https:\/\/api.w.org\/{rel}","templated":true}]}}