{"id":19904,"date":"2022-10-07T07:08:06","date_gmt":"2022-10-07T07:08:06","guid":{"rendered":"https:\/\/cultivers.es\/abonos\/sementes-de-tomate-ace-55-biologico\/"},"modified":"2025-09-22T05:33:27","modified_gmt":"2025-09-22T05:33:27","slug":"sementes-tomato-ace-55-ecologicas","status":"publish","type":"product","link":"https:\/\/cultivers.es\/pt-pt\/fertilizantes\/sementes-tomato-ace-55-ecologicas\/","title":{"rendered":"Sementes de tomate Ace 55"},"content":{"rendered":"","protected":false},"excerpt":{"rendered":"<p>O <strong>tomate Ace 55<\/strong> \u00e9 uma variedade cl\u00e1ssica conhecida pelos seus frutos de tamanho m\u00e9dio, de pele grossa e polpa firme, com um sabor equilibrado e ligeiramente doce. \u00c9 ideal para saladas, molhos ou conservas, oferecendo uma versatilidade excecional na cozinha. Gra\u00e7as \u00e0 sua resist\u00eancia e produtividade, este tomate \u00e9 perfeito para os jardineiros que procuram colheitas abundantes e de qualidade.  <\/p>\n<p><strong>Frutos m\u00e9dios e uniformes:<\/strong> Produz tomates de tamanho m\u00e9dio, redondos e de pele resistente, ideais para v\u00e1rias prepara\u00e7\u00f5es culin\u00e1rias.<\/p>\n<p><strong>Sabor suave e equilibrado:<\/strong> O seu sabor doce com um toque de acidez torna-o uma escolha vers\u00e1til para todos os tipos de pratos, desde saladas frescas a molhos caseiros.<\/p>\n<p><strong>Boa produtividade:<\/strong> O Tomate Ace 55 destaca-se pelo seu elevado rendimento, garantindo colheitas generosas durante toda a \u00e9poca.<\/p>\n<p>Resistente <strong>e vers\u00e1til:<\/strong> Esta variedade \u00e9 resistente a v\u00e1rias condi\u00e7\u00f5es clim\u00e1ticas e adapta-se bem a diferentes solos, o que a torna adequada tanto para jardins urbanos como para jardins maiores.<\/p>\n<p><strong>Rico em nutrientes:<\/strong> Fonte de vitaminas A e C, antioxidantes e minerais, este tomate contribui para uma alimenta\u00e7\u00e3o equilibrada e saud\u00e1vel.<\/p>\n<p><strong>Cultivo org\u00e2nico:<\/strong> As nossas sementes s\u00e3o 100% org\u00e2nicas, livres de pesticidas e fertilizantes qu\u00edmicos, garantindo um cultivo sustent\u00e1vel e amigo do ambiente.<\/p>\n<p>Desfruta do sabor, versatilidade e qualidade do <strong>Tomate Org\u00e2nico Ace 55<\/strong> diretamente da tua horta. Adiciona esta variedade ao teu jardim e desfruta de colheitas abundantes e deliciosas durante toda a esta\u00e7\u00e3o - encomenda hoje e come\u00e7a a desfrutar deste cl\u00e1ssico do jardim!  <\/p>\n","protected":false},"featured_media":15562,"comment_status":"open","ping_status":"closed","template":"","meta":{"_acf_changed":false},"product_brand":[],"product_cat":[429,427],"product_tag":[1578],"class_list":{"0":"post-19904","1":"product","2":"type-product","3":"status-publish","4":"has-post-thumbnail","6":"product_cat-sementes-de-frutas-e-legumes-biologicos","7":"product_cat-sementes-organicas-2","8":"product_tag-eco","10":"first","11":"instock","12":"taxable","13":"shipping-taxable","14":"purchasable","15":"product-type-simple"},"acf":[],"_links":{"self":[{"href":"https:\/\/cultivers.es\/pt-pt\/wp-json\/wp\/v2\/product\/19904","targetHints":{"allow":["GET"]}}],"collection":[{"href":"https:\/\/cultivers.es\/pt-pt\/wp-json\/wp\/v2\/product"}],"about":[{"href":"https:\/\/cultivers.es\/pt-pt\/wp-json\/wp\/v2\/types\/product"}],"replies":[{"embeddable":true,"href":"https:\/\/cultivers.es\/pt-pt\/wp-json\/wp\/v2\/comments?post=19904"}],"wp:featuredmedia":[{"embeddable":true,"href":"https:\/\/cultivers.es\/pt-pt\/wp-json\/wp\/v2\/media\/15562"}],"wp:attachment":[{"href":"https:\/\/cultivers.es\/pt-pt\/wp-json\/wp\/v2\/media?parent=19904"}],"wp:term":[{"taxonomy":"product_brand","embeddable":true,"href":"https:\/\/cultivers.es\/pt-pt\/wp-json\/wp\/v2\/product_brand?post=19904"},{"taxonomy":"product_cat","embeddable":true,"href":"https:\/\/cultivers.es\/pt-pt\/wp-json\/wp\/v2\/product_cat?post=19904"},{"taxonomy":"product_tag","embeddable":true,"href":"https:\/\/cultivers.es\/pt-pt\/wp-json\/wp\/v2\/product_tag?post=19904"}],"curies":[{"name":"wp","href":"https:\/\/api.w.org\/{rel}","templated":true}]}}