{"id":19909,"date":"2022-10-07T07:08:06","date_gmt":"2022-10-07T07:08:06","guid":{"rendered":"https:\/\/cultivers.es\/abonos\/sementes-de-tomate-pera-vermelho-organico\/"},"modified":"2025-09-22T05:21:23","modified_gmt":"2025-09-22T05:21:23","slug":"sementes-tomato-vermelhas-da-pera-ecologicas","status":"publish","type":"product","link":"https:\/\/cultivers.es\/pt-pt\/fertilizantes\/sementes-tomato-vermelhas-da-pera-ecologicas\/","title":{"rendered":"Sementes de tomate Red Pear"},"content":{"rendered":"","protected":false},"excerpt":{"rendered":"<p>D\u00e1 um toque de eleg\u00e2ncia e sabor ao teu jardim com as nossas <strong>sementes de tomate Red Pear org\u00e2nico<\/strong>. Esta variedade, conhecida pela sua forma distinta de pera e cor vermelha vibrante, \u00e9 ideal para saladas, molhos, aperitivos e muito mais. Com um sabor doce e ligeiramente \u00e1cido e uma textura firme e sumarenta, o tomate Red Pear \u00e9 uma escolha deliciosa e vers\u00e1til para qualquer cozinha. Al\u00e9m disso, a sua facilidade de cultivo e o seu elevado rendimento fazem dele uma escolha perfeita para jardineiros de todos os n\u00edveis.   <\/p>\n<ul>\n<li><strong>Forma \u00fanica e cor viva:<\/strong> O tomate Red Pear distingue-se pela sua pequena forma de pera e pela sua cor vermelha intensa, que d\u00e1 um toque decorativo e atraente aos teus pratos.<\/li>\n<li><strong>Sabor doce e equilibrado:<\/strong> Esta variedade combina uma do\u00e7ura natural com um toque de acidez, oferecendo um perfil de sabor perfeito para saladas, acompanhamentos, molhos e conservas.<\/li>\n<li><strong>Textura firme e sumarenta:<\/strong> Ideal para cortar ou utilizar em receitas frescas e cozinhadas, a sua textura firme torna este tomate f\u00e1cil de manusear e vers\u00e1til na cozinha.<\/li>\n<li><strong>Planta produtiva e resistente:<\/strong> Esta planta \u00e9 vigorosa e oferece colheitas abundantes durante toda a esta\u00e7\u00e3o, garantindo um fornecimento cont\u00ednuo de deliciosos tomates.<\/li>\n<li><strong>F\u00e1cil de cultivar:<\/strong> O tomate Red Pear \u00e9 resistente e adapt\u00e1vel, ideal para jardineiros novatos e experientes. Pode ser cultivado em jardins exteriores ou em vasos em espa\u00e7os mais pequenos. <\/li>\n<li><strong>Cultivo org\u00e2nico:<\/strong> As nossas sementes s\u00e3o 100% org\u00e2nicas, livres de pesticidas e qu\u00edmicos, garantindo uma colheita ecol\u00f3gica e saud\u00e1vel para ti e para a tua fam\u00edlia.<\/li>\n<\/ul>\n<p>Embeleza o teu jardim com deliciosos e atraentes <strong>tomates org\u00e2nicos Red Pear<\/strong>. Cultiva de forma sustent\u00e1vel e desfruta de uma colheita abundante e vers\u00e1til para as tuas receitas favoritas - encomenda hoje e enche a tua mesa com sabor e frescura diretamente da tua horta!  <\/p>\n","protected":false},"featured_media":15597,"comment_status":"open","ping_status":"closed","template":"","meta":{"_acf_changed":false},"product_brand":[],"product_cat":[429,427],"product_tag":[1578],"woo-feed-brand":[],"class_list":{"0":"post-19909","1":"product","2":"type-product","3":"status-publish","4":"has-post-thumbnail","6":"product_cat-sementes-de-frutas-e-legumes-biologicos","7":"product_cat-sementes-organicas-2","8":"product_tag-eco","10":"first","11":"instock","12":"sale","13":"taxable","14":"shipping-taxable","15":"purchasable","16":"product-type-simple"},"acf":[],"_links":{"self":[{"href":"https:\/\/cultivers.es\/pt-pt\/wp-json\/wp\/v2\/product\/19909","targetHints":{"allow":["GET"]}}],"collection":[{"href":"https:\/\/cultivers.es\/pt-pt\/wp-json\/wp\/v2\/product"}],"about":[{"href":"https:\/\/cultivers.es\/pt-pt\/wp-json\/wp\/v2\/types\/product"}],"replies":[{"embeddable":true,"href":"https:\/\/cultivers.es\/pt-pt\/wp-json\/wp\/v2\/comments?post=19909"}],"wp:featuredmedia":[{"embeddable":true,"href":"https:\/\/cultivers.es\/pt-pt\/wp-json\/wp\/v2\/media\/15597"}],"wp:attachment":[{"href":"https:\/\/cultivers.es\/pt-pt\/wp-json\/wp\/v2\/media?parent=19909"}],"wp:term":[{"taxonomy":"product_brand","embeddable":true,"href":"https:\/\/cultivers.es\/pt-pt\/wp-json\/wp\/v2\/product_brand?post=19909"},{"taxonomy":"product_cat","embeddable":true,"href":"https:\/\/cultivers.es\/pt-pt\/wp-json\/wp\/v2\/product_cat?post=19909"},{"taxonomy":"product_tag","embeddable":true,"href":"https:\/\/cultivers.es\/pt-pt\/wp-json\/wp\/v2\/product_tag?post=19909"},{"taxonomy":"woo-feed-brand","embeddable":true,"href":"https:\/\/cultivers.es\/pt-pt\/wp-json\/wp\/v2\/woo-feed-brand?post=19909"}],"curies":[{"name":"wp","href":"https:\/\/api.w.org\/{rel}","templated":true}]}}