{"id":19910,"date":"2022-10-07T07:08:06","date_gmt":"2022-10-07T07:08:06","guid":{"rendered":"https:\/\/cultivers.es\/abonos\/sementes-de-tomatillo-roxo-organico\/"},"modified":"2025-09-22T05:11:24","modified_gmt":"2025-09-22T05:11:24","slug":"sementes-ecologicas-de-tomatillo-roxo-organico","status":"publish","type":"product","link":"https:\/\/cultivers.es\/pt-pt\/fertilizantes\/sementes-ecologicas-de-tomatillo-roxo-organico\/","title":{"rendered":"Sementes de Tomatillo roxo"},"content":{"rendered":"","protected":false},"excerpt":{"rendered":"<p>O <strong>Tomatillo Roxo<\/strong> \u00e9 uma variedade especial de tomatillo, apreciada pelos seus frutos roxos, sabor ligeiramente doce e um toque de \u00e1cido. Este pequeno fruto, envolto numa casca fina, \u00e9 um ingrediente essencial em molhos, guisados, sopas, ou mesmo para ser consumido fresco em saladas. A sua cor e o seu sabor conferem-lhe um car\u00e1cter \u00fanico, enriquecendo uma grande variedade de prepara\u00e7\u00f5es culin\u00e1rias.  <\/p>\n<p><strong>Frutos de cor p\u00farpura:<\/strong> O Tomatillo Roxo produz pequenos frutos redondos, cobertos por uma casca fina, que, quando maduros, adquirem um tom p\u00farpura intenso, enchendo o teu jardim de cor e originalidade.<\/p>\n<p><strong>Sabor agridoce:<\/strong> O seu equil\u00edbrio perfeito entre a do\u00e7ura e a acidez torna-o ideal para criar molhos aut\u00eanticos, saladas com um toque ex\u00f3tico ou acompanhar carnes e peixes com um sabor \u00fanico.<\/p>\n<p><strong>Alta produtividade:<\/strong> Esta planta \u00e9 resistente e oferece rendimentos generosos, fornecendo frutos cont\u00ednuos durante toda a esta\u00e7\u00e3o.<\/p>\n<p><strong>Rico em nutrientes:<\/strong> A Tomatillo fornece vitaminas A e C, antioxidantes e minerais, contribuindo para uma alimenta\u00e7\u00e3o variada e saud\u00e1vel.<\/p>\n<p><strong>F\u00e1cil de cultivar:<\/strong> Adapta-se bem a diferentes climas e solos, sendo adequada para jardins urbanos em vasos, bem como para culturas maiores.<\/p>\n<p><strong>Cultivo org\u00e2nico:<\/strong> As nossas sementes s\u00e3o 100% org\u00e2nicas, livres de pesticidas e fertilizantes qu\u00edmicos, garantindo um jardim sustent\u00e1vel e amigo do ambiente.<\/p>\n<p>Desfruta do sabor aut\u00eantico do <strong>Tomatillo Roxo Org\u00e2nico<\/strong> e enche a tua mesa com prepara\u00e7\u00f5es coloridas, frescas e originais. Encomenda hoje e come\u00e7a a desfrutar desta variedade ex\u00f3tica diretamente do teu jardim! <\/p>\n","protected":false},"featured_media":15607,"comment_status":"open","ping_status":"closed","template":"","meta":{"_acf_changed":false},"product_brand":[],"product_cat":[429,427],"product_tag":[1578],"woo-feed-brand":[],"class_list":{"0":"post-19910","1":"product","2":"type-product","3":"status-publish","4":"has-post-thumbnail","6":"product_cat-sementes-de-frutas-e-legumes-biologicos","7":"product_cat-sementes-organicas-2","8":"product_tag-eco","10":"first","11":"instock","12":"sale","13":"taxable","14":"shipping-taxable","15":"purchasable","16":"product-type-simple"},"acf":[],"_links":{"self":[{"href":"https:\/\/cultivers.es\/pt-pt\/wp-json\/wp\/v2\/product\/19910","targetHints":{"allow":["GET"]}}],"collection":[{"href":"https:\/\/cultivers.es\/pt-pt\/wp-json\/wp\/v2\/product"}],"about":[{"href":"https:\/\/cultivers.es\/pt-pt\/wp-json\/wp\/v2\/types\/product"}],"replies":[{"embeddable":true,"href":"https:\/\/cultivers.es\/pt-pt\/wp-json\/wp\/v2\/comments?post=19910"}],"wp:featuredmedia":[{"embeddable":true,"href":"https:\/\/cultivers.es\/pt-pt\/wp-json\/wp\/v2\/media\/15607"}],"wp:attachment":[{"href":"https:\/\/cultivers.es\/pt-pt\/wp-json\/wp\/v2\/media?parent=19910"}],"wp:term":[{"taxonomy":"product_brand","embeddable":true,"href":"https:\/\/cultivers.es\/pt-pt\/wp-json\/wp\/v2\/product_brand?post=19910"},{"taxonomy":"product_cat","embeddable":true,"href":"https:\/\/cultivers.es\/pt-pt\/wp-json\/wp\/v2\/product_cat?post=19910"},{"taxonomy":"product_tag","embeddable":true,"href":"https:\/\/cultivers.es\/pt-pt\/wp-json\/wp\/v2\/product_tag?post=19910"},{"taxonomy":"woo-feed-brand","embeddable":true,"href":"https:\/\/cultivers.es\/pt-pt\/wp-json\/wp\/v2\/woo-feed-brand?post=19910"}],"curies":[{"name":"wp","href":"https:\/\/api.w.org\/{rel}","templated":true}]}}