{"id":19911,"date":"2022-10-07T07:08:06","date_gmt":"2022-10-07T07:08:06","guid":{"rendered":"https:\/\/cultivers.es\/abonos\/sementes-de-tomate-coracao-de-boi-organico\/"},"modified":"2025-09-22T05:24:24","modified_gmt":"2025-09-22T05:24:24","slug":"sementes-de-coracao-tomate-biologicas-ecologicas","status":"publish","type":"product","link":"https:\/\/cultivers.es\/pt-pt\/fertilizantes\/sementes-de-coracao-tomate-biologicas-ecologicas\/","title":{"rendered":"Sementes de tomate cora\u00e7\u00e3o de boi"},"content":{"rendered":"","protected":false},"excerpt":{"rendered":"<p>O <strong>tomate cora\u00e7\u00e3o de boi<\/strong> \u00e9 uma variedade cl\u00e1ssica, muito apreciada pela sua forma carater\u00edstica de cora\u00e7\u00e3o e pela qualidade excecional da sua polpa. O seu sabor \u00e9 doce e equilibrado, com uma textura carnuda ideal para saladas, molhos ou consumido fresco. Esta variedade \u00e9 conhecida por produzir frutos grandes e sumarentos, o que a torna indispens\u00e1vel para os apreciadores de tomates aut\u00eanticos e cheios de sabor.  <\/p>\n<p><strong>Frutos grandes e carnudos:<\/strong> Produz tomates grandes com polpa firme e suculenta, perfeitos para uma variedade de prepara\u00e7\u00f5es culin\u00e1rias.<\/p>\n<p><strong>Sabor doce e equilibrado:<\/strong> A sua do\u00e7ura natural, combinada com uma ligeira acidez, torna-o um tomate vers\u00e1til, delicioso tanto cru como cozinhado.<\/p>\n<p><strong>Textura tenra e polpa firme:<\/strong> Gra\u00e7as \u00e0 sua elevada propor\u00e7\u00e3o de polpa, este tomate \u00e9 ideal para molhos, pur\u00e9s, saladas e sandu\u00edches, oferecendo uma experi\u00eancia gastron\u00f3mica excecional.<\/p>\n<p><strong>Rico em nutrientes:<\/strong> Importante fonte de vitaminas A, C e antioxidantes, contribuindo para uma alimenta\u00e7\u00e3o saud\u00e1vel e equilibrada.<\/p>\n<p><strong>F\u00e1cil de cultivar:<\/strong> adapt\u00e1vel a diferentes condi\u00e7\u00f5es clim\u00e1ticas e tipos de solo, \u00e9 adequada tanto para principiantes como para jardineiros experientes.<\/p>\n<p><strong>Cultivo org\u00e2nico:<\/strong> As nossas sementes s\u00e3o 100% org\u00e2nicas, livres de pesticidas e fertilizantes qu\u00edmicos, garantindo um jardim sustent\u00e1vel e amigo do ambiente.<\/p>\n<p>Desfruta do sabor, da textura e da qualidade do Tomate <strong>Beefheart Biol\u00f3gico<\/strong> diretamente da tua horta. Uma escolha ideal para aqueles que valorizam a autenticidade e o sabor tradicional do tomate, encomenda hoje e descobre o encanto desta variedade cl\u00e1ssica!  <\/p>\n","protected":false},"featured_media":15577,"comment_status":"open","ping_status":"closed","template":"","meta":{"_acf_changed":false},"product_brand":[],"product_cat":[429,427],"product_tag":[1578],"class_list":{"0":"post-19911","1":"product","2":"type-product","3":"status-publish","4":"has-post-thumbnail","6":"product_cat-sementes-de-frutas-e-legumes-biologicos","7":"product_cat-sementes-organicas-2","8":"product_tag-eco","10":"first","11":"instock","12":"taxable","13":"shipping-taxable","14":"purchasable","15":"product-type-simple"},"acf":[],"_links":{"self":[{"href":"https:\/\/cultivers.es\/pt-pt\/wp-json\/wp\/v2\/product\/19911","targetHints":{"allow":["GET"]}}],"collection":[{"href":"https:\/\/cultivers.es\/pt-pt\/wp-json\/wp\/v2\/product"}],"about":[{"href":"https:\/\/cultivers.es\/pt-pt\/wp-json\/wp\/v2\/types\/product"}],"replies":[{"embeddable":true,"href":"https:\/\/cultivers.es\/pt-pt\/wp-json\/wp\/v2\/comments?post=19911"}],"wp:featuredmedia":[{"embeddable":true,"href":"https:\/\/cultivers.es\/pt-pt\/wp-json\/wp\/v2\/media\/15577"}],"wp:attachment":[{"href":"https:\/\/cultivers.es\/pt-pt\/wp-json\/wp\/v2\/media?parent=19911"}],"wp:term":[{"taxonomy":"product_brand","embeddable":true,"href":"https:\/\/cultivers.es\/pt-pt\/wp-json\/wp\/v2\/product_brand?post=19911"},{"taxonomy":"product_cat","embeddable":true,"href":"https:\/\/cultivers.es\/pt-pt\/wp-json\/wp\/v2\/product_cat?post=19911"},{"taxonomy":"product_tag","embeddable":true,"href":"https:\/\/cultivers.es\/pt-pt\/wp-json\/wp\/v2\/product_tag?post=19911"}],"curies":[{"name":"wp","href":"https:\/\/api.w.org\/{rel}","templated":true}]}}