{"id":19952,"date":"2022-10-07T07:08:06","date_gmt":"2022-10-07T07:08:06","guid":{"rendered":"https:\/\/cultivers.es\/abonos\/sementes-de-tomate-galina-organico\/"},"modified":"2025-09-22T05:24:29","modified_gmt":"2025-09-22T05:24:29","slug":"sementes-tomato-galina-ecologicas","status":"publish","type":"product","link":"https:\/\/cultivers.es\/pt-pt\/fertilizantes\/sementes-tomato-galina-ecologicas\/","title":{"rendered":"Sementes de tomate Galina"},"content":{"rendered":"","protected":false},"excerpt":{"rendered":"<p>O <strong>tomate Galina<\/strong> \u00e9 uma variedade de tomate cereja amarelo conhecida pelo seu sabor doce e frutado e pelo seu elevado rendimento. Os seus frutos pequenos, redondos e amarelos brilhantes s\u00e3o perfeitos para saladas, aperitivos, molhos ligeiros ou simplesmente para desfrutar como um lanche saud\u00e1vel. Al\u00e9m disso, a sua rusticidade e facilidade de cultivo tornam-no uma escolha ideal para todos os tipos de jardins, desde os grandes jardins at\u00e9 \u00e0s pequenas varandas.  <\/p>\n<p><strong>Frutos pequenos e doces:<\/strong> Produz tomates-cereja amarelos, doces e sumarentos, com um sabor fresco e ligeiramente frutado.<\/p>\n<p><strong>Cor amarela brilhante:<\/strong> A sua tonalidade amarela vibrante n\u00e3o s\u00f3 d\u00e1 um toque de cor aos teus pratos, como tamb\u00e9m traz variedade \u00e0s tuas colheitas.<\/p>\n<p><strong>Alta produtividade:<\/strong> Esta variedade oferece um rendimento generoso durante toda a esta\u00e7\u00e3o, garantindo uma colheita cont\u00ednua de deliciosos tomates.<\/p>\n<p><strong>Rico em nutrientes:<\/strong> Fonte de vitaminas A e C, antioxidantes e minerais, o Tomate Galina contribui para uma alimenta\u00e7\u00e3o equilibrada e saud\u00e1vel.<\/p>\n<p><strong>F\u00e1cil de cultivar:<\/strong> adapt\u00e1vel a diferentes condi\u00e7\u00f5es clim\u00e1ticas e tipos de solo, \u00e9 perfeita tanto para principiantes como para jardineiros experientes. Tamb\u00e9m pode ser cultivada em vasos ou jardineiras em espa\u00e7os pequenos. <\/p>\n<p><strong>Cultivo org\u00e2nico:<\/strong> As nossas sementes s\u00e3o 100% org\u00e2nicas, livres de pesticidas e fertilizantes qu\u00edmicos, garantindo um jardim sustent\u00e1vel e amigo do ambiente.<\/p>\n<p>Desfruta da do\u00e7ura, cor e frescura do <strong>Tomate Org\u00e2nico Galina<\/strong> diretamente da tua horta. Adiciona esta variedade \u00e0 tua horta e descobre o prazer de colher os teus pr\u00f3prios tomates-cereja amarelos, cheios de sabor e vitalidade. Encomenda hoje e come\u00e7a a desfrutar desta op\u00e7\u00e3o requintada!  <\/p>\n","protected":false},"featured_media":15582,"comment_status":"open","ping_status":"closed","template":"","meta":{"_acf_changed":false},"product_brand":[],"product_cat":[429,427],"product_tag":[1578],"class_list":{"0":"post-19952","1":"product","2":"type-product","3":"status-publish","4":"has-post-thumbnail","6":"product_cat-sementes-de-frutas-e-legumes-biologicos","7":"product_cat-sementes-organicas-2","8":"product_tag-eco","10":"first","11":"instock","12":"sale","13":"taxable","14":"shipping-taxable","15":"purchasable","16":"product-type-simple"},"acf":[],"_links":{"self":[{"href":"https:\/\/cultivers.es\/pt-pt\/wp-json\/wp\/v2\/product\/19952","targetHints":{"allow":["GET"]}}],"collection":[{"href":"https:\/\/cultivers.es\/pt-pt\/wp-json\/wp\/v2\/product"}],"about":[{"href":"https:\/\/cultivers.es\/pt-pt\/wp-json\/wp\/v2\/types\/product"}],"replies":[{"embeddable":true,"href":"https:\/\/cultivers.es\/pt-pt\/wp-json\/wp\/v2\/comments?post=19952"}],"wp:featuredmedia":[{"embeddable":true,"href":"https:\/\/cultivers.es\/pt-pt\/wp-json\/wp\/v2\/media\/15582"}],"wp:attachment":[{"href":"https:\/\/cultivers.es\/pt-pt\/wp-json\/wp\/v2\/media?parent=19952"}],"wp:term":[{"taxonomy":"product_brand","embeddable":true,"href":"https:\/\/cultivers.es\/pt-pt\/wp-json\/wp\/v2\/product_brand?post=19952"},{"taxonomy":"product_cat","embeddable":true,"href":"https:\/\/cultivers.es\/pt-pt\/wp-json\/wp\/v2\/product_cat?post=19952"},{"taxonomy":"product_tag","embeddable":true,"href":"https:\/\/cultivers.es\/pt-pt\/wp-json\/wp\/v2\/product_tag?post=19952"}],"curies":[{"name":"wp","href":"https:\/\/api.w.org\/{rel}","templated":true}]}}