{"id":19954,"date":"2022-10-07T07:08:06","date_gmt":"2022-10-07T07:08:06","guid":{"rendered":"https:\/\/cultivers.es\/abonos\/sementes-de-pimento-amarelo-quadrato-dasti-rosso-ecologico\/"},"modified":"2025-09-22T05:25:09","modified_gmt":"2025-09-22T05:25:09","slug":"sementes-pimentao-amarelo-quadrado-d-asti-rosso-ecologicas","status":"publish","type":"product","link":"https:\/\/cultivers.es\/pt-pt\/fertilizantes\/sementes-pimentao-amarelo-quadrado-d-asti-rosso-ecologicas\/","title":{"rendered":"Sementes de pimento amarelo Quadrato d&#8217;Asti Biodin\u00e2mico Demeter"},"content":{"rendered":"","protected":false},"excerpt":{"rendered":"<p>O Pimento <strong>Amarelo Quadrato d&#8217;Asti<\/strong> \u00e9 uma variedade tradicional italiana, apreciada pelos seus frutos de forma quadrada e pela sua cor amarela intensa. Destaca-se pelo seu sabor doce e suave, bem como pela sua polpa espessa e estaladi\u00e7a, ideal para saladas frescas, assados, molhos e conservas. Esta variedade \u00e9 perfeita para quem procura um pimento vers\u00e1til e de qualidade excecional na cozinha.  <\/p>\n<p><strong>Frutos grandes e intensos:<\/strong> Produz pimentos de tamanho generoso, com uma tonalidade amarela brilhante que d\u00e1 um toque visual a qualquer prato.<\/p>\n<p><strong>Sabor doce e suave:<\/strong> A sua polpa carnuda e sumarenta, com uma do\u00e7ura natural e delicada, torna-a uma escolha ideal para receitas frescas ou cozinhadas.<\/p>\n<p><strong>Carne espessa e estaladi\u00e7a:<\/strong> A textura firme e estaladi\u00e7a da sua carne proporciona uma experi\u00eancia gastron\u00f3mica \u00fanica, perfeita para recheios e pratos grelhados.<\/p>\n<p><strong>Rico em nutrientes:<\/strong> Fonte de vitaminas A, C e antioxidantes, este pimento contribui para uma alimenta\u00e7\u00e3o equilibrada e saud\u00e1vel.<\/p>\n<p><strong>F\u00e1cil de cultivar:<\/strong> Resistente e adapt\u00e1vel a v\u00e1rios climas e solos, \u00e9 adequada tanto para principiantes como para jardineiros experientes.<\/p>\n<p><strong>Certifica\u00e7\u00e3o Demeter:<\/strong> Estas sementes prov\u00eam de um cultivo biodin\u00e2mico, respeitando os ciclos naturais, a sa\u00fade do solo e a biodiversidade.<\/p>\n<p><strong>Cultivo org\u00e2nico:<\/strong> As nossas sementes s\u00e3o 100% org\u00e2nicas, sem pesticidas ou fertilizantes qu\u00edmicos, garantindo um jardim sustent\u00e1vel e amigo do ambiente.<\/p>\n<p>Desfruta do sabor, da textura e da qualidade do Pimento <strong>Amarelo Demeter Organic Quadrato d&#8217;Asti<\/strong> diretamente da tua horta. Adiciona esta variedade \u00e0 tua horta e descobre a sua versatilidade numa vasta gama de prepara\u00e7\u00f5es culin\u00e1rias - encomenda hoje e enriquece as tuas colheitas com este pimento tradicional italiano!  <\/p>\n","protected":false},"featured_media":15537,"comment_status":"open","ping_status":"closed","template":"","meta":{"_acf_changed":false},"product_brand":[],"product_cat":[1269,429,427],"product_tag":[1270],"class_list":{"0":"post-19954","1":"product","2":"type-product","3":"status-publish","4":"has-post-thumbnail","6":"product_cat-sementes-de-demeter","7":"product_cat-sementes-de-frutas-e-legumes-biologicos","8":"product_cat-sementes-organicas-2","9":"product_tag-demeter-pt-pt","11":"first","12":"instock","13":"taxable","14":"shipping-taxable","15":"purchasable","16":"product-type-simple"},"acf":[],"_links":{"self":[{"href":"https:\/\/cultivers.es\/pt-pt\/wp-json\/wp\/v2\/product\/19954","targetHints":{"allow":["GET"]}}],"collection":[{"href":"https:\/\/cultivers.es\/pt-pt\/wp-json\/wp\/v2\/product"}],"about":[{"href":"https:\/\/cultivers.es\/pt-pt\/wp-json\/wp\/v2\/types\/product"}],"replies":[{"embeddable":true,"href":"https:\/\/cultivers.es\/pt-pt\/wp-json\/wp\/v2\/comments?post=19954"}],"wp:featuredmedia":[{"embeddable":true,"href":"https:\/\/cultivers.es\/pt-pt\/wp-json\/wp\/v2\/media\/15537"}],"wp:attachment":[{"href":"https:\/\/cultivers.es\/pt-pt\/wp-json\/wp\/v2\/media?parent=19954"}],"wp:term":[{"taxonomy":"product_brand","embeddable":true,"href":"https:\/\/cultivers.es\/pt-pt\/wp-json\/wp\/v2\/product_brand?post=19954"},{"taxonomy":"product_cat","embeddable":true,"href":"https:\/\/cultivers.es\/pt-pt\/wp-json\/wp\/v2\/product_cat?post=19954"},{"taxonomy":"product_tag","embeddable":true,"href":"https:\/\/cultivers.es\/pt-pt\/wp-json\/wp\/v2\/product_tag?post=19954"}],"curies":[{"name":"wp","href":"https:\/\/api.w.org\/{rel}","templated":true}]}}