{"id":19956,"date":"2022-10-07T07:08:06","date_gmt":"2022-10-07T07:08:06","guid":{"rendered":"https:\/\/cultivers.es\/abonos\/sementes-de-tomate-cereja-preto-organico\/"},"modified":"2025-09-22T05:24:53","modified_gmt":"2025-09-22T05:24:53","slug":"sementes-organicas-de-cerejeira-preta-tomate","status":"publish","type":"product","link":"https:\/\/cultivers.es\/pt-pt\/fertilizantes\/sementes-organicas-de-cerejeira-preta-tomate\/","title":{"rendered":"Sementes de tomate cereja preto"},"content":{"rendered":"","protected":false},"excerpt":{"rendered":"<p>O <strong>tomate<\/strong> cereja <strong>preto<\/strong> \u00e9 uma variedade de tomate cereja conhecida pela sua cor p\u00farpura escura carater\u00edstica, sabor intenso e equilibrado e textura suculenta. Estes frutos pequenos, redondos e brilhantes s\u00e3o ideais para saladas, molhos, espetadas ou para comer diretamente como um lanche saud\u00e1vel. Al\u00e9m disso, a sua elevada produtividade e resist\u00eancia facilitam o seu cultivo, mesmo em espa\u00e7os reduzidos.  <\/p>\n<p><strong>Frutos escuros e atraentes:<\/strong> Produz tomates-cereja de cor p\u00farpura profunda, com um aspeto ex\u00f3tico que chama a aten\u00e7\u00e3o em qualquer prato.<\/p>\n<p><strong>Sabor intenso e doce:<\/strong> O seu sabor combina a do\u00e7ura com um ligeiro toque \u00e1cido, o que o torna uma escolha vers\u00e1til, perfeita para receitas frescas e criativas.<\/p>\n<p><strong>Textura suculenta e macia:<\/strong> A polpa firme e suculenta proporciona uma experi\u00eancia gastron\u00f3mica equilibrada, ideal para comer sozinha ou em combina\u00e7\u00e3o com outros ingredientes.<\/p>\n<p><strong>Rico em nutrientes:<\/strong> Fonte de vitaminas A e C, antioxidantes e minerais, contribuindo para uma alimenta\u00e7\u00e3o saud\u00e1vel e equilibrada.<\/p>\n<p><strong>Alta Produtividade:<\/strong> Esta variedade \u00e9 conhecida pela sua generosa produ\u00e7\u00e3o de frutos durante toda a esta\u00e7\u00e3o, garantindo colheitas abundantes.<\/p>\n<p><strong>F\u00e1cil de cultivar:<\/strong> adapt\u00e1vel a diferentes tipos de solo e condi\u00e7\u00f5es clim\u00e1ticas, adequado tanto para principiantes como para jardineiros experientes, e perfeito para jardins urbanos em vasos ou jardineiras.<\/p>\n<p><strong>Cultivo org\u00e2nico:<\/strong> As nossas sementes s\u00e3o 100% org\u00e2nicas, sem pesticidas ou fertilizantes qu\u00edmicos, garantindo um jardim sustent\u00e1vel e amigo do ambiente.<\/p>\n<p>Desfruta da cor, do sabor e da versatilidade do <strong>Tomate Cereja Preto Org\u00e2nico<\/strong> diretamente da tua horta, e d\u00e1 um toque \u00fanico \u00e0s tuas saladas, snacks e pratos preferidos. Encomenda hoje e descobre a intensidade destes deliciosos tomatinhos! <\/p>\n","protected":false},"featured_media":15572,"comment_status":"open","ping_status":"closed","template":"","meta":{"_acf_changed":false},"product_brand":[],"product_cat":[429,427],"product_tag":[1578],"woo-feed-brand":[],"class_list":{"0":"post-19956","1":"product","2":"type-product","3":"status-publish","4":"has-post-thumbnail","6":"product_cat-sementes-de-frutas-e-legumes-biologicos","7":"product_cat-sementes-organicas-2","8":"product_tag-eco","10":"first","11":"instock","12":"taxable","13":"shipping-taxable","14":"purchasable","15":"product-type-simple"},"acf":[],"_links":{"self":[{"href":"https:\/\/cultivers.es\/pt-pt\/wp-json\/wp\/v2\/product\/19956","targetHints":{"allow":["GET"]}}],"collection":[{"href":"https:\/\/cultivers.es\/pt-pt\/wp-json\/wp\/v2\/product"}],"about":[{"href":"https:\/\/cultivers.es\/pt-pt\/wp-json\/wp\/v2\/types\/product"}],"replies":[{"embeddable":true,"href":"https:\/\/cultivers.es\/pt-pt\/wp-json\/wp\/v2\/comments?post=19956"}],"wp:featuredmedia":[{"embeddable":true,"href":"https:\/\/cultivers.es\/pt-pt\/wp-json\/wp\/v2\/media\/15572"}],"wp:attachment":[{"href":"https:\/\/cultivers.es\/pt-pt\/wp-json\/wp\/v2\/media?parent=19956"}],"wp:term":[{"taxonomy":"product_brand","embeddable":true,"href":"https:\/\/cultivers.es\/pt-pt\/wp-json\/wp\/v2\/product_brand?post=19956"},{"taxonomy":"product_cat","embeddable":true,"href":"https:\/\/cultivers.es\/pt-pt\/wp-json\/wp\/v2\/product_cat?post=19956"},{"taxonomy":"product_tag","embeddable":true,"href":"https:\/\/cultivers.es\/pt-pt\/wp-json\/wp\/v2\/product_tag?post=19956"},{"taxonomy":"woo-feed-brand","embeddable":true,"href":"https:\/\/cultivers.es\/pt-pt\/wp-json\/wp\/v2\/woo-feed-brand?post=19956"}],"curies":[{"name":"wp","href":"https:\/\/api.w.org\/{rel}","templated":true}]}}