{"id":19957,"date":"2022-10-07T07:08:06","date_gmt":"2022-10-07T07:08:06","guid":{"rendered":"https:\/\/cultivers.es\/abonos\/sementes-de-pepino-organico-tanja\/"},"modified":"2026-03-16T10:50:55","modified_gmt":"2026-03-16T10:50:55","slug":"sementes-de-pepineiro-tanja-biologicas","status":"publish","type":"product","link":"https:\/\/cultivers.es\/pt-pt\/fertilizantes\/sementes-de-pepineiro-tanja-biologicas\/","title":{"rendered":"Pepino Tanja Sementes"},"content":{"rendered":"","protected":false},"excerpt":{"rendered":"<p>O <strong>pepino Tanja<\/strong> \u00e9 uma variedade muito apreciada pelo seu sabor suave, textura estaladi\u00e7a e pele fina. Produz frutos compridos, de cor verde intensa, ideais para consumo fresco em saladas, sandu\u00edches ou como snack saud\u00e1vel. Esta variedade \u00e9 resistente, f\u00e1cil de cultivar e adapta-se bem a diferentes condi\u00e7\u00f5es climat\u00e9ricas, oferecendo colheitas abundantes durante toda a esta\u00e7\u00e3o.  <\/p>\n<ul>\n<li><strong>Frutos compridos e finos:<\/strong> Produz pepinos alongados, de pele fina e de cor verde profunda, perfeitos para consumo fresco.<\/li>\n<li><strong>Sabor suave e refrescante:<\/strong> O seu sabor leve, com um toque ligeiramente doce, torna-o um ingrediente vers\u00e1til na cozinha.<\/li>\n<li><strong>Textura estaladi\u00e7a:<\/strong> A polpa firme e sumarenta proporciona uma experi\u00eancia agrad\u00e1vel ao paladar.<\/li>\n<li><strong>Alta Produtividade:<\/strong> Esta variedade garante colheitas generosas, fornecendo pepinos de qualidade durante todo o per\u00edodo de frutifica\u00e7\u00e3o.<\/li>\n<li><strong>Rico em nutrientes:<\/strong> Fonte de vitaminas, minerais e antioxidantes, o pepino \u00e9 uma adi\u00e7\u00e3o saud\u00e1vel a uma dieta equilibrada.<\/li>\n<li><strong>F\u00e1cil de cultivar:<\/strong> Resistente e adapt\u00e1vel a diferentes tipos de solo e clima, ideal para principiantes e jardineiros experientes.<\/li>\n<li><strong>Cultivo org\u00e2nico:<\/strong> As nossas sementes s\u00e3o <strong>100% org\u00e2nicas<\/strong>, livres de pesticidas e fertilizantes qu\u00edmicos, promovendo um jardim sustent\u00e1vel e amigo do ambiente.<\/li>\n<\/ul>\n<p>Desfruta da frescura e qualidade do <strong>Pepino Tanja Biol\u00f3gico<\/strong> diretamente da tua horta. Uma escolha perfeita para aqueles que valorizam o sabor aut\u00eantico e a produ\u00e7\u00e3o sustent\u00e1vel na sua mesa. <\/p>\n","protected":false},"featured_media":16632,"comment_status":"open","ping_status":"closed","template":"","meta":{"_acf_changed":false},"product_brand":[],"product_cat":[429,427],"product_tag":[1578],"woo-feed-brand":[],"class_list":{"0":"post-19957","1":"product","2":"type-product","3":"status-publish","4":"has-post-thumbnail","6":"product_cat-sementes-de-frutas-e-legumes-biologicos","7":"product_cat-sementes-organicas-2","8":"product_tag-eco","10":"first","11":"outofstock","12":"taxable","13":"shipping-taxable","14":"purchasable","15":"product-type-simple"},"acf":[],"_links":{"self":[{"href":"https:\/\/cultivers.es\/pt-pt\/wp-json\/wp\/v2\/product\/19957","targetHints":{"allow":["GET"]}}],"collection":[{"href":"https:\/\/cultivers.es\/pt-pt\/wp-json\/wp\/v2\/product"}],"about":[{"href":"https:\/\/cultivers.es\/pt-pt\/wp-json\/wp\/v2\/types\/product"}],"replies":[{"embeddable":true,"href":"https:\/\/cultivers.es\/pt-pt\/wp-json\/wp\/v2\/comments?post=19957"}],"wp:featuredmedia":[{"embeddable":true,"href":"https:\/\/cultivers.es\/pt-pt\/wp-json\/wp\/v2\/media\/16632"}],"wp:attachment":[{"href":"https:\/\/cultivers.es\/pt-pt\/wp-json\/wp\/v2\/media?parent=19957"}],"wp:term":[{"taxonomy":"product_brand","embeddable":true,"href":"https:\/\/cultivers.es\/pt-pt\/wp-json\/wp\/v2\/product_brand?post=19957"},{"taxonomy":"product_cat","embeddable":true,"href":"https:\/\/cultivers.es\/pt-pt\/wp-json\/wp\/v2\/product_cat?post=19957"},{"taxonomy":"product_tag","embeddable":true,"href":"https:\/\/cultivers.es\/pt-pt\/wp-json\/wp\/v2\/product_tag?post=19957"},{"taxonomy":"woo-feed-brand","embeddable":true,"href":"https:\/\/cultivers.es\/pt-pt\/wp-json\/wp\/v2\/woo-feed-brand?post=19957"}],"curies":[{"name":"wp","href":"https:\/\/api.w.org\/{rel}","templated":true}]}}