{"id":19983,"date":"2022-10-07T07:08:06","date_gmt":"2022-10-07T07:08:06","guid":{"rendered":"https:\/\/cultivers.es\/abonos\/sementes-de-abobrinha-organica-di-nizza\/"},"modified":"2026-02-06T16:09:28","modified_gmt":"2026-02-06T16:09:28","slug":"zucchini-di-nizza-ecological-zucchini-seeds","status":"publish","type":"product","link":"https:\/\/cultivers.es\/pt-pt\/fertilizantes\/zucchini-di-nizza-ecological-zucchini-seeds\/","title":{"rendered":"Sementes de courgette Di Nizza"},"content":{"rendered":"","protected":false},"excerpt":{"rendered":"<p><strong>A curgete Di Nizza<\/strong> \u00e9 uma variedade tradicional italiana apreciada pelos seus frutos redondos, de cor verde-clara com ligeiros tra\u00e7os mais claros. O seu sabor \u00e9 <strong>suave e delicado<\/strong>, com uma polpa <strong>tenra e suculenta<\/strong>, ideal para saladas, assados, recheios ou salteados. Al\u00e9m disso, o seu ciclo de cultivo \u00e9 <strong>r\u00e1pido<\/strong> e <strong>produtivo<\/strong>, garantindo colheitas abundantes durante a esta\u00e7\u00e3o.  <\/p>\n<p><strong>Frutos redondos atraentes:<\/strong> Produz curgetes redondas, de tamanho m\u00e9dio, com um aspeto atraente, perfeitas para apresenta\u00e7\u00f5es originais na cozinha.<\/p>\n<p><strong>Sabor suave e delicado:<\/strong> O seu sabor leve e a sua textura tenra tornam-no vers\u00e1til, adapt\u00e1vel a uma grande variedade de receitas.<\/p>\n<p><strong>Crescimento r\u00e1pido e alta produtividade:<\/strong> Oferece colheitas generosas em pouco tempo, garantindo uma produ\u00e7\u00e3o cont\u00ednua e satisfat\u00f3ria.<\/p>\n<p><strong>Rica em nutrientes:<\/strong> A courgette fornece vitaminas, minerais e fibras, o que a torna uma op\u00e7\u00e3o saud\u00e1vel e equilibrada para a tua dieta.<\/p>\n<p><strong>F\u00e1cil de cultivar:<\/strong> Resistente e adapt\u00e1vel a diferentes climas e solos, \u00e9 ideal tanto para principiantes como para jardineiros experientes.<\/p>\n<p><strong>Cultivo org\u00e2nico:<\/strong> As nossas sementes s\u00e3o <strong>100% org\u00e2nicas<\/strong>, livres de pesticidas e produtos qu\u00edmicos, promovendo um jardim sustent\u00e1vel e amigo do ambiente.<\/p>\n<p>Desfruta da qualidade, do sabor e da versatilidade da <strong>Courgette Di Nizza Organic<\/strong> diretamente da tua horta. Adiciona esta variedade \u00e0 tua horta e enriquece os teus pratos com a sua frescura e apresenta\u00e7\u00e3o \u00fanica, encomenda hoje e come\u00e7a a colher!  <\/p>\n","protected":false},"featured_media":15402,"comment_status":"open","ping_status":"closed","template":"","meta":{"_acf_changed":false},"product_brand":[],"product_cat":[429,427],"product_tag":[1578],"woo-feed-brand":[],"class_list":{"0":"post-19983","1":"product","2":"type-product","3":"status-publish","4":"has-post-thumbnail","6":"product_cat-sementes-de-frutas-e-legumes-biologicos","7":"product_cat-sementes-organicas-2","8":"product_tag-eco","10":"first","11":"instock","12":"taxable","13":"shipping-taxable","14":"purchasable","15":"product-type-simple"},"acf":[],"_links":{"self":[{"href":"https:\/\/cultivers.es\/pt-pt\/wp-json\/wp\/v2\/product\/19983","targetHints":{"allow":["GET"]}}],"collection":[{"href":"https:\/\/cultivers.es\/pt-pt\/wp-json\/wp\/v2\/product"}],"about":[{"href":"https:\/\/cultivers.es\/pt-pt\/wp-json\/wp\/v2\/types\/product"}],"replies":[{"embeddable":true,"href":"https:\/\/cultivers.es\/pt-pt\/wp-json\/wp\/v2\/comments?post=19983"}],"wp:featuredmedia":[{"embeddable":true,"href":"https:\/\/cultivers.es\/pt-pt\/wp-json\/wp\/v2\/media\/15402"}],"wp:attachment":[{"href":"https:\/\/cultivers.es\/pt-pt\/wp-json\/wp\/v2\/media?parent=19983"}],"wp:term":[{"taxonomy":"product_brand","embeddable":true,"href":"https:\/\/cultivers.es\/pt-pt\/wp-json\/wp\/v2\/product_brand?post=19983"},{"taxonomy":"product_cat","embeddable":true,"href":"https:\/\/cultivers.es\/pt-pt\/wp-json\/wp\/v2\/product_cat?post=19983"},{"taxonomy":"product_tag","embeddable":true,"href":"https:\/\/cultivers.es\/pt-pt\/wp-json\/wp\/v2\/product_tag?post=19983"},{"taxonomy":"woo-feed-brand","embeddable":true,"href":"https:\/\/cultivers.es\/pt-pt\/wp-json\/wp\/v2\/woo-feed-brand?post=19983"}],"curies":[{"name":"wp","href":"https:\/\/api.w.org\/{rel}","templated":true}]}}