{"id":19984,"date":"2022-10-07T07:08:06","date_gmt":"2022-10-07T07:08:06","guid":{"rendered":"https:\/\/cultivers.es\/abonos\/sementes-de-abobora-biologicas-red-kuri\/"},"modified":"2025-09-22T05:49:18","modified_gmt":"2025-09-22T05:49:18","slug":"sementes-de-abobora-vermelhas-kuri-ecologicas","status":"publish","type":"product","link":"https:\/\/cultivers.es\/pt-pt\/fertilizantes\/sementes-de-abobora-vermelhas-kuri-ecologicas\/","title":{"rendered":"Sementes de Ab\u00f3bora Red Kuri Biodin\u00e2micas Demeter"},"content":{"rendered":"","protected":false},"excerpt":{"rendered":"<p><strong>A ab\u00f3bora Red Kuri<\/strong>, tamb\u00e9m conhecida como Hokkaido, \u00e9 uma variedade muito apreciada pela sua cor laranja intensa, sabor doce e textura cremosa. Ideal para sopas, pur\u00e9s, guisados e pastelaria, esta ab\u00f3bora destaca-se pela sua versatilidade culin\u00e1ria e valor nutricional. Sendo certificada pela Demeter, o seu cultivo respeita os princ\u00edpios da agricultura biodin\u00e2mica, garantindo assim um m\u00e9todo sustent\u00e1vel e em harmonia com a natureza.  <\/p>\n<p><strong>Frutos atraentes de tamanho m\u00e9dio:<\/strong> Produz ab\u00f3boras de tamanho m\u00e9dio, de forma ligeiramente ovalada, com uma pele cor de laranja profunda, que d\u00e1 um toque quente e apetitoso \u00e0 cozinha.<\/p>\n<p><strong>Sabor doce e suave:<\/strong> A sua polpa \u00e9 tenra, cremosa e com uma do\u00e7ura natural que a torna perfeita tanto para pratos salgados como doces, desde sopas e cremes a bolos e muffins.<\/p>\n<p><strong>Crescimento r\u00e1pido e boa dura\u00e7\u00e3o de conserva\u00e7\u00e3o:<\/strong> Esta variedade oferece colheitas satisfat\u00f3rias num per\u00edodo relativamente curto. Os seus frutos, uma vez colhidos, conservam-se bem, o que permite que sejam apreciados durante um per\u00edodo mais longo. <\/p>\n<p><strong>Rico em nutrientes:<\/strong> Fornece vitaminas A, C e antioxidantes, bem como minerais e fibras, o que o torna um alimento ben\u00e9fico para uma dieta equilibrada e saud\u00e1vel.<\/p>\n<p><strong>F\u00e1cil de cultivar:<\/strong> Resistente e adapt\u00e1vel a diferentes tipos de solo e climas, \u00e9 adequada tanto para principiantes como para cultivadores experientes.<\/p>\n<p><strong>Agricultura Biol\u00f3gica Demeter:<\/strong> As sementes, certificadas pela Demeter, garantem um cultivo que respeita os ciclos naturais do solo, sem pesticidas ou fertilizantes qu\u00edmicos, promovendo a biodiversidade e a sa\u00fade do ecossistema.<\/p>\n<p>Desfruta da cor, da nutri\u00e7\u00e3o e da versatilidade da <strong>ab\u00f3bora Demeter Organic Red Kuri<\/strong> diretamente da tua horta, enriquecendo as tuas receitas com o seu sabor e qualidade excepcionais.<\/p>\n","protected":false},"featured_media":15417,"comment_status":"open","ping_status":"closed","template":"","meta":{"_acf_changed":false},"product_brand":[],"product_cat":[1269,427],"product_tag":[1270],"class_list":{"0":"post-19984","1":"product","2":"type-product","3":"status-publish","4":"has-post-thumbnail","6":"product_cat-sementes-de-demeter","7":"product_cat-sementes-organicas-2","8":"product_tag-demeter-pt-pt","10":"first","11":"instock","12":"sale","13":"taxable","14":"shipping-taxable","15":"purchasable","16":"product-type-simple"},"acf":[],"_links":{"self":[{"href":"https:\/\/cultivers.es\/pt-pt\/wp-json\/wp\/v2\/product\/19984","targetHints":{"allow":["GET"]}}],"collection":[{"href":"https:\/\/cultivers.es\/pt-pt\/wp-json\/wp\/v2\/product"}],"about":[{"href":"https:\/\/cultivers.es\/pt-pt\/wp-json\/wp\/v2\/types\/product"}],"replies":[{"embeddable":true,"href":"https:\/\/cultivers.es\/pt-pt\/wp-json\/wp\/v2\/comments?post=19984"}],"wp:featuredmedia":[{"embeddable":true,"href":"https:\/\/cultivers.es\/pt-pt\/wp-json\/wp\/v2\/media\/15417"}],"wp:attachment":[{"href":"https:\/\/cultivers.es\/pt-pt\/wp-json\/wp\/v2\/media?parent=19984"}],"wp:term":[{"taxonomy":"product_brand","embeddable":true,"href":"https:\/\/cultivers.es\/pt-pt\/wp-json\/wp\/v2\/product_brand?post=19984"},{"taxonomy":"product_cat","embeddable":true,"href":"https:\/\/cultivers.es\/pt-pt\/wp-json\/wp\/v2\/product_cat?post=19984"},{"taxonomy":"product_tag","embeddable":true,"href":"https:\/\/cultivers.es\/pt-pt\/wp-json\/wp\/v2\/product_tag?post=19984"}],"curies":[{"name":"wp","href":"https:\/\/api.w.org\/{rel}","templated":true}]}}