{"id":20006,"date":"2022-10-07T07:08:06","date_gmt":"2022-10-07T07:08:06","guid":{"rendered":"https:\/\/cultivers.es\/abonos\/milho-doce-organico-golden-bantam-sementes-golden-bantam\/"},"modified":"2025-09-22T05:34:54","modified_gmt":"2025-09-22T05:34:54","slug":"sementes-maiz-doce-bantao-dourado-ecologicas","status":"publish","type":"product","link":"https:\/\/cultivers.es\/pt-pt\/fertilizantes\/sementes-maiz-doce-bantao-dourado-ecologicas\/","title":{"rendered":"Sementes de milho doce Golden Bantam"},"content":{"rendered":"","protected":false},"excerpt":{"rendered":"<p><strong>O Golden Bantam Sweet Corn<\/strong> \u00e9 uma variedade cl\u00e1ssica, conhecida pelas suas espigas cheias de gr\u00e3os dourados, tenros e de sabor intensamente doce. Ideal para ser consumido grelhado, cozido ou em saladas, este milho tornou-se um dos favoritos pelo seu sabor aut\u00eantico e textura estaladi\u00e7a. \u00c9 tamb\u00e9m f\u00e1cil de cultivar e muito produtivo, o que o torna uma excelente escolha para quem procura qualidade e sabor na sua horta.  <\/p>\n<p><strong>Espigas Douradas e Doces:<\/strong> Produz feij\u00f5es amarelos profundos, com uma do\u00e7ura natural que real\u00e7a qualquer prepara\u00e7\u00e3o, desde pratos simples a receitas mais elaboradas.<\/p>\n<p><strong>Sabor aut\u00eantico e fresco:<\/strong> A sua do\u00e7ura equilibrada e a sua textura estaladi\u00e7a s\u00e3o perfeitas para apreciar o milho acabado de colher, cozinhado ou cru, em saladas.<\/p>\n<p><strong>Produtiva e resistente:<\/strong> Esta variedade garante colheitas generosas e est\u00e1veis, al\u00e9m de se adaptar a diferentes tipos de solos e climas.<\/p>\n<p><strong>Rico em nutrientes:<\/strong> Fonte de fibras, hidratos de carbono complexos, vitaminas e minerais, o milho doce fornece energia e benef\u00edcios a uma dieta equilibrada.<\/p>\n<p><strong>F\u00e1cil de cultivar:<\/strong> Adequado tanto para principiantes como para jardineiros experientes, requer pouca manuten\u00e7\u00e3o e d\u00e1 excelentes resultados.<\/p>\n<p><strong>Cultivo org\u00e2nico:<\/strong> As nossas sementes s\u00e3o 100% org\u00e2nicas, livres de pesticidas e fertilizantes qu\u00edmicos, favorecendo um jardim sustent\u00e1vel e amigo do ambiente.<\/p>\n<p>Desfruta do sabor cl\u00e1ssico e da qualidade do <strong>Golden Bantam Organic Sweet Corn<\/strong>, cultivado no teu jardim. Adiciona esta variedade \u00e0 tua planta\u00e7\u00e3o e descobre porque \u00e9 que \u00e9 a preferida dos entusiastas da cozinha e da jardinagem. <\/p>\n","protected":false},"featured_media":15422,"comment_status":"open","ping_status":"closed","template":"","meta":{"_acf_changed":false},"product_brand":[],"product_cat":[429,427],"product_tag":[1578],"class_list":{"0":"post-20006","1":"product","2":"type-product","3":"status-publish","4":"has-post-thumbnail","6":"product_cat-sementes-de-frutas-e-legumes-biologicos","7":"product_cat-sementes-organicas-2","8":"product_tag-eco","10":"first","11":"instock","12":"taxable","13":"shipping-taxable","14":"purchasable","15":"product-type-simple"},"acf":[],"_links":{"self":[{"href":"https:\/\/cultivers.es\/pt-pt\/wp-json\/wp\/v2\/product\/20006","targetHints":{"allow":["GET"]}}],"collection":[{"href":"https:\/\/cultivers.es\/pt-pt\/wp-json\/wp\/v2\/product"}],"about":[{"href":"https:\/\/cultivers.es\/pt-pt\/wp-json\/wp\/v2\/types\/product"}],"replies":[{"embeddable":true,"href":"https:\/\/cultivers.es\/pt-pt\/wp-json\/wp\/v2\/comments?post=20006"}],"wp:featuredmedia":[{"embeddable":true,"href":"https:\/\/cultivers.es\/pt-pt\/wp-json\/wp\/v2\/media\/15422"}],"wp:attachment":[{"href":"https:\/\/cultivers.es\/pt-pt\/wp-json\/wp\/v2\/media?parent=20006"}],"wp:term":[{"taxonomy":"product_brand","embeddable":true,"href":"https:\/\/cultivers.es\/pt-pt\/wp-json\/wp\/v2\/product_brand?post=20006"},{"taxonomy":"product_cat","embeddable":true,"href":"https:\/\/cultivers.es\/pt-pt\/wp-json\/wp\/v2\/product_cat?post=20006"},{"taxonomy":"product_tag","embeddable":true,"href":"https:\/\/cultivers.es\/pt-pt\/wp-json\/wp\/v2\/product_tag?post=20006"}],"curies":[{"name":"wp","href":"https:\/\/api.w.org\/{rel}","templated":true}]}}