{"id":20007,"date":"2022-10-07T07:08:06","date_gmt":"2022-10-07T07:08:06","guid":{"rendered":"https:\/\/cultivers.es\/abonos\/sementes-de-abobora-menina-com-amendoim-biologicas\/"},"modified":"2025-09-22T05:34:23","modified_gmt":"2025-09-22T05:34:23","slug":"sementes-de-abobora-amendoim-noz-da-terra-e-nozes-ecologicas","status":"publish","type":"product","link":"https:\/\/cultivers.es\/pt-pt\/fertilizantes\/sementes-de-abobora-amendoim-noz-da-terra-e-nozes-ecologicas\/","title":{"rendered":"Sementes de ab\u00f3bora-menina com amendoim"},"content":{"rendered":"","protected":false},"excerpt":{"rendered":"<p>A <strong>ab\u00f3bora Peanut Butternut<\/strong> \u00e9 uma variedade muito apreciada pela sua forma alongada, a sua pele de cor creme e a sua polpa doce e alaranjada. Esta ab\u00f3bora destaca-se pelo seu sabor suave, ligeiramente avel\u00e3, e pela sua textura cremosa, o que a torna um ingrediente perfeito para sopas, pur\u00e9s, guisados, assados e sobremesas. Al\u00e9m disso, o seu elevado valor nutritivo e as suas boas qualidades de conserva\u00e7\u00e3o tornam-na ideal para uma incorpora\u00e7\u00e3o regular numa dieta saud\u00e1vel.  <\/p>\n<p><strong>Forma alongada e polpa alaranjada:<\/strong> Produz frutos em forma de amendoim com polpa alaranjada firme e brilhante, cheia de sabor e nutrientes.<\/p>\n<p><strong>Sabor suave e doce:<\/strong> A sua do\u00e7ura natural e textura cremosa d\u00e3o um toque excecional a uma grande variedade de pratos, desde receitas tradicionais a cria\u00e7\u00f5es culin\u00e1rias modernas.<\/p>\n<p><strong>Rica em nutrientes:<\/strong> Fonte de vitaminas A, C, pot\u00e1ssio e antioxidantes, esta ab\u00f3bora contribui para uma alimenta\u00e7\u00e3o equilibrada e ben\u00e9fica para a sa\u00fade.<\/p>\n<p><strong>F\u00e1cil de cultivar:<\/strong> Resistente, produtiva e adapt\u00e1vel a diferentes tipos de solo e clima, \u00e9 adequada tanto para principiantes como para cultivadores experientes.<\/p>\n<p><strong>Cultivo org\u00e2nico:<\/strong> As nossas sementes s\u00e3o 100% org\u00e2nicas, livres de pesticidas e fertilizantes qu\u00edmicos, garantindo um jardim sustent\u00e1vel e amigo do ambiente.<\/p>\n<p>Desfruta da versatilidade, sabor e qualidade da <strong>Ab\u00f3bora Butternut Biol\u00f3gica<\/strong> diretamente da tua horta. Uma op\u00e7\u00e3o imbat\u00edvel para enriquecer os teus pratos com um toque nutritivo e delicioso. <\/p>\n","protected":false},"featured_media":15407,"comment_status":"open","ping_status":"closed","template":"","meta":{"_acf_changed":false},"product_brand":[],"product_cat":[1269,429,427],"product_tag":[1270],"class_list":{"0":"post-20007","1":"product","2":"type-product","3":"status-publish","4":"has-post-thumbnail","6":"product_cat-sementes-de-demeter","7":"product_cat-sementes-de-frutas-e-legumes-biologicos","8":"product_cat-sementes-organicas-2","9":"product_tag-demeter-pt-pt","11":"first","12":"instock","13":"taxable","14":"shipping-taxable","15":"purchasable","16":"product-type-simple"},"acf":[],"_links":{"self":[{"href":"https:\/\/cultivers.es\/pt-pt\/wp-json\/wp\/v2\/product\/20007","targetHints":{"allow":["GET"]}}],"collection":[{"href":"https:\/\/cultivers.es\/pt-pt\/wp-json\/wp\/v2\/product"}],"about":[{"href":"https:\/\/cultivers.es\/pt-pt\/wp-json\/wp\/v2\/types\/product"}],"replies":[{"embeddable":true,"href":"https:\/\/cultivers.es\/pt-pt\/wp-json\/wp\/v2\/comments?post=20007"}],"wp:featuredmedia":[{"embeddable":true,"href":"https:\/\/cultivers.es\/pt-pt\/wp-json\/wp\/v2\/media\/15407"}],"wp:attachment":[{"href":"https:\/\/cultivers.es\/pt-pt\/wp-json\/wp\/v2\/media?parent=20007"}],"wp:term":[{"taxonomy":"product_brand","embeddable":true,"href":"https:\/\/cultivers.es\/pt-pt\/wp-json\/wp\/v2\/product_brand?post=20007"},{"taxonomy":"product_cat","embeddable":true,"href":"https:\/\/cultivers.es\/pt-pt\/wp-json\/wp\/v2\/product_cat?post=20007"},{"taxonomy":"product_tag","embeddable":true,"href":"https:\/\/cultivers.es\/pt-pt\/wp-json\/wp\/v2\/product_tag?post=20007"}],"curies":[{"name":"wp","href":"https:\/\/api.w.org\/{rel}","templated":true}]}}