{"id":20011,"date":"2022-10-07T07:08:06","date_gmt":"2022-10-07T07:08:06","guid":{"rendered":"https:\/\/cultivers.es\/abonos\/sementes-de-melao-biologico-retato-degli-ortolani-sementes-de-melao-biologico\/"},"modified":"2025-09-22T04:41:48","modified_gmt":"2025-09-22T04:41:48","slug":"melao-retato-degli-ortolani-ecologico-biologico","status":"publish","type":"product","link":"https:\/\/cultivers.es\/pt-pt\/fertilizantes\/melao-retato-degli-ortolani-ecologico-biologico\/","title":{"rendered":"Sementes de mel\u00e3o Retato degli ortolani"},"content":{"rendered":"","protected":false},"excerpt":{"rendered":"<p>O <strong>mel\u00e3o Retato degli ortolani<\/strong> \u00e9 uma variedade tradicional italiana conhecida pelos seus frutos de tamanho m\u00e9dio, pele reticulada e polpa alaranjada, doce e arom\u00e1tica. O seu sabor equilibrado e refrescante, com notas ligeiramente picantes, torna-o uma escolha ideal para consumir fresco, em saladas de fruta ou em sobremesas de ver\u00e3o. Al\u00e9m disso, a sua excelente capacidade de adapta\u00e7\u00e3o a diferentes condi\u00e7\u00f5es e a sua elevada produtividade garantem colheitas abundantes de mel\u00f5es saborosos e nutritivos.  <\/p>\n<p><strong>Frutos m\u00e9dios e reticulados:<\/strong> Produz mel\u00f5es de tamanho m\u00e9dio, com uma pele reticulada carater\u00edstica e um interior laranja intenso.<\/p>\n<p><strong>Sabor Doce e Arom\u00e1tico:<\/strong> A sua polpa suculenta tem uma do\u00e7ura equilibrada, acompanhada de um aroma suave que real\u00e7a a experi\u00eancia de degusta\u00e7\u00e3o.<\/p>\n<p><strong>Textura suave e refrescante:<\/strong> Gra\u00e7as \u00e0 sua polpa firme, mas cremosa, \u00e9 perfeita para ser consumida em fatias frescas ou como parte de sobremesas e batidos.<\/p>\n<p><strong>Rico em nutrientes:<\/strong> Fornece vitaminas A e C, antioxidantes e minerais, contribuindo para uma alimenta\u00e7\u00e3o equilibrada e saud\u00e1vel.<\/p>\n<p><strong>F\u00e1cil de cultivar:<\/strong> Resistente, produtiva e adapt\u00e1vel a v\u00e1rios tipos de solo e climas, \u00e9 adequada tanto para amadores como para jardineiros experientes.<\/p>\n<p><strong>Cultivo org\u00e2nico:<\/strong> As nossas sementes s\u00e3o 100% org\u00e2nicas, livres de pesticidas e fertilizantes qu\u00edmicos, favorecendo um jardim sustent\u00e1vel e amigo do ambiente.<\/p>\n<p>Desfruta da autenticidade e da qualidade do <strong>Mel\u00e3o Biol\u00f3gico Retato degli ortolani<\/strong> diretamente da tua horta. Adiciona esta variedade \u00e0s tuas culturas e desfruta do sabor, frescura e do\u00e7ura de um mel\u00e3o tradicional e saud\u00e1vel, encomenda hoje e enriquece a tua mesa com esta deliciosa op\u00e7\u00e3o!  <\/p>\n","protected":false},"featured_media":15382,"comment_status":"open","ping_status":"closed","template":"","meta":{"_acf_changed":false},"product_brand":[],"product_cat":[429,427],"product_tag":[1578],"woo-feed-brand":[],"class_list":{"0":"post-20011","1":"product","2":"type-product","3":"status-publish","4":"has-post-thumbnail","6":"product_cat-sementes-de-frutas-e-legumes-biologicos","7":"product_cat-sementes-organicas-2","8":"product_tag-eco","10":"first","11":"instock","12":"sale","13":"taxable","14":"shipping-taxable","15":"purchasable","16":"product-type-simple"},"acf":[],"_links":{"self":[{"href":"https:\/\/cultivers.es\/pt-pt\/wp-json\/wp\/v2\/product\/20011","targetHints":{"allow":["GET"]}}],"collection":[{"href":"https:\/\/cultivers.es\/pt-pt\/wp-json\/wp\/v2\/product"}],"about":[{"href":"https:\/\/cultivers.es\/pt-pt\/wp-json\/wp\/v2\/types\/product"}],"replies":[{"embeddable":true,"href":"https:\/\/cultivers.es\/pt-pt\/wp-json\/wp\/v2\/comments?post=20011"}],"wp:featuredmedia":[{"embeddable":true,"href":"https:\/\/cultivers.es\/pt-pt\/wp-json\/wp\/v2\/media\/15382"}],"wp:attachment":[{"href":"https:\/\/cultivers.es\/pt-pt\/wp-json\/wp\/v2\/media?parent=20011"}],"wp:term":[{"taxonomy":"product_brand","embeddable":true,"href":"https:\/\/cultivers.es\/pt-pt\/wp-json\/wp\/v2\/product_brand?post=20011"},{"taxonomy":"product_cat","embeddable":true,"href":"https:\/\/cultivers.es\/pt-pt\/wp-json\/wp\/v2\/product_cat?post=20011"},{"taxonomy":"product_tag","embeddable":true,"href":"https:\/\/cultivers.es\/pt-pt\/wp-json\/wp\/v2\/product_tag?post=20011"},{"taxonomy":"woo-feed-brand","embeddable":true,"href":"https:\/\/cultivers.es\/pt-pt\/wp-json\/wp\/v2\/woo-feed-brand?post=20011"}],"curies":[{"name":"wp","href":"https:\/\/api.w.org\/{rel}","templated":true}]}}