{"id":20076,"date":"2022-07-18T08:58:26","date_gmt":"2022-07-18T08:58:26","guid":{"rendered":"https:\/\/cultivers.es\/abonos\/fertilizante-universal-com-guano-liquido\/"},"modified":"2025-09-22T05:33:10","modified_gmt":"2025-09-22T05:33:10","slug":"universal-fertilizante-com-guano-liquido","status":"publish","type":"product","link":"https:\/\/cultivers.es\/pt-pt\/fertilizantes\/universal-fertilizante-com-guano-liquido\/","title":{"rendered":"Fertilizante Universal com Guano L\u00edquido"},"content":{"rendered":"<p class=\"p2\">Fertilizante para todos os tipos de plantas com mat\u00e9ria org\u00e2nica e \u00e1cidos f\u00falvicos, elementos essenciais como N, P, K, Ca, bem como bioestimulantes naturais como beta\u00ednas, a\u00e7\u00facares, prote\u00ednas, enzimas, auxinas e vitaminas. Formulado a partir de mat\u00e9ria org\u00e2nica obtida de plantas. Melhora a rizosfera, ret\u00e9m a \u00e1gua e o oxig\u00e9nio no solo, bem como estimula o desenvolvimento dos \u00f3rg\u00e3os verdes e das flores das plantas em situa\u00e7\u00f5es adversas.  <span class=\"Apple-converted-space\"> <\/span><\/p>\n","protected":false},"excerpt":{"rendered":"<p>Fertilizante l\u00edquido com guano que aumenta a atividade dos microrganismos, o arejamento, a reten\u00e7\u00e3o de \u00e1gua e a disponibilidade de nutrientes.<\/p>\n<p>Adubo natural com NPK 4-4-4, equilibrado e f\u00e1cil de utilizar. Bioestimulante para todos os tipos de plantas e culturas.<\/p>\n<p>Dosagem: Agita bem o frasco antes de o usares e dilui 4 ml do produto em 1 litro de \u00e1gua ou carrega duas vezes na panela e depois em \u00e1gua.<\/p>\n<p>Formulado a partir de mat\u00e9ria org\u00e2nica obtida de plantas selecionadas que melhora a rizosfera, ret\u00e9m a \u00e1gua e oxigena o solo. Al\u00e9m disso, devido ao seu teor de amino\u00e1cidos, estimula o desenvolvimento dos \u00f3rg\u00e3os verdes e dos frutos, mesmo em situa\u00e7\u00f5es adversas.<\/p>\n<p>A origem natural fornece, para al\u00e9m da mat\u00e9ria org\u00e2nica e dos \u00e1cidos f\u00falvicos, elementos essenciais como N, P e K, micronutrientes, bem como subst\u00e2ncias bioestimulantes naturais como beta\u00ednas e vitaminas, refor\u00e7ando assim a flora microbiana do solo.<\/p>\n","protected":false},"featured_media":27498,"comment_status":"open","ping_status":"closed","template":"","meta":{"_acf_changed":false},"product_brand":[],"product_cat":[325,1284],"product_tag":[],"woo-feed-brand":[],"class_list":{"0":"post-20076","1":"product","2":"type-product","3":"status-publish","4":"has-post-thumbnail","6":"product_cat-fertilizantes","7":"product_cat-plantas-de-interior-e-varanda","9":"first","10":"instock","11":"taxable","12":"shipping-taxable","13":"purchasable","14":"product-type-variable"},"acf":[],"_links":{"self":[{"href":"https:\/\/cultivers.es\/pt-pt\/wp-json\/wp\/v2\/product\/20076","targetHints":{"allow":["GET"]}}],"collection":[{"href":"https:\/\/cultivers.es\/pt-pt\/wp-json\/wp\/v2\/product"}],"about":[{"href":"https:\/\/cultivers.es\/pt-pt\/wp-json\/wp\/v2\/types\/product"}],"replies":[{"embeddable":true,"href":"https:\/\/cultivers.es\/pt-pt\/wp-json\/wp\/v2\/comments?post=20076"}],"wp:featuredmedia":[{"embeddable":true,"href":"https:\/\/cultivers.es\/pt-pt\/wp-json\/wp\/v2\/media\/27498"}],"wp:attachment":[{"href":"https:\/\/cultivers.es\/pt-pt\/wp-json\/wp\/v2\/media?parent=20076"}],"wp:term":[{"taxonomy":"product_brand","embeddable":true,"href":"https:\/\/cultivers.es\/pt-pt\/wp-json\/wp\/v2\/product_brand?post=20076"},{"taxonomy":"product_cat","embeddable":true,"href":"https:\/\/cultivers.es\/pt-pt\/wp-json\/wp\/v2\/product_cat?post=20076"},{"taxonomy":"product_tag","embeddable":true,"href":"https:\/\/cultivers.es\/pt-pt\/wp-json\/wp\/v2\/product_tag?post=20076"},{"taxonomy":"woo-feed-brand","embeddable":true,"href":"https:\/\/cultivers.es\/pt-pt\/wp-json\/wp\/v2\/woo-feed-brand?post=20076"}],"curies":[{"name":"wp","href":"https:\/\/api.w.org\/{rel}","templated":true}]}}