{"id":20079,"date":"2022-07-18T10:55:45","date_gmt":"2022-07-18T10:55:45","guid":{"rendered":"https:\/\/cultivers.es\/abonos\/fertilizante-verde-para-plantas\/"},"modified":"2025-09-22T05:19:29","modified_gmt":"2025-09-22T05:19:29","slug":"fertilizantes-plantas-verdes","status":"publish","type":"product","link":"https:\/\/cultivers.es\/pt-pt\/fertilizantes\/fertilizantes-plantas-verdes\/","title":{"rendered":"Fertilizante verde para plantas"},"content":{"rendered":"<p>O Fertilizante Verde Org\u00e2nico para Plantas \u00e9 formulado a partir de mat\u00e9ria org\u00e2nica obtida de plantas selecionadas que melhora a rizosfera, ret\u00e9m a \u00e1gua e oxigena o solo. Al\u00e9m disso, devido ao seu teor de amino\u00e1cidos, estimula o desenvolvimento de novas folhas verdes, mesmo em situa\u00e7\u00f5es adversas. Gra\u00e7as \u00e0 sua origem natural, fornece, para al\u00e9m de mat\u00e9ria org\u00e2nica e \u00e1cidos f\u00falvicos, elementos essenciais como N, P e K, micronutrientes, bem como bioestimulantes naturais como beta\u00ednas e vitaminas, refor\u00e7ando assim a flora microbiana do solo.<\/p>\n","protected":false},"excerpt":{"rendered":"<ul>\n<li>O Organic Green Plant Fertilizer \u00e9 formulado a partir de mat\u00e9ria org\u00e2nica obtida de vegetais selecionados.<\/li>\n<li>Melhora a rizosfera, ret\u00e9m a \u00e1gua e oxigena o solo.<\/li>\n<li>Al\u00e9m disso, devido ao seu teor de amino\u00e1cidos, estimula o desenvolvimento de novas folhas verdes, mesmo em situa\u00e7\u00f5es adversas.<\/li>\n<li>Gra\u00e7as \u00e0 sua origem natural, fornece, para al\u00e9m de mat\u00e9ria org\u00e2nica e \u00e1cidos f\u00falvicos, elementos indispens\u00e1veis como N, P e K, micronutrientes<\/li>\n<li>Fornece tamb\u00e9m bioestimulantes naturais, como as beta\u00ednas e as vitaminas, que, em conjunto, melhoram a flora microbiana do solo.<\/li>\n<\/ul>\n","protected":false},"featured_media":27461,"comment_status":"open","ping_status":"closed","template":"","meta":{"_acf_changed":false},"product_brand":[],"product_cat":[1284],"product_tag":[],"class_list":{"0":"post-20079","1":"product","2":"type-product","3":"status-publish","4":"has-post-thumbnail","6":"product_cat-plantas-de-interior-e-varanda","8":"first","9":"instock","10":"taxable","11":"shipping-taxable","12":"purchasable","13":"product-type-variable"},"acf":[],"_links":{"self":[{"href":"https:\/\/cultivers.es\/pt-pt\/wp-json\/wp\/v2\/product\/20079","targetHints":{"allow":["GET"]}}],"collection":[{"href":"https:\/\/cultivers.es\/pt-pt\/wp-json\/wp\/v2\/product"}],"about":[{"href":"https:\/\/cultivers.es\/pt-pt\/wp-json\/wp\/v2\/types\/product"}],"replies":[{"embeddable":true,"href":"https:\/\/cultivers.es\/pt-pt\/wp-json\/wp\/v2\/comments?post=20079"}],"wp:featuredmedia":[{"embeddable":true,"href":"https:\/\/cultivers.es\/pt-pt\/wp-json\/wp\/v2\/media\/27461"}],"wp:attachment":[{"href":"https:\/\/cultivers.es\/pt-pt\/wp-json\/wp\/v2\/media?parent=20079"}],"wp:term":[{"taxonomy":"product_brand","embeddable":true,"href":"https:\/\/cultivers.es\/pt-pt\/wp-json\/wp\/v2\/product_brand?post=20079"},{"taxonomy":"product_cat","embeddable":true,"href":"https:\/\/cultivers.es\/pt-pt\/wp-json\/wp\/v2\/product_cat?post=20079"},{"taxonomy":"product_tag","embeddable":true,"href":"https:\/\/cultivers.es\/pt-pt\/wp-json\/wp\/v2\/product_tag?post=20079"}],"curies":[{"name":"wp","href":"https:\/\/api.w.org\/{rel}","templated":true}]}}