{"id":20082,"date":"2022-07-18T11:49:28","date_gmt":"2022-07-18T11:49:28","guid":{"rendered":"https:\/\/cultivers.es\/abonos\/fertilizante-para-plantas-de-terraco-e-varanda\/"},"modified":"2025-09-22T04:45:01","modified_gmt":"2025-09-22T04:45:01","slug":"plantas-fertilizantes-para-terraco-e-varanda","status":"publish","type":"product","link":"https:\/\/cultivers.es\/pt-pt\/fertilizantes\/plantas-fertilizantes-para-terraco-e-varanda\/","title":{"rendered":"Fertilizante para plantas de terra\u00e7o e varanda"},"content":{"rendered":"","protected":false},"excerpt":{"rendered":"<p class=\"p1\">Fertilizante org\u00e2nico para plantas de terra\u00e7o e varanda. 100% Natural. <\/p>\n<p class=\"p1\">Aumenta e prolonga a flora\u00e7\u00e3o. Intensifica as cores. <\/p>\n<p class=\"p1\">Alto teor de mat\u00e9ria org\u00e2nica e \u00e1cidos f\u00falvicos. Ret\u00e9m a \u00e1gua e o oxig\u00e9nio no solo. <\/p>\n<p class=\"p1\">Estimula o desenvolvimento de novas folhas verdes e flores de plantas em situa\u00e7\u00f5es de stress.<span class=\"Apple-converted-space\"> <\/span><\/p>\n","protected":false},"featured_media":27485,"comment_status":"open","ping_status":"closed","template":"","meta":{"_acf_changed":false},"product_brand":[],"product_cat":[1284],"product_tag":[],"woo-feed-brand":[],"class_list":{"0":"post-20082","1":"product","2":"type-product","3":"status-publish","4":"has-post-thumbnail","6":"product_cat-plantas-de-interior-e-varanda","8":"first","9":"instock","10":"taxable","11":"shipping-taxable","12":"purchasable","13":"product-type-variable"},"acf":[],"_links":{"self":[{"href":"https:\/\/cultivers.es\/pt-pt\/wp-json\/wp\/v2\/product\/20082","targetHints":{"allow":["GET"]}}],"collection":[{"href":"https:\/\/cultivers.es\/pt-pt\/wp-json\/wp\/v2\/product"}],"about":[{"href":"https:\/\/cultivers.es\/pt-pt\/wp-json\/wp\/v2\/types\/product"}],"replies":[{"embeddable":true,"href":"https:\/\/cultivers.es\/pt-pt\/wp-json\/wp\/v2\/comments?post=20082"}],"wp:featuredmedia":[{"embeddable":true,"href":"https:\/\/cultivers.es\/pt-pt\/wp-json\/wp\/v2\/media\/27485"}],"wp:attachment":[{"href":"https:\/\/cultivers.es\/pt-pt\/wp-json\/wp\/v2\/media?parent=20082"}],"wp:term":[{"taxonomy":"product_brand","embeddable":true,"href":"https:\/\/cultivers.es\/pt-pt\/wp-json\/wp\/v2\/product_brand?post=20082"},{"taxonomy":"product_cat","embeddable":true,"href":"https:\/\/cultivers.es\/pt-pt\/wp-json\/wp\/v2\/product_cat?post=20082"},{"taxonomy":"product_tag","embeddable":true,"href":"https:\/\/cultivers.es\/pt-pt\/wp-json\/wp\/v2\/product_tag?post=20082"},{"taxonomy":"woo-feed-brand","embeddable":true,"href":"https:\/\/cultivers.es\/pt-pt\/wp-json\/wp\/v2\/woo-feed-brand?post=20082"}],"curies":[{"name":"wp","href":"https:\/\/api.w.org\/{rel}","templated":true}]}}