{"id":20085,"date":"2022-05-30T13:29:06","date_gmt":"2022-05-30T13:29:06","guid":{"rendered":"https:\/\/cultivers.es\/abonos\/tripla-acao-pronta-a-utilizar\/"},"modified":"2026-03-19T07:05:18","modified_gmt":"2026-03-19T07:05:18","slug":"tripla-acao-pronta-a-usar","status":"publish","type":"product","link":"https:\/\/cultivers.es\/pt-pt\/fertilizantes\/tripla-acao-pronta-a-usar\/","title":{"rendered":"Tripla a\u00e7\u00e3o pronta a utilizar"},"content":{"rendered":"","protected":false},"excerpt":{"rendered":"<p><span class=\"a-list-item\">Tratamento Ecol\u00f3gico Tripla A\u00e7\u00e3o inseticida, fungicida e acaricida, actua eliminando insectos, \u00e1caros e fungos.<\/span><\/p>\n<p><span class=\"a-list-item\">Actua na planta proporcionando uma tripla a\u00e7\u00e3o protetora contra o ataque de pragas e doen\u00e7as.<\/span><\/p>\n<p><span class=\"a-list-item\">Modo de usar: Pulveriza diretamente sobre a planta, a uma dist\u00e2ncia de aproximadamente 30 cm. Recomenda-se aplicar sempre ao entardecer, evitando as horas de maior radia\u00e7\u00e3o solar, molhando sempre bem toda a superf\u00edcie das folhas, sem pingar o produto. <\/span><\/p>\n<p><span class=\"a-list-item\">De acordo com o relat\u00f3rio SANTE\/11809\/2016, pode ser aplicado em: Pulg\u00f5es, \u00c1caros: favas, videiras; Tra\u00e7a da couve; Carpocapsa Manzano; Cole\u00f3pteros e tra\u00e7as em br\u00e1ssicas. Fungos: o\u00eddio, m\u00edldio, alternaria, mon\u00edlia, botrytis, pythium, fungos radiculares, enrolamento das folhas, mon\u00edlia. <\/span><\/p>\n<p><span class=\"a-list-item\">Para plantas de interior e exterior. Produtos 100% naturais. <\/span><\/p>\n","protected":false},"featured_media":27511,"comment_status":"open","ping_status":"closed","template":"","meta":{"_acf_changed":false},"product_brand":[],"product_cat":[355,614,629,545,544,631,1284,630,618,512,628,513,366],"product_tag":[],"class_list":{"0":"post-20085","1":"product","2":"type-product","3":"status-publish","4":"has-post-thumbnail","6":"product_cat-bonsai-pt-pt","7":"product_cat-bioprotectores","8":"product_cat-geranios-pt-pt","9":"product_cat-hortensias-pt-pt","10":"product_cat-orquideas","11":"product_cat-plantas-de-interior-pt-pt","12":"product_cat-plantas-de-interior-e-varanda","13":"product_cat-plantas-ornamentais","14":"product_cat-pomar","15":"product_cat-protecao-das-culturas-e-das-plantas","16":"product_cat-roseiras","17":"product_cat-substancias-de-base","18":"product_cat-tomates-pt-pt","20":"first","21":"instock","22":"featured","23":"taxable","24":"shipping-taxable","25":"purchasable","26":"product-type-variable"},"acf":[],"_links":{"self":[{"href":"https:\/\/cultivers.es\/pt-pt\/wp-json\/wp\/v2\/product\/20085","targetHints":{"allow":["GET"]}}],"collection":[{"href":"https:\/\/cultivers.es\/pt-pt\/wp-json\/wp\/v2\/product"}],"about":[{"href":"https:\/\/cultivers.es\/pt-pt\/wp-json\/wp\/v2\/types\/product"}],"replies":[{"embeddable":true,"href":"https:\/\/cultivers.es\/pt-pt\/wp-json\/wp\/v2\/comments?post=20085"}],"wp:featuredmedia":[{"embeddable":true,"href":"https:\/\/cultivers.es\/pt-pt\/wp-json\/wp\/v2\/media\/27511"}],"wp:attachment":[{"href":"https:\/\/cultivers.es\/pt-pt\/wp-json\/wp\/v2\/media?parent=20085"}],"wp:term":[{"taxonomy":"product_brand","embeddable":true,"href":"https:\/\/cultivers.es\/pt-pt\/wp-json\/wp\/v2\/product_brand?post=20085"},{"taxonomy":"product_cat","embeddable":true,"href":"https:\/\/cultivers.es\/pt-pt\/wp-json\/wp\/v2\/product_cat?post=20085"},{"taxonomy":"product_tag","embeddable":true,"href":"https:\/\/cultivers.es\/pt-pt\/wp-json\/wp\/v2\/product_tag?post=20085"}],"curies":[{"name":"wp","href":"https:\/\/api.w.org\/{rel}","templated":true}]}}