{"id":20094,"date":"2022-06-06T11:06:52","date_gmt":"2022-06-06T11:06:52","guid":{"rendered":"https:\/\/cultivers.es\/abonos\/bicarbonato-de-potassio\/"},"modified":"2025-09-22T05:32:47","modified_gmt":"2025-09-22T05:32:47","slug":"bicarbonato-de-potassio","status":"publish","type":"product","link":"https:\/\/cultivers.es\/pt-pt\/fertilizantes\/bicarbonato-de-potassio\/","title":{"rendered":"Bicarbonato de pot\u00e1ssio"},"content":{"rendered":"<p>O Bicarbonato de Pot\u00e1ssio \u00e9 um fungicida de contacto natural e um fungicida de largo espetro para o controlo do m\u00edldio cinzento e de outras doen\u00e7as f\u00fangicas das plantas em geral. Impede o crescimento de fungos patog\u00e9nicos na folhagem, alterando os processos de regula\u00e7\u00e3o da press\u00e3o osm\u00f3tica, o que resulta na destrui\u00e7\u00e3o das paredes celulares do agente patog\u00e9nico. \u00c9 utilizado como aplica\u00e7\u00e3o foliar, utilizando um volume de \u00e1gua suficiente para garantir a cobertura completa de todos os caules e folhagens. Recomenda-se a aplica\u00e7\u00e3o semanal durante os per\u00edodos de maior incid\u00eancia de doen\u00e7as ou quando as condi\u00e7\u00f5es para o desenvolvimento de doen\u00e7as s\u00e3o maiores. Ap\u00f3s tr\u00eas aplica\u00e7\u00f5es, a concentra\u00e7\u00e3o ou a frequ\u00eancia de aplica\u00e7\u00e3o pode ser reduzida para evitar doen\u00e7as.<\/p>\n","protected":false},"excerpt":{"rendered":"<div id=\"featurebullets_feature_div\" class=\"celwidget\" data-feature-name=\"featurebullets\" data-csa-c-id=\"t9itx4-id1tls-hbafvb-t0tgph\" data-cel-widget=\"featurebullets_feature_div\">\n<div id=\"feature-bullets\" class=\"a-section a-spacing-medium a-spacing-top-small\">\n<ul class=\"a-unordered-list a-vertical a-spacing-mini\">\n<li><span class=\"a-list-item\">100% de bicarbonato de pot\u00e1ssio<\/span><\/li>\n<\/ul>\n<\/div>\n<\/div>\n","protected":false},"featured_media":14962,"comment_status":"open","ping_status":"closed","template":"","meta":{"_acf_changed":false},"product_brand":[],"product_cat":[614,613,512,513],"product_tag":[],"woo-feed-brand":[],"class_list":{"0":"post-20094","1":"product","2":"type-product","3":"status-publish","4":"has-post-thumbnail","6":"product_cat-bioprotectores","7":"product_cat-correctores-de-deficiencias","8":"product_cat-protecao-das-culturas-e-das-plantas","9":"product_cat-substancias-de-base","11":"first","12":"instock","13":"taxable","14":"shipping-taxable","15":"purchasable","16":"product-type-variable"},"acf":[],"_links":{"self":[{"href":"https:\/\/cultivers.es\/pt-pt\/wp-json\/wp\/v2\/product\/20094","targetHints":{"allow":["GET"]}}],"collection":[{"href":"https:\/\/cultivers.es\/pt-pt\/wp-json\/wp\/v2\/product"}],"about":[{"href":"https:\/\/cultivers.es\/pt-pt\/wp-json\/wp\/v2\/types\/product"}],"replies":[{"embeddable":true,"href":"https:\/\/cultivers.es\/pt-pt\/wp-json\/wp\/v2\/comments?post=20094"}],"wp:featuredmedia":[{"embeddable":true,"href":"https:\/\/cultivers.es\/pt-pt\/wp-json\/wp\/v2\/media\/14962"}],"wp:attachment":[{"href":"https:\/\/cultivers.es\/pt-pt\/wp-json\/wp\/v2\/media?parent=20094"}],"wp:term":[{"taxonomy":"product_brand","embeddable":true,"href":"https:\/\/cultivers.es\/pt-pt\/wp-json\/wp\/v2\/product_brand?post=20094"},{"taxonomy":"product_cat","embeddable":true,"href":"https:\/\/cultivers.es\/pt-pt\/wp-json\/wp\/v2\/product_cat?post=20094"},{"taxonomy":"product_tag","embeddable":true,"href":"https:\/\/cultivers.es\/pt-pt\/wp-json\/wp\/v2\/product_tag?post=20094"},{"taxonomy":"woo-feed-brand","embeddable":true,"href":"https:\/\/cultivers.es\/pt-pt\/wp-json\/wp\/v2\/woo-feed-brand?post=20094"}],"curies":[{"name":"wp","href":"https:\/\/api.w.org\/{rel}","templated":true}]}}