{"id":20105,"date":"2022-07-13T12:02:22","date_gmt":"2022-07-13T12:02:22","guid":{"rendered":"https:\/\/cultivers.es\/abonos\/quitosano\/"},"modified":"2026-03-19T07:05:14","modified_gmt":"2026-03-19T07:05:14","slug":"quitosana","status":"publish","type":"product","link":"https:\/\/cultivers.es\/pt-pt\/fertilizantes\/quitosana\/","title":{"rendered":"Quitosano"},"content":{"rendered":"<p>O quitosano protege as culturas contra ataques de agentes patog\u00e9nicos e pragas, melhora a qualidade das culturas e mant\u00e9m a estabilidade do rendimento durante o armazenamento p\u00f3s-colheita.<\/p>\n<p>Elicitor ativador da autodefesa das plantas. Reduz as aberturas dos estomas para evitar o ataque de agentes patog\u00e9nicos.<\/p>\n<p>Ativador dos mecanismos de defesa das plantas. Provoca um falso stress na planta, confundindo a presen\u00e7a do produto com a proximidade de um agente patog\u00e9nico pronto a atac\u00e1-la. Desencadeia o mecanismo de autodefesa da planta.<\/p>\n<p>Elemento importante de defesa, permitindo a entrada de c\u00e1lcio na c\u00e9lula. Manuten\u00e7\u00e3o da turgesc\u00eancia e firmeza dos frutos na p\u00f3s-colheita.<\/p>\n<p>Ativa a forma\u00e7\u00e3o de barreiras f\u00edsicas, ativa a forma\u00e7\u00e3o de ra\u00edzes secund\u00e1rias e p\u00ealos radiculares em plantas adultas, ativa a adsor\u00e7\u00e3o de micronutrientes.<\/p>\n<p>Pode ser utilizado como revestimento de sementes, para conserva\u00e7\u00e3o durante o armazenamento e na liberta\u00e7\u00e3o de sistemas de fertilizantes.<\/p>\n","protected":false},"excerpt":{"rendered":"<p>Preventivo e curativo. <span class=\"original-content\">Elicitor<\/span>, indutor de resist\u00eancia a fungos e bact\u00e9rias, estimulando os mecanismos naturais de defesa da planta.<\/p>\n<div class=\"error-span misspelling tooltipstered\" data-errorword=\"Elicitor\">\u00c9 extra\u00eddo da quitina, de origem natural, utilizando como mat\u00e9ria-prima os exoesqueletos de crust\u00e1ceos marinhos. Culturas: \u00c1rvores de fruto, culturas hort\u00edcolas, gram\u00edneas, c\u00e2nhamo e sementes. <\/div>\n<div data-errorword=\"Elicitor\"><\/div>\n<div class=\"error-span misspelling tooltipstered\" data-errorword=\"Elicitor\">Estimula o crescimento, a produ\u00e7\u00e3o de ra\u00edzes, a absor\u00e7\u00e3o de nutrientes e a flora\u00e7\u00e3o.<\/div>\n<div data-errorword=\"Elicitor\"><\/div>\n<div class=\"error-span misspelling tooltipstered\" data-errorword=\"Elicitor\">Dosagem: 5 ml\/l. Aplicar desde o desenvolvimento da primeira folha at\u00e9 ao desenvolvimento do fruto. Sementes: Aplicar por imers\u00e3o ou pulveriza\u00e7\u00e3o no tratamento de sementes antes da sementeira.  <\/div>\n","protected":false},"featured_media":54217,"comment_status":"open","ping_status":"closed","template":"","meta":{"_acf_changed":false},"product_brand":[],"product_cat":[620,497,614,355,528,324,629,545,529,544,630,618,512,351,628,513,366,619],"product_tag":[],"class_list":{"0":"post-20105","1":"product","2":"type-product","3":"status-publish","4":"has-post-thumbnail","6":"product_cat-arvores-de-fruto","7":"product_cat-bioestimulantes-pt-pt","8":"product_cat-bioprotectores","9":"product_cat-bonsai-pt-pt","10":"product_cat-citrinos","11":"product_cat-coniferas-e-sebes","12":"product_cat-geranios-pt-pt","13":"product_cat-hortensias-pt-pt","14":"product_cat-oliveira","15":"product_cat-orquideas","16":"product_cat-plantas-ornamentais","17":"product_cat-pomar","18":"product_cat-protecao-das-culturas-e-das-plantas","19":"product_cat-relvado","20":"product_cat-roseiras","21":"product_cat-substancias-de-base","22":"product_cat-tomates-pt-pt","23":"product_cat-tropical-pt-pt","25":"first","26":"instock","27":"taxable","28":"shipping-taxable","29":"purchasable","30":"product-type-variable"},"acf":[],"_links":{"self":[{"href":"https:\/\/cultivers.es\/pt-pt\/wp-json\/wp\/v2\/product\/20105","targetHints":{"allow":["GET"]}}],"collection":[{"href":"https:\/\/cultivers.es\/pt-pt\/wp-json\/wp\/v2\/product"}],"about":[{"href":"https:\/\/cultivers.es\/pt-pt\/wp-json\/wp\/v2\/types\/product"}],"replies":[{"embeddable":true,"href":"https:\/\/cultivers.es\/pt-pt\/wp-json\/wp\/v2\/comments?post=20105"}],"wp:featuredmedia":[{"embeddable":true,"href":"https:\/\/cultivers.es\/pt-pt\/wp-json\/wp\/v2\/media\/54217"}],"wp:attachment":[{"href":"https:\/\/cultivers.es\/pt-pt\/wp-json\/wp\/v2\/media?parent=20105"}],"wp:term":[{"taxonomy":"product_brand","embeddable":true,"href":"https:\/\/cultivers.es\/pt-pt\/wp-json\/wp\/v2\/product_brand?post=20105"},{"taxonomy":"product_cat","embeddable":true,"href":"https:\/\/cultivers.es\/pt-pt\/wp-json\/wp\/v2\/product_cat?post=20105"},{"taxonomy":"product_tag","embeddable":true,"href":"https:\/\/cultivers.es\/pt-pt\/wp-json\/wp\/v2\/product_tag?post=20105"}],"curies":[{"name":"wp","href":"https:\/\/api.w.org\/{rel}","templated":true}]}}