{"id":20156,"date":"2022-04-09T03:50:52","date_gmt":"2022-04-09T03:50:52","guid":{"rendered":"https:\/\/cultivers.es\/abonos\/nfixer\/"},"modified":"2025-09-22T05:49:01","modified_gmt":"2025-09-22T05:49:01","slug":"nfixer","status":"publish","type":"product","link":"https:\/\/cultivers.es\/pt-pt\/fertilizantes\/nfixer\/","title":{"rendered":"Nfixer"},"content":{"rendered":"","protected":false},"excerpt":{"rendered":"<p>Biofertilizante para a regenera\u00e7\u00e3o do solo e bioestimulante do crescimento das plantas, formulado com microrganismos do solo (nitrificantes, fosforizantes, proteol\u00edticos e celulol\u00edticos).<br \/>\nFixador biol\u00f3gico (simbi\u00f3tico e n\u00e3o simbi\u00f3tico) de azoto molecular, transformando-o em azoto assimil\u00e1vel pelas plantas. Em geral, favorece a incorpora\u00e7\u00e3o de nutrientes pela planta.<br \/>\nDevido \u00e0 sua composi\u00e7\u00e3o, \u00e9 capaz de estimular a forma\u00e7\u00e3o de um sistema radicular abundante, bem como influenciar diretamente o crescimento vegetativo da planta.<br \/>\nProduto biol\u00f3gico natural, n\u00e3o t\u00f3xico, cuja utiliza\u00e7\u00e3o n\u00e3o implica qualquer risco para a sa\u00fade e o ambiente.<\/p>\n","protected":false},"featured_media":29198,"comment_status":"open","ping_status":"closed","template":"","meta":{"_acf_changed":false},"product_brand":[],"product_cat":[353],"product_tag":[],"woo-feed-brand":[],"class_list":{"0":"post-20156","1":"product","2":"type-product","3":"status-publish","4":"has-post-thumbnail","6":"product_cat-jardinagem-biologica-profissional","8":"first","9":"instock","10":"taxable","11":"shipping-taxable","12":"purchasable","13":"product-type-variable"},"acf":[],"_links":{"self":[{"href":"https:\/\/cultivers.es\/pt-pt\/wp-json\/wp\/v2\/product\/20156","targetHints":{"allow":["GET"]}}],"collection":[{"href":"https:\/\/cultivers.es\/pt-pt\/wp-json\/wp\/v2\/product"}],"about":[{"href":"https:\/\/cultivers.es\/pt-pt\/wp-json\/wp\/v2\/types\/product"}],"replies":[{"embeddable":true,"href":"https:\/\/cultivers.es\/pt-pt\/wp-json\/wp\/v2\/comments?post=20156"}],"wp:featuredmedia":[{"embeddable":true,"href":"https:\/\/cultivers.es\/pt-pt\/wp-json\/wp\/v2\/media\/29198"}],"wp:attachment":[{"href":"https:\/\/cultivers.es\/pt-pt\/wp-json\/wp\/v2\/media?parent=20156"}],"wp:term":[{"taxonomy":"product_brand","embeddable":true,"href":"https:\/\/cultivers.es\/pt-pt\/wp-json\/wp\/v2\/product_brand?post=20156"},{"taxonomy":"product_cat","embeddable":true,"href":"https:\/\/cultivers.es\/pt-pt\/wp-json\/wp\/v2\/product_cat?post=20156"},{"taxonomy":"product_tag","embeddable":true,"href":"https:\/\/cultivers.es\/pt-pt\/wp-json\/wp\/v2\/product_tag?post=20156"},{"taxonomy":"woo-feed-brand","embeddable":true,"href":"https:\/\/cultivers.es\/pt-pt\/wp-json\/wp\/v2\/woo-feed-brand?post=20156"}],"curies":[{"name":"wp","href":"https:\/\/api.w.org\/{rel}","templated":true}]}}