{"id":20165,"date":"2022-05-30T12:22:09","date_gmt":"2022-05-30T12:22:09","guid":{"rendered":"https:\/\/cultivers.es\/abonos\/ativador-de-biochar\/"},"modified":"2025-09-22T05:04:49","modified_gmt":"2025-09-22T05:04:49","slug":"ativador-biocarvao","status":"publish","type":"product","link":"https:\/\/cultivers.es\/pt-pt\/fertilizantes\/ativador-biocarvao\/","title":{"rendered":"Ativador de Biochar"},"content":{"rendered":"<p>CULTIVERS O Ativador de Biochar foi especialmente concebido para completar o processo de cria\u00e7\u00e3o do Biochar. Ao adicionar o ativador ao Biochar vamos potenciar o seu efeito, o teu solo vai come\u00e7ar a sarar corretamente. Um Biochar bem ativado ir\u00e1 regenerar o teu solo e criar o conhecido PRETTY SOIL. Conseguir\u00e1s criar um solo f\u00e9rtil e saud\u00e1vel para o crescimento \u00f3timo das tuas plantas, seja na tua horta, jardim urbano, \u00e1rvores ou vasos&#8230; As tuas plantas agradecer\u00e3o. Regenera, aumenta a fertilidade do solo. Aumenta o arejamento e a produ\u00e7\u00e3o das culturas. Melhora a estrutura e a textura. Regulador do pH de solos muito \u00e1cidos, melhora as suas propriedades f\u00edsicas e qu\u00edmicas e tem a capacidade de amortecer as mudan\u00e7as bruscas de temperatura. Usos e benef\u00edcios: Vasos (plantas mais vigorosas e melhora a flora\u00e7\u00e3o) | Relvados (mais verdes com menos \u00e1gua). | Horticultura (mais produ\u00e7\u00e3o, menos doen\u00e7as). | \u00c1rvores (melhora a resist\u00eancia a doen\u00e7as e aumenta o crescimento). | Compostagem (acelera o processo de compostagem, aumenta os nutrientes e os microrganismos) Ret\u00e9m os nutrientes durante mais tempo, potenciando o crescimento das tuas plantas. Melhora a reten\u00e7\u00e3o de \u00e1gua nos solos. Elevada capacidade de reten\u00e7\u00e3o de \u00e1gua, o que melhora a irriga\u00e7\u00e3o das ra\u00edzes e permite a capta\u00e7\u00e3o e reten\u00e7\u00e3o de nutrientes, pois reduz as perdas por lixivia\u00e7\u00e3o. Ativa as defesas naturais das plantas, melhorando o sistema imunit\u00e1rio. Plantas e \u00e1rvores mais saud\u00e1veis. Contribui para o sequestro de carbono na atmosfera, j\u00e1 que armazena mais de tr\u00eas vezes o seu peso em CO2. Reduz as emiss\u00f5es de gases com efeito de estufa.                 <\/p>\n","protected":false},"excerpt":{"rendered":"<p>Mistura com Biochar Charcoal. De Cultivers. Aumenta o efeito do biochar.<\/p>\n<p>Regenera, aumenta a fertilidade do solo. Aumenta o arejamento e a produ\u00e7\u00e3o das culturas. Melhora a estrutura e a textura do solo.<\/p>\n<p>Regulador do pH dos solos muito \u00e1cidos, melhora as suas propriedades f\u00edsicas e qu\u00edmicas e tem a capacidade de amortecer as mudan\u00e7as bruscas de temperatura.<\/p>\n<p>Melhora a reten\u00e7\u00e3o de \u00e1gua nos solos. Elevada capacidade de reten\u00e7\u00e3o de \u00e1gua, o que melhora a irriga\u00e7\u00e3o das ra\u00edzes e permite a absor\u00e7\u00e3o e reten\u00e7\u00e3o de nutrientes, uma vez que reduz as perdas por lixivia\u00e7\u00e3o.<\/p>\n<p>Usos e benef\u00edcios: Vasos (plantas mais vigorosas e aumenta a flora\u00e7\u00e3o) | Relvados (mais verdes com menos \u00e1gua). | Horticultura (mais produ\u00e7\u00e3o, menos doen\u00e7as). | \u00c1rvores (Melhora a resist\u00eancia \u00e0s doen\u00e7as e aumenta o crescimento das \u00e1rvores). | Compostagem (acelera o processo de compostagem, aumenta os nutrientes e os microrganismos) Ret\u00e9m os nutrientes durante mais tempo, aumentando o crescimento das tuas plantas.<\/p>\n","protected":false},"featured_media":14827,"comment_status":"open","ping_status":"closed","template":"","meta":{"_acf_changed":false},"product_brand":[],"product_cat":[406],"product_tag":[],"woo-feed-brand":[],"class_list":{"0":"post-20165","1":"product","2":"type-product","3":"status-publish","4":"has-post-thumbnail","6":"product_cat-regeneradores-de-solos","8":"first","9":"instock","10":"taxable","11":"shipping-taxable","12":"purchasable","13":"product-type-variable"},"acf":[],"_links":{"self":[{"href":"https:\/\/cultivers.es\/pt-pt\/wp-json\/wp\/v2\/product\/20165","targetHints":{"allow":["GET"]}}],"collection":[{"href":"https:\/\/cultivers.es\/pt-pt\/wp-json\/wp\/v2\/product"}],"about":[{"href":"https:\/\/cultivers.es\/pt-pt\/wp-json\/wp\/v2\/types\/product"}],"replies":[{"embeddable":true,"href":"https:\/\/cultivers.es\/pt-pt\/wp-json\/wp\/v2\/comments?post=20165"}],"wp:featuredmedia":[{"embeddable":true,"href":"https:\/\/cultivers.es\/pt-pt\/wp-json\/wp\/v2\/media\/14827"}],"wp:attachment":[{"href":"https:\/\/cultivers.es\/pt-pt\/wp-json\/wp\/v2\/media?parent=20165"}],"wp:term":[{"taxonomy":"product_brand","embeddable":true,"href":"https:\/\/cultivers.es\/pt-pt\/wp-json\/wp\/v2\/product_brand?post=20165"},{"taxonomy":"product_cat","embeddable":true,"href":"https:\/\/cultivers.es\/pt-pt\/wp-json\/wp\/v2\/product_cat?post=20165"},{"taxonomy":"product_tag","embeddable":true,"href":"https:\/\/cultivers.es\/pt-pt\/wp-json\/wp\/v2\/product_tag?post=20165"},{"taxonomy":"woo-feed-brand","embeddable":true,"href":"https:\/\/cultivers.es\/pt-pt\/wp-json\/wp\/v2\/woo-feed-brand?post=20165"}],"curies":[{"name":"wp","href":"https:\/\/api.w.org\/{rel}","templated":true}]}}