{"id":20167,"date":"2022-05-18T18:09:08","date_gmt":"2022-05-18T18:09:08","guid":{"rendered":"https:\/\/cultivers.es\/abonos\/biochar-carvao-vegetal\/"},"modified":"2025-09-22T05:05:35","modified_gmt":"2025-09-22T05:05:35","slug":"biocarvao","status":"publish","type":"product","link":"https:\/\/cultivers.es\/pt-pt\/fertilizantes\/biocarvao\/","title":{"rendered":"Biochar Carv\u00e3o vegetal"},"content":{"rendered":"<div id=\"productDescription_feature_div\" class=\"celwidget\" data-feature-name=\"productDescription\" data-csa-c-id=\"ezhmd6-cdq9ug-lytc4t-o24nf9\" data-cel-widget=\"productDescription_feature_div\">\n<div id=\"productDescription_feature_div\" class=\"a-row feature\" data-feature-name=\"productDescription\" data-template-name=\"productDescription\" data-cel-widget=\"productDescription_feature_div\">\n<div id=\"productDescription\" class=\"a-section a-spacing-small\">\n<p>5L = 1kg<br \/>\n20L = 4kg<\/p>\n<p>Vasos: -Transplante: 15% com um meio de planta\u00e7\u00e3o ou coloca no fundo do vaso. -Aplica duas colheres de sopa no vaso. Plantas hort\u00edcolas: mexe 0,5 l\/m2 \u00c1rvores e \u00e1rvores de fruto: 3 a 5 l no fundo da cova de planta\u00e7\u00e3o, cobre e rega abundantemente. Relvados: 0,5 l\/m2 e rega abundantemente. Composto: Aplica camadas finas sobre os restos de mat\u00e9ria org\u00e2nica. Recomenda-se a aplica\u00e7\u00e3o de um ativador ou de h\u00famus de minhoca.     <\/p>\n<\/div>\n<\/div>\n<\/div>\n<div id=\"importantInformation_feature_div\" class=\"celwidget\" data-feature-name=\"importantInformation\" data-csa-c-id=\"axi35v-jtisgk-4nbqoz-1n98yu\" data-cel-widget=\"importantInformation_feature_div\"><\/div>\n<div id=\"postPurchaseWhatsInTheBox_feature_div\" class=\"celwidget\" data-feature-name=\"postPurchaseWhatsInTheBox\" data-csa-c-id=\"xto9uh-h4nybg-km2bdp-vij110\" data-cel-widget=\"postPurchaseWhatsInTheBox_feature_div\"><\/div>\n<div id=\"ask-dp-search_feature_div\" class=\"celwidget\" data-feature-name=\"ask-dp-search\" data-csa-c-id=\"pah4u9-uo94l3-tjd60x-4jcn9y\" data-cel-widget=\"ask-dp-search_feature_div\">\n<div id=\"ask-dp-search_feature_div\">\n<div id=\"ask-dp-search_feature_div\"><\/div>\n<\/div>\n<\/div>\n<div id=\"aplusBrandStory_feature_div\" class=\"celwidget\" data-feature-name=\"aplusBrandStory\" data-csa-c-id=\"1kyvpe-okkfhg-1cdqvg-g07ruz\" data-cel-widget=\"aplusBrandStory_feature_div\"><\/div>\n<div id=\"aplus_feature_div\" class=\"celwidget\" data-feature-name=\"aplus\" data-csa-c-id=\"c2arzf-c38nle-mnz4is-uhrnbm\" data-cel-widget=\"aplus_feature_div\"><\/div>\n<div id=\"aplus3p_feature_div\" class=\"celwidget\" data-feature-name=\"aplus3p\" data-csa-c-id=\"2vabn1-7u2m7q-o3uqny-9ocv68\" data-cel-widget=\"aplus3p_feature_div\"><\/div>\n<div id=\"aplusSustainabilityStory_feature_div\" class=\"celwidget\" data-feature-name=\"aplusSustainabilityStory\" data-csa-c-id=\"w96eio-r83m23-bz781z-cbwlos\" data-cel-widget=\"aplusSustainabilityStory_feature_div\"><\/div>\n<div id=\"similarities_feature_div\" class=\"celwidget\" data-feature-name=\"similarities\" data-csa-c-id=\"26y137-q2wmb2-ee5plh-v0uqyt\" data-cel-widget=\"similarities_feature_div\">\n<div id=\"sims-consolidated-4_feature_div\">\n<div id=\"sims-consolidated-4_feature_div\">\n<div class=\"celwidget\" data-csa-c-id=\"o9bzme-fq8bgh-gjy2c6-unszs4\" data-cel-widget=\"sims-consolidated-4_csm_instrumentation_wrapper\">\n<div id=\"DPSims_3_container\">\n<div class=\"widget-html-container\">\n<div class=\"celwidget pd_rd_w-c8wsg pf_rd_p-267a9283-8a0a-4df3-ae99-40c15c0bdc9b pf_rd_r-KQ2GNF4EZZSPFNJWDNP3 pd_rd_r-329a87f6-0630-4f6a-955e-cb2c3c052e72 pd_rd_wg-xdm5R c-f\" data-csa-c-content-id=\"amzn1.sym.267a9283-8a0a-4df3-ae99-40c15c0bdc9b\" data-csa-c-slot-id=\"sims-container-4\" data-csa-c-type=\"widget\" data-csa-c-painter=\"p13n-desktop-carousel-cards\" data-csa-c-id=\"gk19c2-fhw6t2-lz29vf-dpxaxh\" data-cel-widget=\"p13n-desktop-carousel_DPSims_3\"><\/div>\n<\/div>\n<\/div>\n<\/div>\n<\/div>\n<\/div>\n<\/div>\n","protected":false},"excerpt":{"rendered":"<div id=\"featurebullets_feature_div\" class=\"celwidget\" data-feature-name=\"featurebullets\" data-csa-c-id=\"tzkycp-t13hee-jwh7qz-h60kwq\" data-cel-widget=\"featurebullets_feature_div\">\n<div id=\"feature-bullets\" class=\"a-section a-spacing-medium a-spacing-top-small\">\n<ul class=\"a-unordered-list a-vertical a-spacing-mini\">\n<li><span class=\"a-list-item\">Regenera, aumenta a fertilidade do solo. Aumenta o arejamento e a produ\u00e7\u00e3o vegetal. Melhora a estrutura e a textura. Regulador do pH dos solos muito \u00e1cidos, melhora as suas propriedades f\u00edsicas e qu\u00edmicas e tem a capacidade de amortecer as mudan\u00e7as bruscas de temperatura.   <\/span><\/li>\n<li><span class=\"a-list-item\">Usos e benef\u00edcios: Vasos (plantas mais vigorosas e aumenta a flora\u00e7\u00e3o.) | Relvados (mais verdes com menos \u00e1gua). | Horticultura (mais produ\u00e7\u00e3o, menos doen\u00e7as). | \u00c1rvores (melhora a resist\u00eancia a doen\u00e7as e aumenta o crescimento). | Composto (acelera o processo de compostagem, aumenta os nutrientes e os microrganismos).   <\/span><\/li>\n<li><span class=\"a-list-item\">Ret\u00e9m os nutrientes durante mais tempo, o que favorece o crescimento das tuas plantas. Melhora a reten\u00e7\u00e3o de \u00e1gua no solo. O biochar tem uma elevada capacidade de reten\u00e7\u00e3o de \u00e1gua, o que melhora a irriga\u00e7\u00e3o das ra\u00edzes e permite que os nutrientes sejam capturados e retidos, uma vez que reduz as perdas por lixivia\u00e7\u00e3o.  <\/span><\/li>\n<li><span class=\"a-list-item\">Ativa as defesas naturais das plantas, melhorando o sistema imunit\u00e1rio. Plantas e \u00e1rvores mais saud\u00e1veis. <\/span><\/li>\n<li><span class=\"a-list-item\">O biochar contribui para o sequestro de carbono da atmosfera, uma vez que armazena mais do triplo do seu peso em CO\u2082, o que significa que, por cada quilo de biochar, s\u00e3o sequestrados mais de 3 quilos de CO\u2082. Redu\u00e7\u00e3o das emiss\u00f5es de gases com efeito de estufa. <\/span><\/li>\n<\/ul>\n<\/div>\n<\/div>\n<div id=\"provenanceCertifications_feature_div\" class=\"celwidget\" data-feature-name=\"provenanceCertifications\" data-csa-c-id=\"q6a46x-azrfqv-lcib9z-d00a5w\" data-cel-widget=\"provenanceCertifications_feature_div\"><\/div>\n<div id=\"bissProductSpecification_feature_div\" class=\"celwidget\" data-feature-name=\"bissProductSpecification\" data-csa-c-id=\"nudoqz-yervrd-btspom-jqqjaa\" data-cel-widget=\"bissProductSpecification_feature_div\"><\/div>\n","protected":false},"featured_media":14812,"comment_status":"open","ping_status":"closed","template":"","meta":{"_acf_changed":false},"product_brand":[],"product_cat":[631,618,406,351,366],"product_tag":[],"class_list":{"0":"post-20167","1":"product","2":"type-product","3":"status-publish","4":"has-post-thumbnail","6":"product_cat-plantas-de-interior-pt-pt","7":"product_cat-pomar","8":"product_cat-regeneradores-de-solos","9":"product_cat-relvado","10":"product_cat-tomates-pt-pt","12":"first","13":"instock","14":"taxable","15":"shipping-taxable","16":"purchasable","17":"product-type-variable"},"acf":[],"_links":{"self":[{"href":"https:\/\/cultivers.es\/pt-pt\/wp-json\/wp\/v2\/product\/20167","targetHints":{"allow":["GET"]}}],"collection":[{"href":"https:\/\/cultivers.es\/pt-pt\/wp-json\/wp\/v2\/product"}],"about":[{"href":"https:\/\/cultivers.es\/pt-pt\/wp-json\/wp\/v2\/types\/product"}],"replies":[{"embeddable":true,"href":"https:\/\/cultivers.es\/pt-pt\/wp-json\/wp\/v2\/comments?post=20167"}],"wp:featuredmedia":[{"embeddable":true,"href":"https:\/\/cultivers.es\/pt-pt\/wp-json\/wp\/v2\/media\/14812"}],"wp:attachment":[{"href":"https:\/\/cultivers.es\/pt-pt\/wp-json\/wp\/v2\/media?parent=20167"}],"wp:term":[{"taxonomy":"product_brand","embeddable":true,"href":"https:\/\/cultivers.es\/pt-pt\/wp-json\/wp\/v2\/product_brand?post=20167"},{"taxonomy":"product_cat","embeddable":true,"href":"https:\/\/cultivers.es\/pt-pt\/wp-json\/wp\/v2\/product_cat?post=20167"},{"taxonomy":"product_tag","embeddable":true,"href":"https:\/\/cultivers.es\/pt-pt\/wp-json\/wp\/v2\/product_tag?post=20167"}],"curies":[{"name":"wp","href":"https:\/\/api.w.org\/{rel}","templated":true}]}}