{"id":20260,"date":"2022-04-08T08:54:30","date_gmt":"2022-04-08T08:54:30","guid":{"rendered":"https:\/\/cultivers.es\/abonos\/acawe\/"},"modified":"2025-09-22T05:32:44","modified_gmt":"2025-09-22T05:32:44","slug":"acawe","status":"publish","type":"product","link":"https:\/\/cultivers.es\/pt-pt\/fertilizantes\/acawe\/","title":{"rendered":"Acawe"},"content":{"rendered":"<p class=\"fusion-responsive-typography-calculated\" data-fontsize=\"16\" data-lineheight=\"30.08px\">Formula\u00e7\u00e3o de amino\u00e1cidos provenientes da hidr\u00f3lise de produtos vegetais que melhora a sa\u00fade das plantas tratadas.<\/p>\n<p>Facilita o desenvolvimento das culturas e aumenta a produtividade mesmo em condi\u00e7\u00f5es adversas.<\/p>\n<p>A sua r\u00e1pida assimila\u00e7\u00e3o e transloca\u00e7\u00e3o poupa energia \u00e0 planta na s\u00edntese de prote\u00ednas, permitindo-lhe ativar fun\u00e7\u00f5es fisiol\u00f3gicas relacionadas com a germina\u00e7\u00e3o, flora\u00e7\u00e3o e frutifica\u00e7\u00e3o, aumentando a produtividade.<\/p>\n<p>Possui um aminograma perfeitamente equilibrado com efeitos positivos na fotoss\u00edntese, na poliniza\u00e7\u00e3o e na capacidade quelante.<\/p>\n","protected":false},"excerpt":{"rendered":"<p class=\"p1\">As defici\u00eancias de zinco s\u00e3o comuns devido \u00e0 baixa disponibilidade no solo devido a um pH excessivamente elevado e a condi\u00e7\u00f5es clim\u00e1ticas (seca prolongada ou precipita\u00e7\u00e3o excessiva) que reduzem a absor\u00e7\u00e3o destes nutrientes, entre outras causas.<\/p>\n<p class=\"p1\">Corrige as car\u00eancias de Zinco nas culturas e, al\u00e9m disso, o produto reduz a tens\u00e3o superficial das solu\u00e7\u00f5es fitossanit\u00e1rias \u00e0s quais se adiciona, conseguindo uma \u00f3ptima cobertura do produto em toda a superf\u00edcie das plantas.<\/p>\n<p class=\"p1\">Produto ideal para aplica\u00e7\u00e3o em citrinos, embora possa ser aplicado noutras culturas (culturas hort\u00edcolas, \u00e1rvores de fruto, videiras, pl\u00e2ntulas, etc.).<\/p>\n","protected":false},"featured_media":29210,"comment_status":"open","ping_status":"closed","template":"","meta":{"_acf_changed":false},"product_brand":[],"product_cat":[353],"product_tag":[],"woo-feed-brand":[],"class_list":{"0":"post-20260","1":"product","2":"type-product","3":"status-publish","4":"has-post-thumbnail","6":"product_cat-jardinagem-biologica-profissional","8":"first","9":"instock","10":"taxable","11":"shipping-taxable","12":"purchasable","13":"product-type-variable"},"acf":[],"_links":{"self":[{"href":"https:\/\/cultivers.es\/pt-pt\/wp-json\/wp\/v2\/product\/20260","targetHints":{"allow":["GET"]}}],"collection":[{"href":"https:\/\/cultivers.es\/pt-pt\/wp-json\/wp\/v2\/product"}],"about":[{"href":"https:\/\/cultivers.es\/pt-pt\/wp-json\/wp\/v2\/types\/product"}],"replies":[{"embeddable":true,"href":"https:\/\/cultivers.es\/pt-pt\/wp-json\/wp\/v2\/comments?post=20260"}],"wp:featuredmedia":[{"embeddable":true,"href":"https:\/\/cultivers.es\/pt-pt\/wp-json\/wp\/v2\/media\/29210"}],"wp:attachment":[{"href":"https:\/\/cultivers.es\/pt-pt\/wp-json\/wp\/v2\/media?parent=20260"}],"wp:term":[{"taxonomy":"product_brand","embeddable":true,"href":"https:\/\/cultivers.es\/pt-pt\/wp-json\/wp\/v2\/product_brand?post=20260"},{"taxonomy":"product_cat","embeddable":true,"href":"https:\/\/cultivers.es\/pt-pt\/wp-json\/wp\/v2\/product_cat?post=20260"},{"taxonomy":"product_tag","embeddable":true,"href":"https:\/\/cultivers.es\/pt-pt\/wp-json\/wp\/v2\/product_tag?post=20260"},{"taxonomy":"woo-feed-brand","embeddable":true,"href":"https:\/\/cultivers.es\/pt-pt\/wp-json\/wp\/v2\/woo-feed-brand?post=20260"}],"curies":[{"name":"wp","href":"https:\/\/api.w.org\/{rel}","templated":true}]}}