{"id":20263,"date":"2022-04-08T08:50:44","date_gmt":"2022-04-08T08:50:44","guid":{"rendered":"https:\/\/cultivers.es\/abonos\/funrex\/"},"modified":"2025-09-22T05:32:17","modified_gmt":"2025-09-22T05:32:17","slug":"funrex","status":"publish","type":"product","link":"https:\/\/cultivers.es\/pt-pt\/fertilizantes\/funrex\/","title":{"rendered":"Funrex"},"content":{"rendered":"<div class=\"fusion-text fusion-text-1\">\n<p class=\"fusion-responsive-typography-calculated\" data-fontsize=\"16\" data-lineheight=\"30.08px\">Na forma de Solu\u00e7\u00e3o de Gluconato \u00e9 um produto para corrigir as defici\u00eancias de Zinco e Mangan\u00eas com resposta imediata dos rebentos e maior rendimento das culturas.<\/p>\n<\/div>\n<div class=\"fusion-text fusion-text-2\"><\/div>\n","protected":false},"excerpt":{"rendered":"<p class=\"p1\">Efic\u00e1cia: Os i\u00f5es met\u00e1licos sequestrados pelo \u00e1cido heptagluc\u00f3nico n\u00e3o reagem com outros componentes do solo, mesmo em solos muito \u00e1cidos ou muito calc\u00e1rios.<\/p>\n<p class=\"p1\">Rapidez de a\u00e7\u00e3o: como \u00e9 derivado de um a\u00e7\u00facar natural, entra muito rapidamente no metabolismo da planta atrav\u00e9s das folhas ou das ra\u00edzes. Os efeitos ben\u00e9ficos podem ser observados 10-12 dias ap\u00f3s a aplica\u00e7\u00e3o, se a cultura tamb\u00e9m tiver sido irrigada. <\/p>\n<p class=\"p1\">Seguran\u00e7a: produto seguro e n\u00e3o causa problemas de fitotoxicidade nas culturas tratadas, quer por aplica\u00e7\u00e3o foliar quer por via radicular (inje\u00e7\u00e3o ou irriga\u00e7\u00e3o gota a gota).<\/p>\n<p class=\"p1\">Persist\u00eancia: A persist\u00eancia da a\u00e7\u00e3o depende do grau de defici\u00eancia, do m\u00e9todo de aplica\u00e7\u00e3o e da dosagem. As doses cobrem as necessidades durante todo o ciclo da cultura. <\/p>\n<p class=\"p1\">Facilidade de utiliza\u00e7\u00e3o: \u00e9 altamente sol\u00favel em \u00e1gua, pelo que n\u00e3o entope os gotejadores ou os bicos.<\/p>\n","protected":false},"featured_media":0,"comment_status":"open","ping_status":"closed","template":"","meta":{"_acf_changed":false},"product_brand":[],"product_cat":[353],"product_tag":[],"woo-feed-brand":[],"class_list":{"0":"post-20263","1":"product","2":"type-product","3":"status-publish","5":"product_cat-jardinagem-biologica-profissional","7":"first","8":"instock","9":"taxable","10":"shipping-taxable","11":"purchasable","12":"product-type-variable"},"acf":[],"_links":{"self":[{"href":"https:\/\/cultivers.es\/pt-pt\/wp-json\/wp\/v2\/product\/20263","targetHints":{"allow":["GET"]}}],"collection":[{"href":"https:\/\/cultivers.es\/pt-pt\/wp-json\/wp\/v2\/product"}],"about":[{"href":"https:\/\/cultivers.es\/pt-pt\/wp-json\/wp\/v2\/types\/product"}],"replies":[{"embeddable":true,"href":"https:\/\/cultivers.es\/pt-pt\/wp-json\/wp\/v2\/comments?post=20263"}],"wp:attachment":[{"href":"https:\/\/cultivers.es\/pt-pt\/wp-json\/wp\/v2\/media?parent=20263"}],"wp:term":[{"taxonomy":"product_brand","embeddable":true,"href":"https:\/\/cultivers.es\/pt-pt\/wp-json\/wp\/v2\/product_brand?post=20263"},{"taxonomy":"product_cat","embeddable":true,"href":"https:\/\/cultivers.es\/pt-pt\/wp-json\/wp\/v2\/product_cat?post=20263"},{"taxonomy":"product_tag","embeddable":true,"href":"https:\/\/cultivers.es\/pt-pt\/wp-json\/wp\/v2\/product_tag?post=20263"},{"taxonomy":"woo-feed-brand","embeddable":true,"href":"https:\/\/cultivers.es\/pt-pt\/wp-json\/wp\/v2\/woo-feed-brand?post=20263"}],"curies":[{"name":"wp","href":"https:\/\/api.w.org\/{rel}","templated":true}]}}