{"id":20266,"date":"2022-04-08T08:13:46","date_gmt":"2022-04-08T08:13:46","guid":{"rendered":"https:\/\/cultivers.es\/abonos\/mais-cedo\/"},"modified":"2025-09-22T05:31:30","modified_gmt":"2025-09-22T05:31:30","slug":"mais-cedo","status":"publish","type":"product","link":"https:\/\/cultivers.es\/pt-pt\/fertilizantes\/mais-cedo\/","title":{"rendered":"Mais cedo"},"content":{"rendered":"<p class=\"fusion-responsive-typography-calculated\" data-fontsize=\"28\" data-lineheight=\"35.28px\">Formula\u00e7\u00e3o de fermenta\u00e7\u00e3o biotecnol\u00f3gica, que reduz o impacto de diferentes factores bi\u00f3ticos.<\/p>\n<p>Produto de fermenta\u00e7\u00e3o biotecnol\u00f3gica formulado com Cobre, Mangan\u00eas e Zinco.<\/p>\n<p>Aumenta a defesa das culturas. Indicado para \u00e1rvores de fruto, culturas hort\u00edcolas, vinha, citrinos, arroz, olival, morangos, etc&#8230; Reduz o impacto causado pelo o\u00eddio, botrytis, pyricularia, antracnose, Alternaria, Repilo, Phytophthora. <\/p>\n<p>\u00c9 adequado para aplica\u00e7\u00f5es em ambientes de elevada humidade, variedades sens\u00edveis e doen\u00e7as persistentes.<\/p>\n<p>N\u00e3o tem per\u00edodo de seguran\u00e7a, respeita a fauna auxiliar e os polinizadores. Faz parte de programas de controlo integrado e de produ\u00e7\u00e3o biol\u00f3gica, reduzindo o n\u00famero total de ingredientes activos utilizados e diminuindo o risco de resist\u00eancia. <\/p>\n","protected":false},"excerpt":{"rendered":"<p class=\"fusion-responsive-typography-calculated\" data-fontsize=\"28\" data-lineheight=\"35.28px\">Formula\u00e7\u00e3o de fermenta\u00e7\u00e3o biotecnol\u00f3gica, que reduz o impacto de diferentes factores bi\u00f3ticos.<\/p>\n<p>Produto de fermenta\u00e7\u00e3o biotecnol\u00f3gica formulado com Cobre, Mangan\u00eas e Zinco.<\/p>\n<p>Aumenta a defesa das culturas. Indicado para \u00e1rvores de fruto, culturas hort\u00edcolas, vinha, citrinos, arroz, olival, morangos, etc&#8230; Reduz o impacto causado pelo o\u00eddio, botrytis, pyricularia, antracnose, Alternaria, Repilo, Phytophthora. <\/p>\n<p>\u00c9 adequado para aplica\u00e7\u00f5es em ambientes de elevada humidade, variedades sens\u00edveis e doen\u00e7as persistentes.<\/p>\n<p>N\u00e3o tem per\u00edodo de seguran\u00e7a, respeita a fauna auxiliar e os polinizadores. Faz parte de programas de controlo integrado e de produ\u00e7\u00e3o biol\u00f3gica, reduzindo o n\u00famero total de ingredientes activos utilizados e diminuindo o risco de resist\u00eancia. <\/p>\n","protected":false},"featured_media":29246,"comment_status":"open","ping_status":"closed","template":"","meta":{"_acf_changed":false},"product_brand":[],"product_cat":[353],"product_tag":[],"woo-feed-brand":[],"class_list":{"0":"post-20266","1":"product","2":"type-product","3":"status-publish","4":"has-post-thumbnail","6":"product_cat-jardinagem-biologica-profissional","8":"first","9":"instock","10":"taxable","11":"shipping-taxable","12":"purchasable","13":"product-type-variable"},"acf":[],"_links":{"self":[{"href":"https:\/\/cultivers.es\/pt-pt\/wp-json\/wp\/v2\/product\/20266","targetHints":{"allow":["GET"]}}],"collection":[{"href":"https:\/\/cultivers.es\/pt-pt\/wp-json\/wp\/v2\/product"}],"about":[{"href":"https:\/\/cultivers.es\/pt-pt\/wp-json\/wp\/v2\/types\/product"}],"replies":[{"embeddable":true,"href":"https:\/\/cultivers.es\/pt-pt\/wp-json\/wp\/v2\/comments?post=20266"}],"wp:featuredmedia":[{"embeddable":true,"href":"https:\/\/cultivers.es\/pt-pt\/wp-json\/wp\/v2\/media\/29246"}],"wp:attachment":[{"href":"https:\/\/cultivers.es\/pt-pt\/wp-json\/wp\/v2\/media?parent=20266"}],"wp:term":[{"taxonomy":"product_brand","embeddable":true,"href":"https:\/\/cultivers.es\/pt-pt\/wp-json\/wp\/v2\/product_brand?post=20266"},{"taxonomy":"product_cat","embeddable":true,"href":"https:\/\/cultivers.es\/pt-pt\/wp-json\/wp\/v2\/product_cat?post=20266"},{"taxonomy":"product_tag","embeddable":true,"href":"https:\/\/cultivers.es\/pt-pt\/wp-json\/wp\/v2\/product_tag?post=20266"},{"taxonomy":"woo-feed-brand","embeddable":true,"href":"https:\/\/cultivers.es\/pt-pt\/wp-json\/wp\/v2\/woo-feed-brand?post=20266"}],"curies":[{"name":"wp","href":"https:\/\/api.w.org\/{rel}","templated":true}]}}