{"id":20268,"date":"2022-04-08T08:47:13","date_gmt":"2022-04-08T08:47:13","guid":{"rendered":"https:\/\/cultivers.es\/abonos\/laranja\/"},"modified":"2026-03-19T07:05:40","modified_gmt":"2026-03-19T07:05:40","slug":"orang","status":"publish","type":"product","link":"https:\/\/cultivers.es\/pt-pt\/fertilizantes\/orang\/","title":{"rendered":"Laranja"},"content":{"rendered":"","protected":false},"excerpt":{"rendered":"<p>Mistura l\u00edquida com micronutrientes complexados (Mn e Zn) para aplica\u00e7\u00e3o foliar. Actua como complemento dos tratamentos fitossanit\u00e1rios.<br \/>\nPoderoso coadjuvante que melhora a molhabilidade, a cobertura sobre a cultura, a ader\u00eancia e a difus\u00e3o na cultura, resultando numa melhor aplica\u00e7\u00e3o fitossanit\u00e1ria. Para al\u00e9m dos benef\u00edcios acima referidos, pode proteger as culturas de potenciais agentes patog\u00e9nicos devido ao seu teor de \u00f3leo.<\/p>\n<p>Melhora a efici\u00eancia das aplica\u00e7\u00f5es fitossanit\u00e1rias, uma vez que proporciona uma melhor cobertura do l\u00edquido nas folhas das culturas.<\/p>\n","protected":false},"featured_media":29228,"comment_status":"open","ping_status":"closed","template":"","meta":{"_acf_changed":false},"product_brand":[],"product_cat":[353],"product_tag":[],"woo-feed-brand":[],"class_list":{"0":"post-20268","1":"product","2":"type-product","3":"status-publish","4":"has-post-thumbnail","6":"product_cat-jardinagem-biologica-profissional","8":"first","9":"instock","10":"taxable","11":"shipping-taxable","12":"purchasable","13":"product-type-variable"},"acf":[],"_links":{"self":[{"href":"https:\/\/cultivers.es\/pt-pt\/wp-json\/wp\/v2\/product\/20268","targetHints":{"allow":["GET"]}}],"collection":[{"href":"https:\/\/cultivers.es\/pt-pt\/wp-json\/wp\/v2\/product"}],"about":[{"href":"https:\/\/cultivers.es\/pt-pt\/wp-json\/wp\/v2\/types\/product"}],"replies":[{"embeddable":true,"href":"https:\/\/cultivers.es\/pt-pt\/wp-json\/wp\/v2\/comments?post=20268"}],"wp:featuredmedia":[{"embeddable":true,"href":"https:\/\/cultivers.es\/pt-pt\/wp-json\/wp\/v2\/media\/29228"}],"wp:attachment":[{"href":"https:\/\/cultivers.es\/pt-pt\/wp-json\/wp\/v2\/media?parent=20268"}],"wp:term":[{"taxonomy":"product_brand","embeddable":true,"href":"https:\/\/cultivers.es\/pt-pt\/wp-json\/wp\/v2\/product_brand?post=20268"},{"taxonomy":"product_cat","embeddable":true,"href":"https:\/\/cultivers.es\/pt-pt\/wp-json\/wp\/v2\/product_cat?post=20268"},{"taxonomy":"product_tag","embeddable":true,"href":"https:\/\/cultivers.es\/pt-pt\/wp-json\/wp\/v2\/product_tag?post=20268"},{"taxonomy":"woo-feed-brand","embeddable":true,"href":"https:\/\/cultivers.es\/pt-pt\/wp-json\/wp\/v2\/woo-feed-brand?post=20268"}],"curies":[{"name":"wp","href":"https:\/\/api.w.org\/{rel}","templated":true}]}}