{"id":20270,"date":"2022-04-08T08:21:44","date_gmt":"2022-04-08T08:21:44","guid":{"rendered":"https:\/\/cultivers.es\/abonos\/absorcao-e-ativacao\/"},"modified":"2025-09-22T05:49:00","modified_gmt":"2025-09-22T05:49:00","slug":"absorcao-e-ativacao","status":"publish","type":"product","link":"https:\/\/cultivers.es\/pt-pt\/fertilizantes\/absorcao-e-ativacao\/","title":{"rendered":"Absor\u00e7\u00e3o e ativa\u00e7\u00e3o"},"content":{"rendered":"<p>Formulado com mangan\u00eas de r\u00e1pida absor\u00e7\u00e3o e transloca\u00e7\u00e3o pelos tecidos vegetais, enriquecido com extractos de fermenta\u00e7\u00e3o com propriedades nutritivas e elicitoras.<br \/>\nRizo-Bacter est\u00e1 especialmente indicado para evitar ou corrigir sintomas de car\u00eancia destes elementos, prevenir anomalias no desenvolvimento das folhas e na estrutura\u00e7\u00e3o dos tecidos.<br \/>\nMelhor qualidade das colheitas. Aproveita melhor o transporte de nutrientes atrav\u00e9s do xilema-floema.<br \/>\nProduto biol\u00f3gico natural, n\u00e3o t\u00f3xico, cuja utiliza\u00e7\u00e3o n\u00e3o representa qualquer risco para a sa\u00fade e o ambiente.<\/p>\n","protected":false},"excerpt":{"rendered":"<p class=\"p1\">Formulado com mangan\u00eas que \u00e9 rapidamente absorvido e translocado pelos tecidos vegetais, enriquecido com extractos de fermenta\u00e7\u00e3o com propriedades nutricionais e elicitoras.<\/p>\n<p class=\"p1\">\u00c9 especialmente indicado para evitar ou corrigir sintomas de defici\u00eancia destes elementos, para prevenir anomalias no desenvolvimento das folhas e na estrutura\u00e7\u00e3o dos tecidos.<\/p>\n<p class=\"p1\">Melhora a qualidade das culturas. Melhor utiliza\u00e7\u00e3o do transporte de nutrientes atrav\u00e9s do xilema-floema. <\/p>\n<p class=\"p1\">Produto biol\u00f3gico natural, n\u00e3o t\u00f3xico, cuja utiliza\u00e7\u00e3o n\u00e3o apresenta qualquer risco para a sa\u00fade e o ambiente.<\/p>\n","protected":false},"featured_media":29234,"comment_status":"open","ping_status":"closed","template":"","meta":{"_acf_changed":false},"product_brand":[],"product_cat":[353],"product_tag":[],"woo-feed-brand":[],"class_list":{"0":"post-20270","1":"product","2":"type-product","3":"status-publish","4":"has-post-thumbnail","6":"product_cat-jardinagem-biologica-profissional","8":"first","9":"instock","10":"taxable","11":"shipping-taxable","12":"purchasable","13":"product-type-variable"},"acf":[],"_links":{"self":[{"href":"https:\/\/cultivers.es\/pt-pt\/wp-json\/wp\/v2\/product\/20270","targetHints":{"allow":["GET"]}}],"collection":[{"href":"https:\/\/cultivers.es\/pt-pt\/wp-json\/wp\/v2\/product"}],"about":[{"href":"https:\/\/cultivers.es\/pt-pt\/wp-json\/wp\/v2\/types\/product"}],"replies":[{"embeddable":true,"href":"https:\/\/cultivers.es\/pt-pt\/wp-json\/wp\/v2\/comments?post=20270"}],"wp:featuredmedia":[{"embeddable":true,"href":"https:\/\/cultivers.es\/pt-pt\/wp-json\/wp\/v2\/media\/29234"}],"wp:attachment":[{"href":"https:\/\/cultivers.es\/pt-pt\/wp-json\/wp\/v2\/media?parent=20270"}],"wp:term":[{"taxonomy":"product_brand","embeddable":true,"href":"https:\/\/cultivers.es\/pt-pt\/wp-json\/wp\/v2\/product_brand?post=20270"},{"taxonomy":"product_cat","embeddable":true,"href":"https:\/\/cultivers.es\/pt-pt\/wp-json\/wp\/v2\/product_cat?post=20270"},{"taxonomy":"product_tag","embeddable":true,"href":"https:\/\/cultivers.es\/pt-pt\/wp-json\/wp\/v2\/product_tag?post=20270"},{"taxonomy":"woo-feed-brand","embeddable":true,"href":"https:\/\/cultivers.es\/pt-pt\/wp-json\/wp\/v2\/woo-feed-brand?post=20270"}],"curies":[{"name":"wp","href":"https:\/\/api.w.org\/{rel}","templated":true}]}}