{"id":20271,"date":"2022-04-08T06:46:17","date_gmt":"2022-04-08T06:46:17","guid":{"rendered":"https:\/\/cultivers.es\/abonos\/onim\/"},"modified":"2025-09-22T05:31:06","modified_gmt":"2025-09-22T05:31:06","slug":"onim","status":"publish","type":"product","link":"https:\/\/cultivers.es\/pt-pt\/fertilizantes\/onim\/","title":{"rendered":"Onim"},"content":{"rendered":"<p><b>Facilita<\/b>o desenvolvimento das culturas e aumenta a produtividade mesmo em condi\u00e7\u00f5es adversas.<br \/>\nA sua r\u00e1pida assimila\u00e7\u00e3o e transloca\u00e7\u00e3o poupa energia \u00e0 planta na s\u00edntese de prote\u00ednas, permitindo-lhe ativar fun\u00e7\u00f5es fisiol\u00f3gicas relacionadas com a germina\u00e7\u00e3o, flora\u00e7\u00e3o e frutifica\u00e7\u00e3o,<br \/>\naumentando a produtividade.<br \/>\n Possui um aminograma perfeitamente equilibrado com efeitos positivos na fotoss\u00edntese, poliniza\u00e7\u00e3o e capacidade quelante.<\/p>\n","protected":false},"excerpt":{"rendered":"<p class=\"p1\">Formula\u00e7\u00e3o de amino\u00e1cidos provenientes da hidr\u00f3lise de produtos vegetais que melhora a sa\u00fade das plantas tratadas.<\/p>\n<p class=\"p1\">Facilita o desenvolvimento das culturas e aumenta a produtividade mesmo em condi\u00e7\u00f5es adversas.<\/p>\n<p class=\"p1\">A sua r\u00e1pida assimila\u00e7\u00e3o e transloca\u00e7\u00e3o poupa energia \u00e0 planta na s\u00edntese de prote\u00ednas, permitindo-lhe ativar fun\u00e7\u00f5es fisiol\u00f3gicas relacionadas com a germina\u00e7\u00e3o, flora\u00e7\u00e3o e frutifica\u00e7\u00e3o, aumentando a produtividade.<\/p>\n<p class=\"p1\">Possui um aminograma perfeitamente equilibrado com efeitos positivos na fotoss\u00edntese, na poliniza\u00e7\u00e3o e na capacidade quelante.<\/p>\n","protected":false},"featured_media":29252,"comment_status":"open","ping_status":"closed","template":"","meta":{"_acf_changed":false},"product_brand":[],"product_cat":[353],"product_tag":[],"woo-feed-brand":[],"class_list":{"0":"post-20271","1":"product","2":"type-product","3":"status-publish","4":"has-post-thumbnail","6":"product_cat-jardinagem-biologica-profissional","8":"first","9":"instock","10":"taxable","11":"shipping-taxable","12":"purchasable","13":"product-type-variable"},"acf":[],"_links":{"self":[{"href":"https:\/\/cultivers.es\/pt-pt\/wp-json\/wp\/v2\/product\/20271","targetHints":{"allow":["GET"]}}],"collection":[{"href":"https:\/\/cultivers.es\/pt-pt\/wp-json\/wp\/v2\/product"}],"about":[{"href":"https:\/\/cultivers.es\/pt-pt\/wp-json\/wp\/v2\/types\/product"}],"replies":[{"embeddable":true,"href":"https:\/\/cultivers.es\/pt-pt\/wp-json\/wp\/v2\/comments?post=20271"}],"wp:featuredmedia":[{"embeddable":true,"href":"https:\/\/cultivers.es\/pt-pt\/wp-json\/wp\/v2\/media\/29252"}],"wp:attachment":[{"href":"https:\/\/cultivers.es\/pt-pt\/wp-json\/wp\/v2\/media?parent=20271"}],"wp:term":[{"taxonomy":"product_brand","embeddable":true,"href":"https:\/\/cultivers.es\/pt-pt\/wp-json\/wp\/v2\/product_brand?post=20271"},{"taxonomy":"product_cat","embeddable":true,"href":"https:\/\/cultivers.es\/pt-pt\/wp-json\/wp\/v2\/product_cat?post=20271"},{"taxonomy":"product_tag","embeddable":true,"href":"https:\/\/cultivers.es\/pt-pt\/wp-json\/wp\/v2\/product_tag?post=20271"},{"taxonomy":"woo-feed-brand","embeddable":true,"href":"https:\/\/cultivers.es\/pt-pt\/wp-json\/wp\/v2\/woo-feed-brand?post=20271"}],"curies":[{"name":"wp","href":"https:\/\/api.w.org\/{rel}","templated":true}]}}