{"id":20289,"date":"2022-03-31T12:04:30","date_gmt":"2022-03-31T12:04:30","guid":{"rendered":"https:\/\/cultivers.es\/abonos\/rocha-fosfatica-em-bigbag-e-sacos-de-20-kg-em-palete\/"},"modified":"2025-09-22T05:20:23","modified_gmt":"2025-09-22T05:20:23","slug":"rocha-fosforica-em-saco-grande-e-sacos-de-20-kg-em-palete","status":"publish","type":"product","link":"https:\/\/cultivers.es\/pt-pt\/fertilizantes\/rocha-fosforica-em-saco-grande-e-sacos-de-20-kg-em-palete\/","title":{"rendered":"Rocha de fosfato em Bigbag e sacos de 20 kg em palete"},"content":{"rendered":"<p><strong>O fosfato de rocha<\/strong> \u00e9 uma fonte natural de f\u00f3sforo, um nutriente essencial que desempenha um papel fundamental no desenvolvimento estrutural das plantas. Este fertilizante fornece o f\u00f3sforo necess\u00e1rio para estimular uma flora\u00e7\u00e3o vigorosa, melhorar a qualidade das sementes e dos frutos e promover a forma\u00e7\u00e3o de ra\u00edzes abundantes. Um sistema radicular bem desenvolvido permite que a planta explore o solo de forma eficiente, maximizando a absor\u00e7\u00e3o de \u00e1gua e nutrientes e melhorando a produtividade das culturas.  <\/p>\n<p>O f\u00f3sforo tamb\u00e9m \u00e9 essencial na forma\u00e7\u00e3o de tecidos vasculares, que s\u00e3o essenciais para o transporte de nutrientes e \u00e1gua dentro da planta, formando uma base s\u00f3lida para um crescimento saud\u00e1vel. A defici\u00eancia de f\u00f3sforo pode restringir severamente o rendimento das culturas, pelo que a aplica\u00e7\u00e3o de fosfato de rocha \u00e9 crucial para garantir que as plantas recebem as quantidades necess\u00e1rias para um desenvolvimento \u00f3timo e uma produtividade elevada. <\/p>\n","protected":false},"excerpt":{"rendered":"<div id=\"featurebullets_feature_div\" class=\"celwidget\" data-feature-name=\"featurebullets\" data-csa-c-id=\"4ahyyv-sy679s-xptg3o-ds6j40\">\n<div id=\"feature-bullets\" class=\"a-section a-spacing-medium a-spacing-top-small\">\n<ul class=\"a-unordered-list a-vertical a-spacing-mini\">\n<li><strong>Fonte ecol\u00f3gica de f\u00f3sforo<\/strong>: A rocha fosf\u00e1tica \u00e9 uma op\u00e7\u00e3o 100% natural que fornece f\u00f3sforo de uma forma sustent\u00e1vel, ideal para pr\u00e1ticas agr\u00edcolas amigas do ambiente.<\/li>\n<li><strong>Fortalece o sistema radicular<\/strong>: Este fertilizante natural ajuda a desenvolver ra\u00edzes mais fortes e profundas, optimizando a absor\u00e7\u00e3o de nutrientes e \u00e1gua do solo.<\/li>\n<li>Promove <strong>o crescimento e a produ\u00e7\u00e3o de frutos<\/strong>: A sua utiliza\u00e7\u00e3o estimula uma flora\u00e7\u00e3o robusta e promove o desenvolvimento dos frutos em culturas de elevado rendimento, como as \u00e1rvores de fruto e de citrinos.<\/li>\n<li><strong>Aumenta a estrutura e a resist\u00eancia da planta<\/strong>: O f\u00f3sforo melhora a forma\u00e7\u00e3o de tecidos vasculares, essenciais para o transporte eficiente de nutrientes dentro da planta, o que aumenta o crescimento e a resist\u00eancia.<\/li>\n<li><strong>Alternativa sustent\u00e1vel ao f\u00f3sforo convencional<\/strong>: O fosfato de rocha oferece um fornecimento de f\u00f3sforo de liberta\u00e7\u00e3o prolongada, tornando-o uma op\u00e7\u00e3o agron\u00f3mica eficaz e amiga do ambiente para maximizar o rendimento das culturas.<\/li>\n<li>\n<\/li>\n<\/ul>\n<\/div>\n<\/div>\n","protected":false},"featured_media":14722,"comment_status":"open","ping_status":"closed","template":"","meta":{"_acf_changed":false},"product_brand":[],"product_cat":[353,788],"product_tag":[],"woo-feed-brand":[],"class_list":{"0":"post-20289","1":"product","2":"type-product","3":"status-publish","4":"has-post-thumbnail","6":"product_cat-jardinagem-biologica-profissional","7":"product_cat-sacas-pt-pt","9":"first","10":"instock","11":"taxable","12":"shipping-taxable","13":"purchasable","14":"product-type-variable"},"acf":[],"_links":{"self":[{"href":"https:\/\/cultivers.es\/pt-pt\/wp-json\/wp\/v2\/product\/20289","targetHints":{"allow":["GET"]}}],"collection":[{"href":"https:\/\/cultivers.es\/pt-pt\/wp-json\/wp\/v2\/product"}],"about":[{"href":"https:\/\/cultivers.es\/pt-pt\/wp-json\/wp\/v2\/types\/product"}],"replies":[{"embeddable":true,"href":"https:\/\/cultivers.es\/pt-pt\/wp-json\/wp\/v2\/comments?post=20289"}],"wp:featuredmedia":[{"embeddable":true,"href":"https:\/\/cultivers.es\/pt-pt\/wp-json\/wp\/v2\/media\/14722"}],"wp:attachment":[{"href":"https:\/\/cultivers.es\/pt-pt\/wp-json\/wp\/v2\/media?parent=20289"}],"wp:term":[{"taxonomy":"product_brand","embeddable":true,"href":"https:\/\/cultivers.es\/pt-pt\/wp-json\/wp\/v2\/product_brand?post=20289"},{"taxonomy":"product_cat","embeddable":true,"href":"https:\/\/cultivers.es\/pt-pt\/wp-json\/wp\/v2\/product_cat?post=20289"},{"taxonomy":"product_tag","embeddable":true,"href":"https:\/\/cultivers.es\/pt-pt\/wp-json\/wp\/v2\/product_tag?post=20289"},{"taxonomy":"woo-feed-brand","embeddable":true,"href":"https:\/\/cultivers.es\/pt-pt\/wp-json\/wp\/v2\/woo-feed-brand?post=20289"}],"curies":[{"name":"wp","href":"https:\/\/api.w.org\/{rel}","templated":true}]}}