{"id":20295,"date":"2022-04-05T09:52:18","date_gmt":"2022-04-05T09:52:18","guid":{"rendered":"https:\/\/cultivers.es\/abonos\/humus-liquido-para-minhocas-tanque-de-1000l-e-latas-de-20l-em-palete\/"},"modified":"2025-09-22T05:31:06","modified_gmt":"2025-09-22T05:31:06","slug":"worm-humus-liquid-deposit-1000l-e-20l-garrafas-em-palete","status":"publish","type":"product","link":"https:\/\/cultivers.es\/pt-pt\/fertilizantes\/worm-humus-liquid-deposit-1000l-e-20l-garrafas-em-palete\/","title":{"rendered":"H\u00famus l\u00edquido para minhocas Tanque de 1000L e latas de 20L em palete"},"content":{"rendered":"<p><strong>O H\u00famus L\u00edquido de Minhoca<\/strong> \u00e9 um fertilizante org\u00e2nico de alta qualidade obtido atrav\u00e9s da estabiliza\u00e7\u00e3o da mat\u00e9ria org\u00e2nica por minhocas da esp\u00e9cie <em>Eisenia foetida<\/em>. Este h\u00famus l\u00edquido \u00e9 enriquecido com fitohormonas naturais, que actuam como reguladores do crescimento das plantas, promovendo um desenvolvimento saud\u00e1vel e equilibrado. <\/p>\n<p>Gra\u00e7as \u00e0 sua elevada densidade de microrganismos (1 grama cont\u00e9m cerca de 2 mil milh\u00f5es), o h\u00famus de minhoca restabelece rapidamente a vida microbiana do solo, melhorando a sua estrutura, o arejamento e a capacidade de reten\u00e7\u00e3o da humidade. Este adubo org\u00e2nico \u00e9 ideal para qualquer tipo de solo, gra\u00e7as ao seu pH neutro e \u00e0 sua formula\u00e7\u00e3o isenta de Salmonella, <em>Escherichia coli<\/em> e metais pesados. <\/p>\n<p>A aplica\u00e7\u00e3o cont\u00ednua de h\u00famus de minhoca l\u00edquido melhora as propriedades do solo, aumentando a qualidade e o rendimento das culturas. A sua elevada atividade microbiana contribui para um crescimento vigoroso das plantas e exerce um efeito supressor contra os nem\u00e1todos e outros agentes patog\u00e9nicos das plantas. Al\u00e9m disso, este h\u00famus tem a capacidade de modificar a disponibilidade de metais pesados e de degradar pesticidas, facilitando a regenera\u00e7\u00e3o de solos degradados e promovendo um ambiente de crescimento saud\u00e1vel.  <\/p>\n","protected":false},"excerpt":{"rendered":"<div id=\"featurebullets_feature_div\" class=\"celwidget\" data-feature-name=\"featurebullets\" data-csa-c-id=\"245fnw-2te75m-sv0udn-eq9t1v\" data-cel-widget=\"featurebullets_feature_div\">\n<div id=\"feature-bullets\" class=\"a-section a-spacing-medium a-spacing-top-small\">\n<ul class=\"a-unordered-list a-vertical a-spacing-mini\">\n<li><strong>H\u00famus de minhoca 100% biol\u00f3gico e certificado<\/strong>: Produto de qualidade superior, registo Sohiscert CV237PAE-07, ideal para a agricultura biol\u00f3gica.<\/li>\n<li><strong>Estimulador de ra\u00edzes e absor\u00e7\u00e3o de nutrientes<\/strong>: Promove o desenvolvimento de ra\u00edzes fortes, melhorando a capacidade da planta para absorver nutrientes essenciais.<\/li>\n<li><strong>Vers\u00e1til para todos os tipos de solo<\/strong>: O seu pH neutro torna-o adequado para qualquer solo, fornecendo mat\u00e9ria org\u00e2nica que enriquece a qualidade do substrato.<\/li>\n<li>Aumenta <strong>a qualidade e a produtividade<\/strong>: Aumenta a qualidade e o rendimento das culturas, oferecendo um fornecimento constante de nutrientes gra\u00e7as \u00e0 sua r\u00e1pida mineraliza\u00e7\u00e3o.<\/li>\n<li><strong>Rela\u00e7\u00e3o C\/N baixa para uma liberta\u00e7\u00e3o eficiente<\/strong>: Com uma rela\u00e7\u00e3o carbono\/nitrog\u00e9nio baixa, assegura uma r\u00e1pida disponibilidade de nutrientes, promovendo um crescimento saud\u00e1vel das plantas.<\/li>\n<\/ul>\n<\/div>\n<\/div>\n<div id=\"customerReviewsAttribute_feature_div\" class=\"celwidget\" data-feature-name=\"customerReviewsAttribute\" data-csa-c-id=\"gms01g-hds0gw-ttj0o5-amotg8\" data-cel-widget=\"customerReviewsAttribute_feature_div\"><\/div>\n<div id=\"addOnItem_feature_div\" class=\"celwidget\" data-feature-name=\"addOnItem\" data-csa-c-id=\"sjbsfd-ae4hfa-ywtuny-kelnhg\" data-cel-widget=\"addOnItem_feature_div\"><\/div>\n<div id=\"andonCord_feature_div\" class=\"celwidget\" data-feature-name=\"andonCord\" data-csa-c-id=\"vkqi6k-olw88z-eqvebc-9slw0y\" data-cel-widget=\"andonCord_feature_div\"><\/div>\n<div id=\"HLCXComparisonJumplink_feature_div\"><\/div>\n","protected":false},"featured_media":14702,"comment_status":"open","ping_status":"closed","template":"","meta":{"_acf_changed":false},"product_brand":[],"product_cat":[353,788],"product_tag":[],"woo-feed-brand":[],"class_list":{"0":"post-20295","1":"product","2":"type-product","3":"status-publish","4":"has-post-thumbnail","6":"product_cat-jardinagem-biologica-profissional","7":"product_cat-sacas-pt-pt","9":"first","10":"instock","11":"taxable","12":"shipping-taxable","13":"purchasable","14":"product-type-variable"},"acf":[],"_links":{"self":[{"href":"https:\/\/cultivers.es\/pt-pt\/wp-json\/wp\/v2\/product\/20295","targetHints":{"allow":["GET"]}}],"collection":[{"href":"https:\/\/cultivers.es\/pt-pt\/wp-json\/wp\/v2\/product"}],"about":[{"href":"https:\/\/cultivers.es\/pt-pt\/wp-json\/wp\/v2\/types\/product"}],"replies":[{"embeddable":true,"href":"https:\/\/cultivers.es\/pt-pt\/wp-json\/wp\/v2\/comments?post=20295"}],"wp:featuredmedia":[{"embeddable":true,"href":"https:\/\/cultivers.es\/pt-pt\/wp-json\/wp\/v2\/media\/14702"}],"wp:attachment":[{"href":"https:\/\/cultivers.es\/pt-pt\/wp-json\/wp\/v2\/media?parent=20295"}],"wp:term":[{"taxonomy":"product_brand","embeddable":true,"href":"https:\/\/cultivers.es\/pt-pt\/wp-json\/wp\/v2\/product_brand?post=20295"},{"taxonomy":"product_cat","embeddable":true,"href":"https:\/\/cultivers.es\/pt-pt\/wp-json\/wp\/v2\/product_cat?post=20295"},{"taxonomy":"product_tag","embeddable":true,"href":"https:\/\/cultivers.es\/pt-pt\/wp-json\/wp\/v2\/product_tag?post=20295"},{"taxonomy":"woo-feed-brand","embeddable":true,"href":"https:\/\/cultivers.es\/pt-pt\/wp-json\/wp\/v2\/woo-feed-brand?post=20295"}],"curies":[{"name":"wp","href":"https:\/\/api.w.org\/{rel}","templated":true}]}}