{"id":20462,"date":"2022-03-31T12:00:58","date_gmt":"2022-03-31T12:00:58","guid":{"rendered":"https:\/\/cultivers.es\/abonos\/farinha-de-peixe-bigbag-e-sacos-de-20-kg-em-palete\/"},"modified":"2025-09-22T04:37:04","modified_gmt":"2025-09-22T04:37:04","slug":"farinha-de-peixe-saco-grande-e-sacos-de-20-kg-em-paletes","status":"publish","type":"product","link":"https:\/\/cultivers.es\/pt-pt\/fertilizantes\/farinha-de-peixe-saco-grande-e-sacos-de-20-kg-em-paletes\/","title":{"rendered":"Farinha de peixe Bigbag e sacos de 20 kg em paletes"},"content":{"rendered":"<p>A farinha de peixe \u00e9 um fertilizante org\u00e2nico com um elevado teor de azoto e f\u00f3sforo. Ativador de um crescimento equilibrado das culturas. A sua aplica\u00e7\u00e3o proporciona um fornecimento r\u00e1pido e equilibrado de azoto mais f\u00f3sforo, que promove e estimula os processos fisiol\u00f3gicos das plantas. Nas plantas, a maior parte do azoto est\u00e1 localizada em compostos de elevado peso molecular (prote\u00ednas e \u00e1cidos nucleicos). \u00c9 geralmente o macroelemento que mais frequentemente limita a produ\u00e7\u00e3o das culturas. A defici\u00eancia de azoto resulta em clorose das folhas velhas, com uma diminui\u00e7\u00e3o da \u00e1rea de superf\u00edcie da biomassa.    Os seus nutrientes s\u00e3o libertados gradualmente, cobrindo as necessidades da cultura durante o seu desenvolvimento. A sua aplica\u00e7\u00e3o aumenta a taxa fotossint\u00e9tica e assegura o fornecimento de azoto e f\u00f3sforo nos momentos cr\u00edticos do crescimento vegetativo. A sua origem e processo de fabrico fazem com que os seus componentes n\u00e3o sejam arrastados pela \u00e1gua da chuva ou por regas prolongadas, evitando assim a perda de material nutritivo e a contamina\u00e7\u00e3o dos len\u00e7\u00f3is fre\u00e1ticos. <\/p>\n","protected":false},"excerpt":{"rendered":"<ul class=\"a-unordered-list a-vertical a-spacing-mini\">\n<li><span class=\"a-list-item\">Adubo org\u00e2nico de origem animal com elevado teor de azoto e f\u00f3sforo. NP 9,5% 8,23%. <\/span><\/li>\n<li><span class=\"a-list-item\">Fertilizante 100% natural para aplica\u00e7\u00e3o no solo, aplica-o uniformemente na superf\u00edcie do solo, enterrando-o ligeiramente e regando-o de seguida.<\/span><\/li>\n<li><span class=\"a-list-item\">Satisfaz as necessidades das plantas gradualmente durante o seu desenvolvimento.<\/span><\/li>\n<li><span class=\"a-list-item\">N\u00e3o perde as suas qualidades quando chove.<\/span><\/li>\n<li><span class=\"a-list-item\">Ativador de um crescimento equilibrado das culturas. A sua aplica\u00e7\u00e3o proporciona um fornecimento r\u00e1pido e equilibrado de azoto e f\u00f3sforo, que promove e estimula os processos fisiol\u00f3gicos das plantas.<\/span><\/li>\n<\/ul>\n","protected":false},"featured_media":14717,"comment_status":"open","ping_status":"closed","template":"","meta":{"_acf_changed":false},"product_brand":[],"product_cat":[353,788],"product_tag":[],"woo-feed-brand":[],"class_list":{"0":"post-20462","1":"product","2":"type-product","3":"status-publish","4":"has-post-thumbnail","6":"product_cat-jardinagem-biologica-profissional","7":"product_cat-sacas-pt-pt","9":"first","10":"outofstock","11":"taxable","12":"shipping-taxable","13":"purchasable","14":"product-type-variable"},"acf":[],"_links":{"self":[{"href":"https:\/\/cultivers.es\/pt-pt\/wp-json\/wp\/v2\/product\/20462","targetHints":{"allow":["GET"]}}],"collection":[{"href":"https:\/\/cultivers.es\/pt-pt\/wp-json\/wp\/v2\/product"}],"about":[{"href":"https:\/\/cultivers.es\/pt-pt\/wp-json\/wp\/v2\/types\/product"}],"replies":[{"embeddable":true,"href":"https:\/\/cultivers.es\/pt-pt\/wp-json\/wp\/v2\/comments?post=20462"}],"wp:featuredmedia":[{"embeddable":true,"href":"https:\/\/cultivers.es\/pt-pt\/wp-json\/wp\/v2\/media\/14717"}],"wp:attachment":[{"href":"https:\/\/cultivers.es\/pt-pt\/wp-json\/wp\/v2\/media?parent=20462"}],"wp:term":[{"taxonomy":"product_brand","embeddable":true,"href":"https:\/\/cultivers.es\/pt-pt\/wp-json\/wp\/v2\/product_brand?post=20462"},{"taxonomy":"product_cat","embeddable":true,"href":"https:\/\/cultivers.es\/pt-pt\/wp-json\/wp\/v2\/product_cat?post=20462"},{"taxonomy":"product_tag","embeddable":true,"href":"https:\/\/cultivers.es\/pt-pt\/wp-json\/wp\/v2\/product_tag?post=20462"},{"taxonomy":"woo-feed-brand","embeddable":true,"href":"https:\/\/cultivers.es\/pt-pt\/wp-json\/wp\/v2\/woo-feed-brand?post=20462"}],"curies":[{"name":"wp","href":"https:\/\/api.w.org\/{rel}","templated":true}]}}