{"id":20470,"date":"2022-03-31T12:00:58","date_gmt":"2022-03-31T12:00:58","guid":{"rendered":"https:\/\/cultivers.es\/abonos\/farinha-de-pedra-po-de-basalto-bigbag-e-sacos-de-20-kg-em-palete\/"},"modified":"2025-09-22T05:06:04","modified_gmt":"2025-09-22T05:06:04","slug":"farinha-de-po-de-rocha-farinha-de-po-saco-grande-e-sacos-de-20-kg-em-palete","status":"publish","type":"product","link":"https:\/\/cultivers.es\/pt-pt\/fertilizantes\/farinha-de-po-de-rocha-farinha-de-po-saco-grande-e-sacos-de-20-kg-em-palete\/","title":{"rendered":"Farinha de rocha. P\u00f3 de Basalto Bigbag e Sacos de 20kg em Palete"},"content":{"rendered":"<p><strong>Farinha de rocha para plantas e culturas: nutri\u00e7\u00e3o mineral duradoura<br \/>\n<\/strong>A farinha de rocha, especialmente o basalto, \u00e9 um recurso natural de origem vulc\u00e2nica muito apreciado na agricultura convencional e biol\u00f3gica pela sua riqueza em minerais essenciais como a s\u00edlica, o c\u00e1lcio, o magn\u00e9sio e o ferro. A sua aplica\u00e7\u00e3o regular em solos pobres aumenta significativamente a capacidade de troca cati\u00f3nica, o que optimiza a reten\u00e7\u00e3o de nutrientes e a sua disponibilidade para as plantas. <\/p>\n<p>Em condi\u00e7\u00f5es de chuva intensa e lixivia\u00e7\u00e3o, os minerais da farinha de rocha s\u00e3o libertados gradualmente, permitindo que permane\u00e7am no solo durante mais tempo e sejam absorvidos pelas plantas quando s\u00e3o mais necess\u00e1rios. Este fertilizante mineral promove um solo mais equilibrado e f\u00e9rtil, ajudando a fortalecer as plantas contra as condi\u00e7\u00f5es climat\u00e9ricas adversas e melhorando a qualidade e a produtividade das culturas. <\/p>\n","protected":false},"excerpt":{"rendered":"<ul>\n<li><strong>P\u00f3 de basalto rico em sil\u00edcio<\/strong>: Fertilizante natural que fornece sil\u00edcio e microelementos essenciais para todos os tipos de plantas.<\/li>\n<li><strong>Rocha \u00edgnea vulc\u00e2nica<\/strong>: O p\u00f3 de basalto cont\u00e9m s\u00edlica, c\u00e1lcio, magn\u00e9sio e ferro e \u00e9 adequado tanto para a agricultura convencional como para a agricultura biol\u00f3gica.<\/li>\n<li><strong>Ideal para solos pobres<\/strong>: a aplica\u00e7\u00e3o regular de farinha de rocha melhora a capacidade de troca cati\u00f3nica e optimiza a reten\u00e7\u00e3o de nutrientes no solo.<\/li>\n<li><strong>Corrige as toxicidades do solo<\/strong>: Ajuda a reduzir as toxicidades causadas pelo excesso de alum\u00ednio, ferro ou mangan\u00eas, promovendo um equil\u00edbrio saud\u00e1vel para as plantas.<\/li>\n<\/ul>\n","protected":false},"featured_media":14747,"comment_status":"open","ping_status":"closed","template":"","meta":{"_acf_changed":false},"product_brand":[],"product_cat":[353,788],"product_tag":[],"woo-feed-brand":[],"class_list":{"0":"post-20470","1":"product","2":"type-product","3":"status-publish","4":"has-post-thumbnail","6":"product_cat-jardinagem-biologica-profissional","7":"product_cat-sacas-pt-pt","9":"first","10":"instock","11":"taxable","12":"shipping-taxable","13":"purchasable","14":"product-type-variable"},"acf":[],"_links":{"self":[{"href":"https:\/\/cultivers.es\/pt-pt\/wp-json\/wp\/v2\/product\/20470","targetHints":{"allow":["GET"]}}],"collection":[{"href":"https:\/\/cultivers.es\/pt-pt\/wp-json\/wp\/v2\/product"}],"about":[{"href":"https:\/\/cultivers.es\/pt-pt\/wp-json\/wp\/v2\/types\/product"}],"replies":[{"embeddable":true,"href":"https:\/\/cultivers.es\/pt-pt\/wp-json\/wp\/v2\/comments?post=20470"}],"wp:featuredmedia":[{"embeddable":true,"href":"https:\/\/cultivers.es\/pt-pt\/wp-json\/wp\/v2\/media\/14747"}],"wp:attachment":[{"href":"https:\/\/cultivers.es\/pt-pt\/wp-json\/wp\/v2\/media?parent=20470"}],"wp:term":[{"taxonomy":"product_brand","embeddable":true,"href":"https:\/\/cultivers.es\/pt-pt\/wp-json\/wp\/v2\/product_brand?post=20470"},{"taxonomy":"product_cat","embeddable":true,"href":"https:\/\/cultivers.es\/pt-pt\/wp-json\/wp\/v2\/product_cat?post=20470"},{"taxonomy":"product_tag","embeddable":true,"href":"https:\/\/cultivers.es\/pt-pt\/wp-json\/wp\/v2\/product_tag?post=20470"},{"taxonomy":"woo-feed-brand","embeddable":true,"href":"https:\/\/cultivers.es\/pt-pt\/wp-json\/wp\/v2\/woo-feed-brand?post=20470"}],"curies":[{"name":"wp","href":"https:\/\/api.w.org\/{rel}","templated":true}]}}