{"id":20471,"date":"2022-03-31T12:00:58","date_gmt":"2022-03-31T12:00:58","guid":{"rendered":"https:\/\/cultivers.es\/abonos\/farinha-de-ossos-em-bigbag-e-sacos-de-20-kg-em-palete\/"},"modified":"2025-09-22T04:37:45","modified_gmt":"2025-09-22T04:37:45","slug":"farinha-ossos-farinha-bigbag-e-sacos-de-20kg-em-palete","status":"publish","type":"product","link":"https:\/\/cultivers.es\/pt-pt\/fertilizantes\/farinha-ossos-farinha-bigbag-e-sacos-de-20kg-em-palete\/","title":{"rendered":"Bigbag farinha de ossos e sacos de 20 kg em palete"},"content":{"rendered":"<p>As ra\u00edzes das plantas s\u00e3o essenciais para explorar o solo e absorver \u00e1gua juntamente com nutrientes minerais. Uma raiz forte e bem desenvolvida melhora muito a efici\u00eancia da absor\u00e7\u00e3o, reduzindo assim a necessidade de aplica\u00e7\u00e3o adicional de fertilizantes NPK. Al\u00e9m disso, as ra\u00edzes s\u00e3o o local onde s\u00e3o produzidas muitas das hormonas que regulam o metabolismo, participando em fun\u00e7\u00f5es essenciais como a divis\u00e3o e o espessamento celular, o alongamento e o desenvolvimento dos frutos.  <\/p>\n<p>O c\u00e1lcio, por outro lado, contribui para a resist\u00eancia e adapta\u00e7\u00e3o das plantas. Como elemento essencial da parede celular, este mineral melhora a permeabilidade, aumentando a firmeza, a qualidade e a durabilidade p\u00f3s-colheita dos frutos. <\/p>\n<p>Este fertilizante natural \u00e9 perfeito para a planta\u00e7\u00e3o de \u00e1rvores e arbustos, uma vez que promove um enraizamento s\u00f3lido, estimula a flora\u00e7\u00e3o e aumenta a produ\u00e7\u00e3o de frutos, promovendo um crescimento saud\u00e1vel e produtivo em todas as fases de desenvolvimento.<\/p>\n","protected":false},"excerpt":{"rendered":"<ul>\n<li><strong>Fertilizante natural rico em f\u00f3sforo e c\u00e1lcio<\/strong>: Fornece nutrientes essenciais para todos os tipos de culturas, melhorando a fertilidade do solo de uma forma sustent\u00e1vel.<\/li>\n<li>Promove <strong>o enraizamento e o crescimento saud\u00e1vel<\/strong>: Estimula o desenvolvimento robusto das ra\u00edzes, aumentando a absor\u00e7\u00e3o de nutrientes e encorajando uma flora\u00e7\u00e3o abundante.<\/li>\n<li><strong>Melhora a frutifica\u00e7\u00e3o e a qualidade dos frutos<\/strong>: Aumenta a quantidade e o tamanho dos frutos, melhorando o rendimento da colheita.<\/li>\n<li><strong>Aumenta a resist\u00eancia \u00e0s pragas e ao stress ambiental<\/strong>: D\u00e1 vigor \u00e0s plantas, ajudando-as a resistir melhor \u00e0s pragas e \u00e0s condi\u00e7\u00f5es adversas.<\/li>\n<li><strong>Vers\u00e1til e adequado para v\u00e1rias culturas<\/strong>: Ideal para pomares, jardins e plantas ornamentais, proporcionando um suporte nutricional natural para todo o tipo de esp\u00e9cies.<\/li>\n<\/ul>\n","protected":false},"featured_media":14752,"comment_status":"open","ping_status":"closed","template":"","meta":{"_acf_changed":false},"product_brand":[],"product_cat":[353,788],"product_tag":[],"woo-feed-brand":[],"class_list":{"0":"post-20471","1":"product","2":"type-product","3":"status-publish","4":"has-post-thumbnail","6":"product_cat-jardinagem-biologica-profissional","7":"product_cat-sacas-pt-pt","9":"first","10":"outofstock","11":"taxable","12":"shipping-taxable","13":"purchasable","14":"product-type-variable"},"acf":[],"_links":{"self":[{"href":"https:\/\/cultivers.es\/pt-pt\/wp-json\/wp\/v2\/product\/20471","targetHints":{"allow":["GET"]}}],"collection":[{"href":"https:\/\/cultivers.es\/pt-pt\/wp-json\/wp\/v2\/product"}],"about":[{"href":"https:\/\/cultivers.es\/pt-pt\/wp-json\/wp\/v2\/types\/product"}],"replies":[{"embeddable":true,"href":"https:\/\/cultivers.es\/pt-pt\/wp-json\/wp\/v2\/comments?post=20471"}],"wp:featuredmedia":[{"embeddable":true,"href":"https:\/\/cultivers.es\/pt-pt\/wp-json\/wp\/v2\/media\/14752"}],"wp:attachment":[{"href":"https:\/\/cultivers.es\/pt-pt\/wp-json\/wp\/v2\/media?parent=20471"}],"wp:term":[{"taxonomy":"product_brand","embeddable":true,"href":"https:\/\/cultivers.es\/pt-pt\/wp-json\/wp\/v2\/product_brand?post=20471"},{"taxonomy":"product_cat","embeddable":true,"href":"https:\/\/cultivers.es\/pt-pt\/wp-json\/wp\/v2\/product_cat?post=20471"},{"taxonomy":"product_tag","embeddable":true,"href":"https:\/\/cultivers.es\/pt-pt\/wp-json\/wp\/v2\/product_tag?post=20471"},{"taxonomy":"woo-feed-brand","embeddable":true,"href":"https:\/\/cultivers.es\/pt-pt\/wp-json\/wp\/v2\/woo-feed-brand?post=20471"}],"curies":[{"name":"wp","href":"https:\/\/api.w.org\/{rel}","templated":true}]}}