{"id":20477,"date":"2022-03-31T12:04:29","date_gmt":"2022-03-31T12:04:29","guid":{"rendered":"https:\/\/cultivers.es\/abonos\/bloodmeal-bigbag-e-sacos-de-25-kg-em-palete\/"},"modified":"2025-09-22T05:18:50","modified_gmt":"2025-09-22T05:18:50","slug":"farinha-de-sangue-bigbag-e-25kg-sacos-em-palete","status":"publish","type":"product","link":"https:\/\/cultivers.es\/pt-pt\/fertilizantes\/farinha-de-sangue-bigbag-e-25kg-sacos-em-palete\/","title":{"rendered":"Bloodmeal Bigbag e sacos de 25 kg em palete"},"content":{"rendered":"<div id=\"dpx-product-description_feature_div\">\n<div class=\"celwidget\" data-csa-c-id=\"mdcyhe-ls0iz6-ohfoul-lrk501\">\n<div id=\"descriptionAndDetails\" class=\"a-section a-spacing-extra-large\">\n<div id=\"productDescription_feature_div\" class=\"celwidget\" data-feature-name=\"productDescription\" data-csa-c-id=\"e9phv9-53ceub-yamamk-mh29o4\">\n<div>\n<div id=\"productDescription_feature_div\" class=\"a-row feature\" data-feature-name=\"productDescription\" data-template-name=\"productDescription\">\n<div id=\"productDescription\" class=\"a-section a-spacing-small\"><\/div>\n<\/div>\n<\/div>\n<\/div>\n<\/div>\n<\/div>\n<\/div>\n<div id=\"dpx-aplus-sustainability-story_feature_div\">\n<div class=\"celwidget\" data-csa-c-id=\"o1xnc8-4310n8-y4abaz-z38w6j\">\n<div id=\"aplusSustainabilityStory_feature_div\" class=\"celwidget\" data-feature-name=\"aplusSustainabilityStory\" data-csa-c-id=\"i4vhbq-shwdvw-8ckiob-xkws1w\">\n<p><strong>A farinha de sangue<\/strong> \u00e9 um fertilizante org\u00e2nico com elevado teor de azoto, obtido a partir de subprodutos de origem animal, ideal para favorecer o crescimento das culturas nas fases mais exigentes. O azoto \u00e9 essencial nas plantas, pois faz parte de compostos de elevado peso molecular, como as prote\u00ednas e os \u00e1cidos nucleicos, necess\u00e1rios para um desenvolvimento \u00f3timo. A falta deste elemento pode limitar a produ\u00e7\u00e3o, causando clorose nas folhas maduras e uma redu\u00e7\u00e3o da biomassa.  <\/p>\n<p>A aplica\u00e7\u00e3o de farinha de sangue aumenta a taxa fotossint\u00e9tica, fornecendo o azoto de que as plantas necessitam nos momentos cr\u00edticos de crescimento. Este fertilizante destaca-se pela sua formula\u00e7\u00e3o est\u00e1vel: os seus nutrientes n\u00e3o s\u00e3o arrastados pela chuva ou por regas prolongadas, minimizando assim a perda de material nutritivo e evitando a contamina\u00e7\u00e3o dos len\u00e7\u00f3is fre\u00e1ticos. A sua incorpora\u00e7\u00e3o costuma realizar-se diretamente sobre o solo, com um ligeiro trabalho de enterramento para garantir uma absor\u00e7\u00e3o eficaz.  <\/p>\n<\/div>\n<\/div>\n<\/div>\n<div id=\"dpx-default-important-information_feature_div\">\n<div class=\"celwidget\" data-csa-c-id=\"cesrqi-bsdurj-22ls72-sjkbqf\">\n<div id=\"importantInformation_feature_div\" class=\"celwidget\" data-feature-name=\"importantInformation\" data-csa-c-id=\"e94z17-jnr5y3-cxktrs-vz7zuf\"><\/div>\n<\/div>\n<\/div>\n<div id=\"sims-consolidated-4_feature_div\">\n<div class=\"celwidget\" data-csa-c-id=\"8frqmh-2ewatn-o3u45d-xh0b75\">\n<div class=\"celwidget pd_rd_w-DRblN pf_rd_p-dcd633b7-cb38-4615-862b-a9bd1fbbb388 pf_rd_r-PFPFAB15HQGYYVMZE8X6 pd_rd_r-6a5163c9-d8be-4e3f-8219-5f4d867f39d5 pd_rd_wg-WDKgq c-f\" data-csa-c-content-id=\"amzn1.sym.dcd633b7-cb38-4615-862b-a9bd1fbbb388\" data-csa-c-slot-id=\"sims-container-4\" data-csa-c-type=\"widget\" data-csa-c-painter=\"p13n-desktop-carousel-cards\" data-csa-c-id=\"1kqu96-te1og-kl38mc-s07hw7\"><\/div>\n<\/div>\n<\/div>\n","protected":false},"excerpt":{"rendered":"<div id=\"featurebullets_feature_div\" class=\"celwidget\" data-feature-name=\"featurebullets\" data-csa-c-id=\"5x5wfr-fvdurm-nwghkk-ji2r82\">\n<div id=\"feature-bullets\" class=\"a-section a-spacing-medium a-spacing-top-small\">\n<ul class=\"a-unordered-list a-vertical a-spacing-mini\">\n<li><strong>Adubo org\u00e2nico rico em azoto<\/strong>: fabricado a partir de farinha de sangue, oferece um fornecimento natural e altamente concentrado de azoto, essencial para o desenvolvimento das culturas.<\/li>\n<li><strong>Fornecimento r\u00e1pido e equilibrado<\/strong>: A sua aplica\u00e7\u00e3o assegura uma disponibilidade imediata de azoto, promovendo um crescimento constante e equilibrado em todas as fases da planta.<\/li>\n<li><strong>Liberta\u00e7\u00e3o gradual de nutrientes<\/strong>: Os nutrientes s\u00e3o libertados lentamente, cobrindo as necessidades da planta durante o seu ciclo de desenvolvimento e evitando picos de fornecimento.<\/li>\n<li><strong>Produto 100% biol\u00f3gico certificado<\/strong>: Aprovado pelo CAEE com o n\u00famero de registo 26172, cumpre as normas da agricultura biol\u00f3gica.<\/li>\n<li><strong>Minimiza as perdas e evita a contamina\u00e7\u00e3o<\/strong>: A sua formula\u00e7\u00e3o evita que o azoto seja arrastado pela chuva ou pela rega intensa, reduzindo as perdas de nutrientes e protegendo as \u00e1guas subterr\u00e2neas.<\/li>\n<\/ul>\n<\/div>\n<\/div>\n","protected":false},"featured_media":14707,"comment_status":"open","ping_status":"closed","template":"","meta":{"_acf_changed":false},"product_brand":[],"product_cat":[353,788],"product_tag":[],"woo-feed-brand":[],"class_list":{"0":"post-20477","1":"product","2":"type-product","3":"status-publish","4":"has-post-thumbnail","6":"product_cat-jardinagem-biologica-profissional","7":"product_cat-sacas-pt-pt","9":"first","10":"outofstock","11":"taxable","12":"shipping-taxable","13":"purchasable","14":"product-type-variable"},"acf":[],"_links":{"self":[{"href":"https:\/\/cultivers.es\/pt-pt\/wp-json\/wp\/v2\/product\/20477","targetHints":{"allow":["GET"]}}],"collection":[{"href":"https:\/\/cultivers.es\/pt-pt\/wp-json\/wp\/v2\/product"}],"about":[{"href":"https:\/\/cultivers.es\/pt-pt\/wp-json\/wp\/v2\/types\/product"}],"replies":[{"embeddable":true,"href":"https:\/\/cultivers.es\/pt-pt\/wp-json\/wp\/v2\/comments?post=20477"}],"wp:featuredmedia":[{"embeddable":true,"href":"https:\/\/cultivers.es\/pt-pt\/wp-json\/wp\/v2\/media\/14707"}],"wp:attachment":[{"href":"https:\/\/cultivers.es\/pt-pt\/wp-json\/wp\/v2\/media?parent=20477"}],"wp:term":[{"taxonomy":"product_brand","embeddable":true,"href":"https:\/\/cultivers.es\/pt-pt\/wp-json\/wp\/v2\/product_brand?post=20477"},{"taxonomy":"product_cat","embeddable":true,"href":"https:\/\/cultivers.es\/pt-pt\/wp-json\/wp\/v2\/product_cat?post=20477"},{"taxonomy":"product_tag","embeddable":true,"href":"https:\/\/cultivers.es\/pt-pt\/wp-json\/wp\/v2\/product_tag?post=20477"},{"taxonomy":"woo-feed-brand","embeddable":true,"href":"https:\/\/cultivers.es\/pt-pt\/wp-json\/wp\/v2\/woo-feed-brand?post=20477"}],"curies":[{"name":"wp","href":"https:\/\/api.w.org\/{rel}","templated":true}]}}