{"id":20478,"date":"2022-03-31T12:00:57","date_gmt":"2022-03-31T12:00:57","guid":{"rendered":"https:\/\/cultivers.es\/abonos\/acidos-humicos-liquidos-tanque-de-1000l-e-frascos-de-20l-em-palete\/"},"modified":"2025-09-22T04:36:57","modified_gmt":"2025-09-22T04:36:57","slug":"acidos-humicos-liquido-liquido-deposito-1000l-y-garrafas-de-20l-palet","status":"publish","type":"product","link":"https:\/\/cultivers.es\/pt-pt\/fertilizantes\/acidos-humicos-liquido-liquido-deposito-1000l-y-garrafas-de-20l-palet\/","title":{"rendered":"\u00c1cidos H\u00famicos L\u00edquidos Tanque de 1000L e Frascos de 20L em Palete"},"content":{"rendered":"<p class=\"p1\">Este adubo l\u00edquido \u00e0 base de \u00e1cidos h\u00famicos e f\u00falvicos, derivado da leonardite de alta qualidade, foi especialmente formulado para os sistemas de fertirriga\u00e7\u00e3o. A sua composi\u00e7\u00e3o homog\u00e9nea \u00e9 <span class=\"Apple-converted-space\">  <\/span>compat\u00edvel com os adubos NPK, evitando a forma\u00e7\u00e3o de precipitados insol\u00faveis e aumentando a sua efic\u00e1cia.<\/p>\n<p class=\"p1\">Aplicado regularmente durante todo o ciclo da cultura, este produto ajuda a manter a fertilidade do solo, apoia o desenvolvimento das plantas em todas as fases do ciclo de crescimento e contribui positivamente para o crescimento e rendimento das plantas, mantendo um solo f\u00e9rtil e biologicamente ativo.<\/p>\n","protected":false},"excerpt":{"rendered":"<ul>\n<li><strong>Melhora a fertilidade do solo<\/strong>: Os \u00e1cidos h\u00famicos e f\u00falvicos l\u00edquidos contribuem diretamente para a fertilidade do solo, actuando como condicionadores que enriquecem o solo e aumentam o desenvolvimento de microrganismos ben\u00e9ficos, essenciais para um solo produtivo e equilibrado.<\/li>\n<li><strong>Otimiza\u00e7\u00e3o dos nutrientes NPK<\/strong>: Quando aplicados em conjunto com os fertilizantes NPK, aumentam significativamente a absor\u00e7\u00e3o destes nutrientes ao evitar a forma\u00e7\u00e3o de precipitados insol\u00faveis, assegurando que as plantas tiram o m\u00e1ximo partido de cada aplica\u00e7\u00e3o e obt\u00eam os nutrientes essenciais de que necessitam.<\/li>\n<li>Promove <strong>o desenvolvimento em todas as fases<\/strong>: A utiliza\u00e7\u00e3o constante ao longo do ciclo de crescimento estimula o crescimento das plantas em todas as fases, desde a germina\u00e7\u00e3o at\u00e9 \u00e0 flora\u00e7\u00e3o, melhorando a divis\u00e3o celular e o desenvolvimento das ra\u00edzes, criando culturas fortes e resistentes.<\/li>\n<li>Facilitam <strong>a reten\u00e7\u00e3o de \u00e1gua e a estrutura do solo<\/strong>: Melhoram a capacidade do solo para reter \u00e1gua e nutrientes, promovendo uma estrutura solta e arejada que permite \u00e0s ra\u00edzes absorver melhor os minerais e suportar melhor as condi\u00e7\u00f5es de seca.<\/li>\n<li><strong>Eficiente na fertirriga\u00e7\u00e3o<\/strong>: Estes \u00e1cidos, derivados da leonardite, s\u00e3o ideais para a fertirriga\u00e7\u00e3o devido \u00e0 sua homogeneidade e estabilidade, permitindo uma distribui\u00e7\u00e3o uniforme e cont\u00ednua dos nutrientes nos sistemas de rega sem risco de entupimento, maximizando assim o rendimento agr\u00edcola.<\/li>\n<li>\n<\/li>\n<\/ul>\n","protected":false},"featured_media":14727,"comment_status":"open","ping_status":"closed","template":"","meta":{"_acf_changed":false},"product_brand":[],"product_cat":[353,788],"product_tag":[],"woo-feed-brand":[],"class_list":{"0":"post-20478","1":"product","2":"type-product","3":"status-publish","4":"has-post-thumbnail","6":"product_cat-jardinagem-biologica-profissional","7":"product_cat-sacas-pt-pt","9":"first","10":"instock","11":"taxable","12":"shipping-taxable","13":"purchasable","14":"product-type-variable"},"acf":[],"_links":{"self":[{"href":"https:\/\/cultivers.es\/pt-pt\/wp-json\/wp\/v2\/product\/20478","targetHints":{"allow":["GET"]}}],"collection":[{"href":"https:\/\/cultivers.es\/pt-pt\/wp-json\/wp\/v2\/product"}],"about":[{"href":"https:\/\/cultivers.es\/pt-pt\/wp-json\/wp\/v2\/types\/product"}],"replies":[{"embeddable":true,"href":"https:\/\/cultivers.es\/pt-pt\/wp-json\/wp\/v2\/comments?post=20478"}],"wp:featuredmedia":[{"embeddable":true,"href":"https:\/\/cultivers.es\/pt-pt\/wp-json\/wp\/v2\/media\/14727"}],"wp:attachment":[{"href":"https:\/\/cultivers.es\/pt-pt\/wp-json\/wp\/v2\/media?parent=20478"}],"wp:term":[{"taxonomy":"product_brand","embeddable":true,"href":"https:\/\/cultivers.es\/pt-pt\/wp-json\/wp\/v2\/product_brand?post=20478"},{"taxonomy":"product_cat","embeddable":true,"href":"https:\/\/cultivers.es\/pt-pt\/wp-json\/wp\/v2\/product_cat?post=20478"},{"taxonomy":"product_tag","embeddable":true,"href":"https:\/\/cultivers.es\/pt-pt\/wp-json\/wp\/v2\/product_tag?post=20478"},{"taxonomy":"woo-feed-brand","embeddable":true,"href":"https:\/\/cultivers.es\/pt-pt\/wp-json\/wp\/v2\/woo-feed-brand?post=20478"}],"curies":[{"name":"wp","href":"https:\/\/api.w.org\/{rel}","templated":true}]}}