{"id":20480,"date":"2022-03-31T12:00:57","date_gmt":"2022-03-31T12:00:57","guid":{"rendered":"https:\/\/cultivers.es\/abonos\/adubo-universal-ecologico-para-plantas-bigbag-e-sacos-de-20-kg-em-palete\/"},"modified":"2025-09-22T04:40:05","modified_gmt":"2025-09-22T04:40:05","slug":"universal-plant-fertiliser-universal-ecological-bigbag-and-20kg-bags-in-pallet","status":"publish","type":"product","link":"https:\/\/cultivers.es\/pt-pt\/fertilizantes\/universal-plant-fertiliser-universal-ecological-bigbag-and-20kg-bags-in-pallet\/","title":{"rendered":"Adubo universal ecol\u00f3gico para plantas Bigbag e sacos de 20 kg em palete"},"content":{"rendered":"<p>Fertilizante Universal Ecol\u00f3gico para Plantas. Adubo org\u00e2nico de origem vegetal para aplica\u00e7\u00e3o no solo para todos os tipos de plantas, cont\u00e9m mat\u00e9ria org\u00e2nica, nitrog\u00e9nio, pot\u00e1ssio, \u00e1cidos h\u00famicos e f\u00falvicos. <\/p>\n<p>Adubo org\u00e2nico em forma de p\u00e9rola, f\u00e1cil de aplicar. Incorpora-se rapidamente no solo. <\/p>\n<p>O Fertilizante Vegetal Universal Org\u00e2nico incorpora azoto e pot\u00e1ssio, cont\u00e9m \u00c1CIDOS H\u00daMICOS de alta qualidade que melhoram a estrutura do solo. Adequado para todos os tipos de culturas. <\/p>\n<p>Adubo org\u00e2nico universal para plantas: composto por mat\u00e9ria org\u00e2nica, azoto, pot\u00e1ssio e \u00e1cidos h\u00famicos e f\u00falvicos, fornece todos os nutrientes necess\u00e1rios para manter o solo f\u00e9rtil e equilibrado.<\/p>\n<p>Concebido com tecnologia avan\u00e7ada, o adubo apresenta-se sob a forma de gr\u00e2nulos perlados, o que facilita a sua aplica\u00e7\u00e3o e a sua r\u00e1pida integra\u00e7\u00e3o no solo. Al\u00e9m disso, o azoto e o pot\u00e1ssio presentes, juntamente com \u00e1cidos h\u00famicos de alta qualidade, melhoram significativamente a estrutura do solo e ajudam a reter os nutrientes. <\/p>\n<p>A propor\u00e7\u00e3o de carbono e azoto \u00e9 ajustada para permitir que as ra\u00edzes extraiam mais facilmente os minerais. Al\u00e9m disso, este fertilizante favorece a prolifera\u00e7\u00e3o de microrganismos ben\u00e9ficos, criando um ambiente mais oxigenado e saud\u00e1vel para as plantas. <\/p>\n<p>Resistente \u00e0 lixivia\u00e7\u00e3o mesmo em caso de chuvas fortes, a sua f\u00f3rmula mant\u00e9m o equil\u00edbrio entre o solo e os seus microrganismos. Mesmo em condi\u00e7\u00f5es meteorol\u00f3gicas inst\u00e1veis, o adubo ajuda a formar agregados que melhoram a oxigena\u00e7\u00e3o do solo. <\/p>\n","protected":false},"excerpt":{"rendered":"<ul class=\"a-unordered-list a-vertical a-spacing-mini\">\n<li><strong>Nutri\u00e7\u00e3o equilibrada NPK<\/strong>: Formula\u00e7\u00e3o com rela\u00e7\u00e3o NPK 8-1-5 e 74% de mat\u00e9ria org\u00e2nica vegetal, optimizada para um fornecimento constante de nutrientes essenciais, favorecendo o desenvolvimento estrutural e metab\u00f3lico das plantas.<\/li>\n<li><strong>\u00c1cidos h\u00famicos e f\u00falvicos<\/strong>: Aumentam a capacidade de reten\u00e7\u00e3o de \u00e1gua e melhoram a estrutura do solo, promovendo a forma\u00e7\u00e3o de agregados est\u00e1veis que facilitam a oxigena\u00e7\u00e3o e o desenvolvimento de microorganismos ben\u00e9ficos.<\/li>\n<li><strong>Liberta\u00e7\u00e3o lenta e controlada<\/strong>: A tecnologia de gr\u00e2nulos perolados permite uma liberta\u00e7\u00e3o gradual dos nutrientes, evitando picos de concentra\u00e7\u00e3o e lixivia\u00e7\u00e3o, mesmo em condi\u00e7\u00f5es de irriga\u00e7\u00e3o ou de chuva intensa.<\/li>\n<li><strong>Adaptabilidade e estabilidade<\/strong>: F\u00f3rmula resistente \u00e0 lixivia\u00e7\u00e3o em condi\u00e7\u00f5es clim\u00e1ticas adversas, optimizando a rela\u00e7\u00e3o solo-micro-organismo e mantendo um ambiente favor\u00e1vel ao desenvolvimento das ra\u00edzes.<\/li>\n<li><strong>Poupan\u00e7a de \u00e1gua e conserva\u00e7\u00e3o do solo<\/strong>: Melhora a reten\u00e7\u00e3o de \u00e1gua e a resist\u00eancia do solo \u00e0 eros\u00e3o, reduzindo a frequ\u00eancia de irriga\u00e7\u00e3o e promovendo a agricultura sustent\u00e1vel em ambientes com limita\u00e7\u00f5es de \u00e1gua.<\/li>\n<\/ul>\n","protected":false},"featured_media":14737,"comment_status":"open","ping_status":"closed","template":"","meta":{"_acf_changed":false},"product_brand":[],"product_cat":[353,788],"product_tag":[],"woo-feed-brand":[],"class_list":{"0":"post-20480","1":"product","2":"type-product","3":"status-publish","4":"has-post-thumbnail","6":"product_cat-jardinagem-biologica-profissional","7":"product_cat-sacas-pt-pt","9":"first","10":"instock","11":"taxable","12":"shipping-taxable","13":"purchasable","14":"product-type-variable"},"acf":[],"_links":{"self":[{"href":"https:\/\/cultivers.es\/pt-pt\/wp-json\/wp\/v2\/product\/20480","targetHints":{"allow":["GET"]}}],"collection":[{"href":"https:\/\/cultivers.es\/pt-pt\/wp-json\/wp\/v2\/product"}],"about":[{"href":"https:\/\/cultivers.es\/pt-pt\/wp-json\/wp\/v2\/types\/product"}],"replies":[{"embeddable":true,"href":"https:\/\/cultivers.es\/pt-pt\/wp-json\/wp\/v2\/comments?post=20480"}],"wp:featuredmedia":[{"embeddable":true,"href":"https:\/\/cultivers.es\/pt-pt\/wp-json\/wp\/v2\/media\/14737"}],"wp:attachment":[{"href":"https:\/\/cultivers.es\/pt-pt\/wp-json\/wp\/v2\/media?parent=20480"}],"wp:term":[{"taxonomy":"product_brand","embeddable":true,"href":"https:\/\/cultivers.es\/pt-pt\/wp-json\/wp\/v2\/product_brand?post=20480"},{"taxonomy":"product_cat","embeddable":true,"href":"https:\/\/cultivers.es\/pt-pt\/wp-json\/wp\/v2\/product_cat?post=20480"},{"taxonomy":"product_tag","embeddable":true,"href":"https:\/\/cultivers.es\/pt-pt\/wp-json\/wp\/v2\/product_tag?post=20480"},{"taxonomy":"woo-feed-brand","embeddable":true,"href":"https:\/\/cultivers.es\/pt-pt\/wp-json\/wp\/v2\/woo-feed-brand?post=20480"}],"curies":[{"name":"wp","href":"https:\/\/api.w.org\/{rel}","templated":true}]}}