{"id":20485,"date":"2022-03-31T12:04:29","date_gmt":"2022-03-31T12:04:29","guid":{"rendered":"https:\/\/cultivers.es\/abonos\/terra-de-diatomaceas-micronizada-bigbag-e-sacos-de-20-kg-em-palete\/"},"modified":"2025-10-18T05:41:39","modified_gmt":"2025-10-18T05:41:39","slug":"terra-de-diatomaceas-micronizada-bigbag-e-sacos-de-20kg-em-palete","status":"publish","type":"product","link":"https:\/\/cultivers.es\/pt-pt\/fertilizantes\/terra-de-diatomaceas-micronizada-bigbag-e-sacos-de-20kg-em-palete\/","title":{"rendered":"Terra de diatom\u00e1ceas micronizada Bigbag e sacos de 20 kg em palete"},"content":{"rendered":"<div id=\"dpx-product-description_feature_div\">\n<div class=\"celwidget\" data-csa-c-id=\"d0zy1s-pz0rta-oyvqgc-hh9unq\" data-cel-widget=\"dpx-product-description_csm_instrumentation_wrapper\">\n<div id=\"descriptionAndDetails\" class=\"a-section a-spacing-extra-large\">\n<div id=\"productDescription_feature_div\" class=\"celwidget\" data-feature-name=\"productDescription\" data-csa-c-id=\"s5rq4m-ksi2as-6wafe6-jss0ye\" data-cel-widget=\"productDescription_feature_div\">\n<div id=\"productDescription_feature_div\" class=\"a-row feature\" data-feature-name=\"productDescription\" data-template-name=\"productDescription\" data-cel-widget=\"productDescription_feature_div\">\n<div id=\"productDescription\" class=\"a-section a-spacing-small\">\n<p><strong>A terra de diatom\u00e1ceas micronizada Cultivers<\/strong> \u00e9 um produto totalmente natural, composto por algas fossilizadas que se instalaram durante milh\u00f5es de anos no fundo do mar, formando uma rica fonte de s\u00edlica. Esta terra \u00e9 extra\u00edda de minas selecionadas pela sua elevada qualidade e seca ao sol, sem produtos qu\u00edmicos nem aditivos, o que garante a sua pureza e efic\u00e1cia. O processo de dupla peneira\u00e7\u00e3o e microniza\u00e7\u00e3o converte-o num p\u00f3 ultrafino, ideal tanto para aplica\u00e7\u00e3o a seco, por aspers\u00e3o, como dissolvido em \u00e1gua para pulveriza\u00e7\u00e3o (20 gramas por litro). A sua versatilidade e elevada efic\u00e1cia tornam-no adequado para uma vasta gama de utiliza\u00e7\u00f5es em jardins, pomares e na agricultura em geral, oferecendo excelentes resultados em todas as aplica\u00e7\u00f5es. <\/p>\n<\/div>\n<\/div>\n<\/div>\n<\/div>\n<\/div>\n<\/div>\n<div id=\"dpx-btf-renewed-program-description_feature_div\">\n<div class=\"celwidget\" data-csa-c-id=\"rcs80b-c3mhtw-sms6g5-e4f11f\" data-cel-widget=\"dpx-btf-renewed-program-description_csm_instrumentation_wrapper\">\n<div id=\"renewedProgramDescriptionBtf_feature_div\" class=\"celwidget\" data-feature-name=\"renewedProgramDescriptionBtf\" data-csa-c-id=\"9vmqrb-z2iekb-5dffxg-l1zyhb\" data-cel-widget=\"renewedProgramDescriptionBtf_feature_div\"><\/div>\n<\/div>\n<\/div>\n<div id=\"dpx-climate-pledge-friendly-btf_feature_div\">\n<div class=\"celwidget\" data-csa-c-id=\"wyxei8-dddfmw-p9n9oj-pbxpr4\" data-cel-widget=\"dpx-climate-pledge-friendly-btf_csm_instrumentation_wrapper\">\n<div id=\"climatePledgeFriendlyBTF_feature_div\" class=\"celwidget\" data-feature-name=\"climatePledgeFriendlyBTF\" data-csa-c-id=\"3nr9nk-6l01pu-56kbn5-jmmjyf\" data-cel-widget=\"climatePledgeFriendlyBTF_feature_div\"><\/div>\n<\/div>\n<\/div>\n<div id=\"dpx-post-purchase-witb-btf_feature_div\">\n<div class=\"celwidget\" data-csa-c-id=\"y8761e-3gx8m2-yvpmom-u0sts7\" data-cel-widget=\"dpx-post-purchase-witb-btf_csm_instrumentation_wrapper\">\n<div id=\"postPurchaseWhatsInTheBox_feature_div\" class=\"celwidget\" data-feature-name=\"postPurchaseWhatsInTheBox\" data-csa-c-id=\"hjdw64-wjw09i-ycuc10-hmjxr1\" data-cel-widget=\"postPurchaseWhatsInTheBox_feature_div\"><\/div>\n<\/div>\n<\/div>\n<div id=\"dpx-aplus-brand-story_feature_div\">\n<div class=\"celwidget\" data-csa-c-id=\"hu1n9p-keambw-8pol3o-1yyt9f\" data-cel-widget=\"dpx-aplus-brand-story_csm_instrumentation_wrapper\">\n<div id=\"aplusBrandStory_feature_div\" class=\"celwidget\" data-feature-name=\"aplusBrandStory\" data-csa-c-id=\"qxmgac-pfri76-sia01j-yjnaf2\" data-cel-widget=\"aplusBrandStory_feature_div\"><\/div>\n<\/div>\n<\/div>\n<div id=\"dpx-aplus-product-description_feature_div\"><\/div>\n<div id=\"dpx-aplus-3p-product-description_feature_div\"><\/div>\n<div id=\"dpx-aplus-sustainability-story_feature_div\">\n<div class=\"celwidget\" data-csa-c-id=\"878a5f-glj5ki-yub0e1-q616pd\" data-cel-widget=\"dpx-aplus-sustainability-story_csm_instrumentation_wrapper\">\n<div id=\"aplusSustainabilityStory_feature_div\" class=\"celwidget\" data-feature-name=\"aplusSustainabilityStory\" data-csa-c-id=\"9xl1ea-ebtjzf-nm5rws-t1zrq5\" data-cel-widget=\"aplusSustainabilityStory_feature_div\"><\/div>\n<\/div>\n<\/div>\n<div id=\"dpx-default-important-information_feature_div\">\n<div class=\"celwidget\" data-csa-c-id=\"2znzw8-50sco-hqdi0d-urtjtu\" data-cel-widget=\"dpx-default-important-information_csm_instrumentation_wrapper\">\n<div id=\"importantInformation_feature_div\" class=\"celwidget\" data-feature-name=\"importantInformation\" data-csa-c-id=\"vrf7ip-itxpaa-twqcek-gbq8d6\" data-cel-widget=\"importantInformation_feature_div\"><\/div>\n<\/div>\n<\/div>\n<div id=\"sims-consolidated-4_feature_div\">\n<div class=\"celwidget\" data-csa-c-id=\"yrfjzs-3zy4rq-tg1xhr-yfy766\" data-cel-widget=\"sims-consolidated-4_csm_instrumentation_wrapper\">\n<div class=\"celwidget pd_rd_w-dOFSd pf_rd_p-dcd633b7-cb38-4615-862b-a9bd1fbbb388 pf_rd_r-8MBEN865MC2FR54B7N6M pd_rd_r-83f41588-60cf-44e8-bf53-a7066fae9c9a pd_rd_wg-iC40f c-f\" data-csa-c-content-id=\"amzn1.sym.dcd633b7-cb38-4615-862b-a9bd1fbbb388\" data-csa-c-slot-id=\"sims-container-4\" data-csa-c-type=\"widget\" data-csa-c-painter=\"p13n-desktop-carousel-cards\" data-csa-c-id=\"9n545n-zatzmm-k8u7yv-p9finc\" data-cel-widget=\"p13n-desktop-carousel_DPSims_3\"><\/div>\n<\/div>\n<\/div>\n","protected":false},"excerpt":{"rendered":"<ul class=\"a-unordered-list a-vertical a-spacing-mini\">\n<li><strong>Formato de p\u00f3 micronizado<\/strong><\/li>\n<li><strong>Alta qualidade e 100% amigo do ambiente<\/strong><\/li>\n<li><strong>Certifica\u00e7\u00e3o org\u00e2nica ECOCERT<\/strong><\/li>\n<\/ul>\n","protected":false},"featured_media":14712,"comment_status":"open","ping_status":"closed","template":"","meta":{"_acf_changed":false},"product_brand":[],"product_cat":[353,788],"product_tag":[1564],"woo-feed-brand":[],"class_list":{"0":"post-20485","1":"product","2":"type-product","3":"status-publish","4":"has-post-thumbnail","6":"product_cat-jardinagem-biologica-profissional","7":"product_cat-sacas-pt-pt","8":"product_tag-ecocert-pt-pt","10":"first","11":"instock","12":"taxable","13":"shipping-taxable","14":"purchasable","15":"product-type-variable"},"acf":[],"_links":{"self":[{"href":"https:\/\/cultivers.es\/pt-pt\/wp-json\/wp\/v2\/product\/20485","targetHints":{"allow":["GET"]}}],"collection":[{"href":"https:\/\/cultivers.es\/pt-pt\/wp-json\/wp\/v2\/product"}],"about":[{"href":"https:\/\/cultivers.es\/pt-pt\/wp-json\/wp\/v2\/types\/product"}],"replies":[{"embeddable":true,"href":"https:\/\/cultivers.es\/pt-pt\/wp-json\/wp\/v2\/comments?post=20485"}],"wp:featuredmedia":[{"embeddable":true,"href":"https:\/\/cultivers.es\/pt-pt\/wp-json\/wp\/v2\/media\/14712"}],"wp:attachment":[{"href":"https:\/\/cultivers.es\/pt-pt\/wp-json\/wp\/v2\/media?parent=20485"}],"wp:term":[{"taxonomy":"product_brand","embeddable":true,"href":"https:\/\/cultivers.es\/pt-pt\/wp-json\/wp\/v2\/product_brand?post=20485"},{"taxonomy":"product_cat","embeddable":true,"href":"https:\/\/cultivers.es\/pt-pt\/wp-json\/wp\/v2\/product_cat?post=20485"},{"taxonomy":"product_tag","embeddable":true,"href":"https:\/\/cultivers.es\/pt-pt\/wp-json\/wp\/v2\/product_tag?post=20485"},{"taxonomy":"woo-feed-brand","embeddable":true,"href":"https:\/\/cultivers.es\/pt-pt\/wp-json\/wp\/v2\/woo-feed-brand?post=20485"}],"curies":[{"name":"wp","href":"https:\/\/api.w.org\/{rel}","templated":true}]}}