{"id":20487,"date":"2022-03-31T12:00:57","date_gmt":"2022-03-31T12:00:57","guid":{"rendered":"https:\/\/cultivers.es\/abonos\/composto-com-guano-ecologico-bigbag-e-sacos-de-25kg-em-palete\/"},"modified":"2025-09-22T04:36:42","modified_gmt":"2025-09-22T04:36:42","slug":"composto-com-guano-ecologico-bigbag-e-sacos-de-25kg-em-palete","status":"publish","type":"product","link":"https:\/\/cultivers.es\/pt-pt\/fertilizantes\/composto-com-guano-ecologico-bigbag-e-sacos-de-25kg-em-palete\/","title":{"rendered":"Fertilizante org\u00e2nico com Bigbag org\u00e2nico e sacos de 25 kg em palete"},"content":{"rendered":"<div id=\"dpx-product-description_feature_div\">\n<div class=\"celwidget\" data-csa-c-id=\"5jyizg-4o2ji4-od18pl-sv9ler\" data-cel-widget=\"dpx-product-description_csm_instrumentation_wrapper\">\n<div id=\"descriptionAndDetails\" class=\"a-section a-spacing-extra-large\">\n<div id=\"productDescription_feature_div\" class=\"celwidget\" data-feature-name=\"productDescription\" data-csa-c-id=\"jg15ak-vfn0hs-n6a0uj-smv9th\" data-cel-widget=\"productDescription_feature_div\">\n<div id=\"productDescription_feature_div\" class=\"a-row feature\" data-feature-name=\"productDescription\" data-template-name=\"productDescription\" data-cel-widget=\"productDescription_feature_div\">\n<div id=\"productDescription\" class=\"a-section a-spacing-small\">\n<p>Adubo org\u00e2nico microgranulado para melhorar a produtividade e a qualidade das tuas culturas. Este fertilizante org\u00e2nico destaca-se pelo seu elevado teor de mat\u00e9ria org\u00e2nica (50%), que favorece a reten\u00e7\u00e3o de \u00e1gua e nutrientes no solo, permitindo um crescimento mais saud\u00e1vel e eficiente das laranjeiras e tangerineiras. A sua f\u00f3rmula equilibrada (NPK 6-7-10) fornece azoto para um desenvolvimento vegetativo robusto, f\u00f3sforo para fortalecer as ra\u00edzes e pot\u00e1ssio para melhorar a resist\u00eancia e a qualidade dos frutos. A liberta\u00e7\u00e3o lenta dos nutrientes garante uma nutri\u00e7\u00e3o constante durante todo o ciclo da cultura, resultando numa colheita abundante, com frutos de excelente tamanho, sabor e sucul\u00eancia. Al\u00e9m disso, a sua abordagem sustent\u00e1vel contribui para a conserva\u00e7\u00e3o do solo e promove a atividade microbiana, reduzindo a depend\u00eancia de produtos qu\u00edmicos. Os agricultores que o utilizaram relatam um aumento not\u00e1vel no rendimento e na qualidade das suas culturas.     <\/p>\n<\/div>\n<\/div>\n<\/div>\n<\/div>\n<\/div>\n<\/div>\n","protected":false},"excerpt":{"rendered":"<ul>\n<li>Melhora a fertilidade e a reten\u00e7\u00e3o: Com 50% de mat\u00e9ria org\u00e2nica, revitaliza o solo, optimizando a reten\u00e7\u00e3o de nutrientes e \u00e1gua para uma absor\u00e7\u00e3o m\u00e1xima das ra\u00edzes.<\/li>\n<li>Liberta\u00e7\u00e3o lenta de nutrientes: Fornece uma nutri\u00e7\u00e3o constante durante todo o ciclo da cultura, garantindo uma colheita de laranjas e tangerinas de qualidade superior, maiores, mais sumarentas e mais saborosas.<\/li>\n<li>F\u00f3rmula equilibrada NPK 6-7-10: Adequada para todas as culturas, melhora o crescimento das folhas, o crescimento das ra\u00edzes e a qualidade dos frutos, apoiando o desenvolvimento natural das \u00e1rvores.<\/li>\n<li>Sustentabilidade em todas as aplica\u00e7\u00f5es: Promove a atividade microbiana ben\u00e9fica, protegendo a fertilidade do solo e o ambiente.<\/li>\n<\/ul>\n","protected":false},"featured_media":14732,"comment_status":"open","ping_status":"closed","template":"","meta":{"_acf_changed":false},"product_brand":[],"product_cat":[353,788],"product_tag":[],"woo-feed-brand":[],"class_list":{"0":"post-20487","1":"product","2":"type-product","3":"status-publish","4":"has-post-thumbnail","6":"product_cat-jardinagem-biologica-profissional","7":"product_cat-sacas-pt-pt","9":"first","10":"instock","11":"taxable","12":"shipping-taxable","13":"purchasable","14":"product-type-variable"},"acf":[],"_links":{"self":[{"href":"https:\/\/cultivers.es\/pt-pt\/wp-json\/wp\/v2\/product\/20487","targetHints":{"allow":["GET"]}}],"collection":[{"href":"https:\/\/cultivers.es\/pt-pt\/wp-json\/wp\/v2\/product"}],"about":[{"href":"https:\/\/cultivers.es\/pt-pt\/wp-json\/wp\/v2\/types\/product"}],"replies":[{"embeddable":true,"href":"https:\/\/cultivers.es\/pt-pt\/wp-json\/wp\/v2\/comments?post=20487"}],"wp:featuredmedia":[{"embeddable":true,"href":"https:\/\/cultivers.es\/pt-pt\/wp-json\/wp\/v2\/media\/14732"}],"wp:attachment":[{"href":"https:\/\/cultivers.es\/pt-pt\/wp-json\/wp\/v2\/media?parent=20487"}],"wp:term":[{"taxonomy":"product_brand","embeddable":true,"href":"https:\/\/cultivers.es\/pt-pt\/wp-json\/wp\/v2\/product_brand?post=20487"},{"taxonomy":"product_cat","embeddable":true,"href":"https:\/\/cultivers.es\/pt-pt\/wp-json\/wp\/v2\/product_cat?post=20487"},{"taxonomy":"product_tag","embeddable":true,"href":"https:\/\/cultivers.es\/pt-pt\/wp-json\/wp\/v2\/product_tag?post=20487"},{"taxonomy":"woo-feed-brand","embeddable":true,"href":"https:\/\/cultivers.es\/pt-pt\/wp-json\/wp\/v2\/woo-feed-brand?post=20487"}],"curies":[{"name":"wp","href":"https:\/\/api.w.org\/{rel}","templated":true}]}}