{"id":20489,"date":"2022-03-31T12:00:57","date_gmt":"2022-03-31T12:00:57","guid":{"rendered":"https:\/\/cultivers.es\/abonos\/melaco-de-cana-para-plantas-tanque-de-1000l-e-garrafas-de-20l-em-palete\/"},"modified":"2025-09-22T04:40:25","modified_gmt":"2025-09-22T04:40:25","slug":"melaco-cana-melaco-para-plantas-depositar-1000l-e-20l-palete-jarros","status":"publish","type":"product","link":"https:\/\/cultivers.es\/pt-pt\/fertilizantes\/melaco-cana-melaco-para-plantas-depositar-1000l-e-20l-palete-jarros\/","title":{"rendered":"Mela\u00e7o de cana para plantas Tanque de 1000L e garrafas de 20L em palete"},"content":{"rendered":"<p>Para a produ\u00e7\u00e3o biol\u00f3gica, recomenda-se que maximizes o desenvolvimento das culturas atrav\u00e9s de uma combina\u00e7\u00e3o de microrganismos ben\u00e9ficos que aumentam a absor\u00e7\u00e3o de nutrientes no solo. Este fertilizante l\u00edquido \u00e0 base de plantas cont\u00e9m uma elevada concentra\u00e7\u00e3o de amino\u00e1cidos org\u00e2nicos derivados da hidr\u00f3lise enzim\u00e1tica, complementados com 42% de mat\u00e9ria org\u00e2nica vegetal e 10% de glicina\/beta\u00edna. <\/p>\n<p>A presen\u00e7a de amino\u00e1cidos ajuda as plantas a sintetizar prote\u00ednas essenciais envolvidas em processos estruturais, enzim\u00e1ticos e de defesa natural. Al\u00e9m disso, a glicina\/beta\u00edna actua como osmoregulador, ajudando a planta a reduzir o impacto do stress bi\u00f3tico e abi\u00f3tico. Esta formula\u00e7\u00e3o melhora a reten\u00e7\u00e3o de \u00e1gua e nutrientes e pode ser aplicada durante todo o ciclo vegetativo, optimizando a capacidade de troca cati\u00f3nica do solo e promovendo o crescimento do sistema radicular para colheitas mais abundantes.  <\/p>\n","protected":false},"excerpt":{"rendered":"<ul class=\"a-unordered-list a-vertical a-spacing-mini\">\n<li><strong>Mela\u00e7o natural com certifica\u00e7\u00e3o biol\u00f3gica<\/strong>: produto 100% natural, aprovado pelo CAAE e adequado \u00e0s pr\u00e1ticas da agricultura biol\u00f3gica.<\/li>\n<li><strong>Promove a sa\u00fade e a fertilidade do solo<\/strong>: Estimula a atividade microbiana, melhora a disponibilidade de nutrientes e melhora a intera\u00e7\u00e3o solo-planta para otimizar a fertilidade.<\/li>\n<li><strong>Ideal para corrigir os solos alcalinos<\/strong>: A sua f\u00f3rmula equilibrada e o seu car\u00e1cter ligeiramente \u00e1cido melhoram as condi\u00e7\u00f5es de cultivo em solos alcalinos.<\/li>\n<li><strong>Rico em amino\u00e1cidos org\u00e2nicos<\/strong>: Aplic\u00e1vel durante todo o ciclo vegetativo, melhorando as propriedades f\u00edsico-qu\u00edmicas do solo e favorecendo o desenvolvimento vigoroso das plantas.<\/li>\n<li><strong>Produto seguro e totalmente natural<\/strong>: Completamente inofensivo para animais e plantas, oferecendo uma solu\u00e7\u00e3o sustent\u00e1vel para o cultivo org\u00e2nico.<\/li>\n<\/ul>\n","protected":false},"featured_media":14697,"comment_status":"open","ping_status":"closed","template":"","meta":{"_acf_changed":false},"product_brand":[],"product_cat":[353,788],"product_tag":[],"class_list":{"0":"post-20489","1":"product","2":"type-product","3":"status-publish","4":"has-post-thumbnail","6":"product_cat-jardinagem-biologica-profissional","7":"product_cat-sacas-pt-pt","9":"first","10":"instock","11":"taxable","12":"shipping-taxable","13":"purchasable","14":"product-type-variable"},"acf":[],"_links":{"self":[{"href":"https:\/\/cultivers.es\/pt-pt\/wp-json\/wp\/v2\/product\/20489","targetHints":{"allow":["GET"]}}],"collection":[{"href":"https:\/\/cultivers.es\/pt-pt\/wp-json\/wp\/v2\/product"}],"about":[{"href":"https:\/\/cultivers.es\/pt-pt\/wp-json\/wp\/v2\/types\/product"}],"replies":[{"embeddable":true,"href":"https:\/\/cultivers.es\/pt-pt\/wp-json\/wp\/v2\/comments?post=20489"}],"wp:featuredmedia":[{"embeddable":true,"href":"https:\/\/cultivers.es\/pt-pt\/wp-json\/wp\/v2\/media\/14697"}],"wp:attachment":[{"href":"https:\/\/cultivers.es\/pt-pt\/wp-json\/wp\/v2\/media?parent=20489"}],"wp:term":[{"taxonomy":"product_brand","embeddable":true,"href":"https:\/\/cultivers.es\/pt-pt\/wp-json\/wp\/v2\/product_brand?post=20489"},{"taxonomy":"product_cat","embeddable":true,"href":"https:\/\/cultivers.es\/pt-pt\/wp-json\/wp\/v2\/product_cat?post=20489"},{"taxonomy":"product_tag","embeddable":true,"href":"https:\/\/cultivers.es\/pt-pt\/wp-json\/wp\/v2\/product_tag?post=20489"}],"curies":[{"name":"wp","href":"https:\/\/api.w.org\/{rel}","templated":true}]}}