{"id":20493,"date":"2022-03-31T12:00:57","date_gmt":"2022-03-31T12:00:57","guid":{"rendered":"https:\/\/cultivers.es\/abonos\/humus-de-minhoca-bigbag-e-paletes-em-sacos-de-20-kg\/"},"modified":"2025-09-22T04:40:22","modified_gmt":"2025-09-22T04:40:22","slug":"worm-humus-bigbag-and-pallets-in-20-kg-bags","status":"publish","type":"product","link":"https:\/\/cultivers.es\/pt-pt\/fertilizantes\/worm-humus-bigbag-and-pallets-in-20-kg-bags\/","title":{"rendered":"H\u00famus de minhoca Bigbag e Paletes em sacos de 20 kg"},"content":{"rendered":"<p>A utiliza\u00e7\u00e3o cont\u00ednua de h\u00famus de minhoca melhora significativamente as propriedades do solo, aumentando a qualidade e a produtividade das culturas. Este composto org\u00e2nico finamente dividido, estabilizado e humificado proporciona uma estrutura ideal com elevada porosidade, arejamento, drenagem e uma excelente capacidade de reten\u00e7\u00e3o de humidade. Al\u00e9m disso, cont\u00e9m nutrientes em formas facilmente dispon\u00edveis para as plantas, o que estimula um crescimento saud\u00e1vel.  <\/p>\n<p>Com uma elevada atividade microbiana, o h\u00famus de minhoca n\u00e3o s\u00f3 melhora o crescimento das plantas, como tamb\u00e9m actua como um supressor natural contra nem\u00e1todos e outros agentes patog\u00e9nicos do solo. Ajuda a modificar a disponibilidade de metais pesados e afecta a adsor\u00e7\u00e3o e a degrada\u00e7\u00e3o de pesticidas, o que contribui para a regenera\u00e7\u00e3o de solos degradados. <\/p>\n<p>Derivado da decomposi\u00e7\u00e3o da mat\u00e9ria org\u00e2nica pelas minhocas da esp\u00e9cie <em>Eisenia foetida<\/em>, o h\u00famus \u00e9 naturalmente enriquecido com fitohormonas que regulam o crescimento das plantas. A sua elevada densidade microbiana (1 grama cont\u00e9m cerca de 2 mil milh\u00f5es de microrganismos) restitui rapidamente a vida ao solo, melhorando a sua estrutura, o arejamento e a capacidade de reten\u00e7\u00e3o de \u00e1gua. O seu pH neutro torna-o compat\u00edvel com qualquer tipo de solo e, gra\u00e7as \u00e0 sua baixa rela\u00e7\u00e3o C\/N, os nutrientes s\u00e3o rapidamente mineralizados e libertados, garantindo uma nutri\u00e7\u00e3o \u00f3ptima para as plantas e favorecendo o desenvolvimento de ra\u00edzes fortes.  <\/p>\n","protected":false},"excerpt":{"rendered":"<div id=\"featurebullets_feature_div\" class=\"celwidget\" data-feature-name=\"featurebullets\" data-csa-c-id=\"iso7s1-61shkv-a5qz2z-sgo3f4\" data-cel-widget=\"featurebullets_feature_div\">\n<div id=\"feature-bullets\" class=\"a-section a-spacing-medium a-spacing-top-small\">\n<ul class=\"a-unordered-list a-vertical a-spacing-mini\">\n<li><strong>100% org\u00e2nico e h\u00famus de minhoca de alta qualidade<\/strong>: Um produto totalmente natural e certificado, ideal para uma agricultura sustent\u00e1vel e biol\u00f3gica.<\/li>\n<li><strong>Elevada densidade de microrganismos ben\u00e9ficos<\/strong>: Um \u00fanico grama cont\u00e9m aproximadamente 2 mil milh\u00f5es de microrganismos, que enriquecem o solo e aumentam a sua fertilidade.<\/li>\n<li>Melhoria <strong>cont\u00ednua das propriedades do solo<\/strong>: Aumenta a estrutura do solo, o arejamento e a reten\u00e7\u00e3o de humidade, ajudando a criar um ambiente prop\u00edcio ao desenvolvimento das ra\u00edzes.<\/li>\n<li><strong>Estimulador de ra\u00edzes e absor\u00e7\u00e3o de nutrientes<\/strong>: O seu pH neutro permite a sua aplica\u00e7\u00e3o em qualquer tipo de solo, proporcionando mat\u00e9ria org\u00e2nica que melhora a absor\u00e7\u00e3o de nutrientes e o desenvolvimento das ra\u00edzes.<\/li>\n<li><strong>Aumenta a qualidade e o rendimento das culturas<\/strong>: Com uma rela\u00e7\u00e3o C\/N baixa, permite uma r\u00e1pida mineraliza\u00e7\u00e3o e liberta\u00e7\u00e3o de nutrientes. N\u00famero de registo Sohiscert: CV237PAE-07. <\/li>\n<\/ul>\n<\/div>\n<\/div>\n","protected":false},"featured_media":14742,"comment_status":"open","ping_status":"closed","template":"","meta":{"_acf_changed":false},"product_brand":[],"product_cat":[353,788],"product_tag":[],"class_list":{"0":"post-20493","1":"product","2":"type-product","3":"status-publish","4":"has-post-thumbnail","6":"product_cat-jardinagem-biologica-profissional","7":"product_cat-sacas-pt-pt","9":"first","10":"instock","11":"taxable","12":"shipping-taxable","13":"purchasable","14":"product-type-variable"},"acf":[],"_links":{"self":[{"href":"https:\/\/cultivers.es\/pt-pt\/wp-json\/wp\/v2\/product\/20493","targetHints":{"allow":["GET"]}}],"collection":[{"href":"https:\/\/cultivers.es\/pt-pt\/wp-json\/wp\/v2\/product"}],"about":[{"href":"https:\/\/cultivers.es\/pt-pt\/wp-json\/wp\/v2\/types\/product"}],"replies":[{"embeddable":true,"href":"https:\/\/cultivers.es\/pt-pt\/wp-json\/wp\/v2\/comments?post=20493"}],"wp:featuredmedia":[{"embeddable":true,"href":"https:\/\/cultivers.es\/pt-pt\/wp-json\/wp\/v2\/media\/14742"}],"wp:attachment":[{"href":"https:\/\/cultivers.es\/pt-pt\/wp-json\/wp\/v2\/media?parent=20493"}],"wp:term":[{"taxonomy":"product_brand","embeddable":true,"href":"https:\/\/cultivers.es\/pt-pt\/wp-json\/wp\/v2\/product_brand?post=20493"},{"taxonomy":"product_cat","embeddable":true,"href":"https:\/\/cultivers.es\/pt-pt\/wp-json\/wp\/v2\/product_cat?post=20493"},{"taxonomy":"product_tag","embeddable":true,"href":"https:\/\/cultivers.es\/pt-pt\/wp-json\/wp\/v2\/product_tag?post=20493"}],"curies":[{"name":"wp","href":"https:\/\/api.w.org\/{rel}","templated":true}]}}