{"id":35886,"date":"2023-09-27T12:57:37","date_gmt":"2023-09-27T12:57:37","guid":{"rendered":"https:\/\/cultivers.es\/abonos\/planta-de-abacate-belona-hass-in-vitro\/"},"modified":"2025-09-22T04:45:36","modified_gmt":"2025-09-22T04:45:36","slug":"planta-de-abacate-belona-hass-in-vitro","status":"publish","type":"product","link":"https:\/\/cultivers.es\/pt-pt\/fertilizantes\/planta-de-abacate-belona-hass-in-vitro\/","title":{"rendered":"Planta de abacate Belona Hass In-Vitro"},"content":{"rendered":"","protected":false},"excerpt":{"rendered":"<p>Planta In Vitro com p\u00e9 Belona. Abacateiro Belona In Vitro&#8230; O abacate que est\u00e1 a revolucionar a agricultura, o nosso porta-enxerto Belona \u00e9 a melhor op\u00e7\u00e3o para o teu cultivo de abacate;  <\/p>\n<p>- Aumenta a resist\u00eancia \u00e0 salinidade<\/p>\n<p>- Crescimento homog\u00e9neo<\/p>\n<p>- Mais resistente \u00e0s doen\u00e7as<\/p>\n<p>Variedade Hass<\/p>\n","protected":false},"featured_media":22130,"comment_status":"open","ping_status":"closed","template":"","meta":{"_acf_changed":false},"product_brand":[],"product_cat":[1264,1262],"product_tag":[],"woo-feed-brand":[],"class_list":{"0":"post-35886","1":"product","2":"type-product","3":"status-publish","4":"has-post-thumbnail","6":"product_cat-novo-em","7":"product_cat-plantas-de-abacate","9":"first","10":"outofstock","11":"featured","12":"taxable","13":"shipping-taxable","14":"purchasable","15":"product-type-simple"},"acf":[],"_links":{"self":[{"href":"https:\/\/cultivers.es\/pt-pt\/wp-json\/wp\/v2\/product\/35886","targetHints":{"allow":["GET"]}}],"collection":[{"href":"https:\/\/cultivers.es\/pt-pt\/wp-json\/wp\/v2\/product"}],"about":[{"href":"https:\/\/cultivers.es\/pt-pt\/wp-json\/wp\/v2\/types\/product"}],"replies":[{"embeddable":true,"href":"https:\/\/cultivers.es\/pt-pt\/wp-json\/wp\/v2\/comments?post=35886"}],"wp:featuredmedia":[{"embeddable":true,"href":"https:\/\/cultivers.es\/pt-pt\/wp-json\/wp\/v2\/media\/22130"}],"wp:attachment":[{"href":"https:\/\/cultivers.es\/pt-pt\/wp-json\/wp\/v2\/media?parent=35886"}],"wp:term":[{"taxonomy":"product_brand","embeddable":true,"href":"https:\/\/cultivers.es\/pt-pt\/wp-json\/wp\/v2\/product_brand?post=35886"},{"taxonomy":"product_cat","embeddable":true,"href":"https:\/\/cultivers.es\/pt-pt\/wp-json\/wp\/v2\/product_cat?post=35886"},{"taxonomy":"product_tag","embeddable":true,"href":"https:\/\/cultivers.es\/pt-pt\/wp-json\/wp\/v2\/product_tag?post=35886"},{"taxonomy":"woo-feed-brand","embeddable":true,"href":"https:\/\/cultivers.es\/pt-pt\/wp-json\/wp\/v2\/woo-feed-brand?post=35886"}],"curies":[{"name":"wp","href":"https:\/\/api.w.org\/{rel}","templated":true}]}}