{"id":35904,"date":"2024-10-11T12:38:11","date_gmt":"2024-10-11T12:38:11","guid":{"rendered":"https:\/\/cultivers.es\/abonos\/sementes-de-feijao-verde-helda-organic\/"},"modified":"2025-09-22T05:21:56","modified_gmt":"2025-09-22T05:21:56","slug":"sementes-de-feijao-verde-helda-organic","status":"publish","type":"product","link":"https:\/\/cultivers.es\/pt-pt\/fertilizantes\/sementes-de-feijao-verde-helda-organic\/","title":{"rendered":"Sementes de feij\u00e3o verde Helda"},"content":{"rendered":"","protected":false},"excerpt":{"rendered":"<p>Descobre a excel\u00eancia no teu jardim com as nossas sementes de feij\u00e3o verde Helda org\u00e2nico. Esta variedade, tamb\u00e9m conhecida como feij\u00e3o chato, \u00e9 apreciada pelo seu sabor suave, textura tenra e alto rendimento. O feij\u00e3o Helda \u00e9 ideal tanto para consumo fresco como para enlatamento, o que o torna uma escolha vers\u00e1til para todo o tipo de receitas.  <\/p>\n<ul>\n<li><strong>Vagens compridas e achatadas:<\/strong> O feij\u00e3o Helda caracteriza-se pelas suas vagens compridas, achatadas e carnudas, que podem atingir 20 cm de comprimento. A sua textura tenra torna-os perfeitos para cozer a vapor, ferver ou saltear. <\/li>\n<li><strong>Sabor suave e delicado:<\/strong> Esta variedade tem um sabor suave e doce que a torna um acompanhamento ideal para saladas, guisados ou como guarni\u00e7\u00e3o. \u00c9 deliciosa tanto fresca como cozinhada. <\/li>\n<li><strong>Alta produtividade:<\/strong> A planta Helda Green Bean \u00e9 muito produtiva, o que garante colheitas abundantes e cont\u00ednuas durante toda a esta\u00e7\u00e3o. \u00c9 uma excelente escolha tanto para jardins grandes como pequenos. <\/li>\n<li><strong>F\u00e1cil de cultivar:<\/strong> Esta variedade \u00e9 resistente e f\u00e1cil de cultivar, adaptando-se bem a uma grande variedade de solos e climas. Ideal tanto para principiantes como para jardineiros mais experientes. <\/li>\n<li><strong>Cultivo Org\u00e2nico:<\/strong> Nossas sementes s\u00e3o 100% org\u00e2nicas, o que garante que teus gr\u00e3os cres\u00e7am sem o uso de agrot\u00f3xicos e produtos qu\u00edmicos, promovendo um cultivo saud\u00e1vel e sustent\u00e1vel.<\/li>\n<\/ul>\n<p>Desfruta do sabor suave e da abund\u00e2ncia dos Feij\u00f5es Verdes Helda na tua horta biol\u00f3gica. F\u00e1ceis de cultivar e perfeitos para uma grande variedade de pratos, estes feij\u00f5es ser\u00e3o uma excelente adi\u00e7\u00e3o \u00e0s tuas culturas - encomenda hoje e come\u00e7a a desfrutar desta op\u00e7\u00e3o nutritiva e deliciosa na tua horta!  <\/p>\n","protected":false},"featured_media":35353,"comment_status":"open","ping_status":"closed","template":"","meta":{"_acf_changed":false},"product_brand":[],"product_cat":[759,427],"product_tag":[1578],"woo-feed-brand":[],"class_list":{"0":"post-35904","1":"product","2":"type-product","3":"status-publish","4":"has-post-thumbnail","6":"product_cat-sementes-de-leguminosas-biologicas","7":"product_cat-sementes-organicas-2","8":"product_tag-eco","10":"first","11":"instock","12":"taxable","13":"shipping-taxable","14":"purchasable","15":"product-type-simple"},"acf":[],"_links":{"self":[{"href":"https:\/\/cultivers.es\/pt-pt\/wp-json\/wp\/v2\/product\/35904","targetHints":{"allow":["GET"]}}],"collection":[{"href":"https:\/\/cultivers.es\/pt-pt\/wp-json\/wp\/v2\/product"}],"about":[{"href":"https:\/\/cultivers.es\/pt-pt\/wp-json\/wp\/v2\/types\/product"}],"replies":[{"embeddable":true,"href":"https:\/\/cultivers.es\/pt-pt\/wp-json\/wp\/v2\/comments?post=35904"}],"wp:featuredmedia":[{"embeddable":true,"href":"https:\/\/cultivers.es\/pt-pt\/wp-json\/wp\/v2\/media\/35353"}],"wp:attachment":[{"href":"https:\/\/cultivers.es\/pt-pt\/wp-json\/wp\/v2\/media?parent=35904"}],"wp:term":[{"taxonomy":"product_brand","embeddable":true,"href":"https:\/\/cultivers.es\/pt-pt\/wp-json\/wp\/v2\/product_brand?post=35904"},{"taxonomy":"product_cat","embeddable":true,"href":"https:\/\/cultivers.es\/pt-pt\/wp-json\/wp\/v2\/product_cat?post=35904"},{"taxonomy":"product_tag","embeddable":true,"href":"https:\/\/cultivers.es\/pt-pt\/wp-json\/wp\/v2\/product_tag?post=35904"},{"taxonomy":"woo-feed-brand","embeddable":true,"href":"https:\/\/cultivers.es\/pt-pt\/wp-json\/wp\/v2\/woo-feed-brand?post=35904"}],"curies":[{"name":"wp","href":"https:\/\/api.w.org\/{rel}","templated":true}]}}