{"id":35912,"date":"2023-10-25T09:47:36","date_gmt":"2023-10-25T09:47:36","guid":{"rendered":"https:\/\/cultivers.es\/abonos\/sementes-de-girassol-anao-organico-sunspot\/"},"modified":"2025-09-22T04:45:55","modified_gmt":"2025-09-22T04:45:55","slug":"sementes-de-girassol-anao-organico-sunspot","status":"publish","type":"product","link":"https:\/\/cultivers.es\/pt-pt\/fertilizantes\/sementes-de-girassol-anao-organico-sunspot\/","title":{"rendered":"Sementes de girassol an\u00e3o Sunspot"},"content":{"rendered":"","protected":false},"excerpt":{"rendered":"<p>O <strong>girassol an\u00e3o Sunspot<\/strong><em>(Helianthus annuus<\/em>) \u00e9 uma variedade compacta e ornamental, ideal para pequenos <strong>jardins,<\/strong> varandas ou recipientes. Com as suas <strong>flores grandes, brilhantes<\/strong>, de um <strong>amarelo profundo<\/strong> e o centro escuro, esta planta d\u00e1 um toque vibrante e decorativo. O seu tamanho pequeno, atingindo cerca de <strong>50 cm de altura<\/strong>, torna-a perfeita para espa\u00e7os limitados sem sacrificar o impacto visual dos girass\u00f3is tradicionais. \u00c9 tamb\u00e9m uma planta f\u00e1cil de cultivar e muito atractiva para os polinizadores.   <\/p>\n<p><strong>Flores grandes em plantas compactas:<\/strong> Apesar do seu pequeno tamanho, produz flores grandes e vistosas, ideais para adornar pequenos espa\u00e7os.<\/p>\n<p><strong>Atraente para os polinizadores:<\/strong> Rico em n\u00e9ctar, atrai abelhas, borboletas e outros insectos ben\u00e9ficos, promovendo a biodiversidade no <strong>pomar e<\/strong> no <strong>jardim<\/strong>.<\/p>\n<p><strong>Resistente e f\u00e1cil de cultivar:<\/strong> adapt\u00e1vel a diferentes tipos de solo e condi\u00e7\u00f5es clim\u00e1ticas, requer poucos cuidados e \u00e9 ideal para jardineiros principiantes.<\/p>\n<p><strong>Decorativa e vers\u00e1til:<\/strong> perfeita para bordaduras, canteiros, vasos ou mesmo como flor de corte para ramos de flores frescas.<\/p>\n<p><strong>Crescimento r\u00e1pido:<\/strong> O seu ciclo curto permite desfrutar de flores em poucas semanas, oferecendo uma flora\u00e7\u00e3o prolongada do ver\u00e3o ao outono.<\/p>\n<p><strong>Cultivo org\u00e2nico:<\/strong> As nossas sementes s\u00e3o <strong>100% org\u00e2nicas<\/strong>, livres de pesticidas e fertilizantes qu\u00edmicos, promovendo um <strong>jardim<\/strong> sustent\u00e1vel e amigo do ambiente <strong>.<\/strong> <\/p>\n<p>D\u00e1 cor, vida e alegria ao teu <strong>jardim e<\/strong> \u00e0 tua <strong>horta<\/strong> com o <strong>girassol an\u00e3o Sunspot Organic Dwarf<\/strong>, uma planta deslumbrante e compacta que transformar\u00e1 qualquer espa\u00e7o num recanto especial. Encomenda hoje e come\u00e7a a cultiv\u00e1-lo facilmente! <\/p>\n","protected":false},"featured_media":42611,"comment_status":"open","ping_status":"closed","template":"","meta":{"_acf_changed":false},"product_brand":[],"product_cat":[498,427],"product_tag":[1578],"class_list":{"0":"post-35912","1":"product","2":"type-product","3":"status-publish","4":"has-post-thumbnail","6":"product_cat-sementes-de-flores-comestiveis-organicas","7":"product_cat-sementes-organicas-2","8":"product_tag-eco","10":"first","11":"instock","12":"sale","13":"taxable","14":"shipping-taxable","15":"purchasable","16":"product-type-simple"},"acf":[],"_links":{"self":[{"href":"https:\/\/cultivers.es\/pt-pt\/wp-json\/wp\/v2\/product\/35912","targetHints":{"allow":["GET"]}}],"collection":[{"href":"https:\/\/cultivers.es\/pt-pt\/wp-json\/wp\/v2\/product"}],"about":[{"href":"https:\/\/cultivers.es\/pt-pt\/wp-json\/wp\/v2\/types\/product"}],"replies":[{"embeddable":true,"href":"https:\/\/cultivers.es\/pt-pt\/wp-json\/wp\/v2\/comments?post=35912"}],"wp:featuredmedia":[{"embeddable":true,"href":"https:\/\/cultivers.es\/pt-pt\/wp-json\/wp\/v2\/media\/42611"}],"wp:attachment":[{"href":"https:\/\/cultivers.es\/pt-pt\/wp-json\/wp\/v2\/media?parent=35912"}],"wp:term":[{"taxonomy":"product_brand","embeddable":true,"href":"https:\/\/cultivers.es\/pt-pt\/wp-json\/wp\/v2\/product_brand?post=35912"},{"taxonomy":"product_cat","embeddable":true,"href":"https:\/\/cultivers.es\/pt-pt\/wp-json\/wp\/v2\/product_cat?post=35912"},{"taxonomy":"product_tag","embeddable":true,"href":"https:\/\/cultivers.es\/pt-pt\/wp-json\/wp\/v2\/product_tag?post=35912"}],"curies":[{"name":"wp","href":"https:\/\/api.w.org\/{rel}","templated":true}]}}