{"id":35919,"date":"2024-09-11T12:16:34","date_gmt":"2024-09-11T12:16:34","guid":{"rendered":"https:\/\/cultivers.es\/abonos\/sementes-de-abobora-brancas-organicas\/"},"modified":"2026-02-06T16:09:27","modified_gmt":"2026-02-06T16:09:27","slug":"sementes-de-abobora-brancas-organicas","status":"publish","type":"product","link":"https:\/\/cultivers.es\/pt-pt\/fertilizantes\/sementes-de-abobora-brancas-organicas\/","title":{"rendered":"Sementes de ab\u00f3bora brancas com creme"},"content":{"rendered":"","protected":false},"excerpt":{"rendered":"<p>Cultiva uma variedade \u00fanica e requintada com as nossas sementes de ab\u00f3bora branca org\u00e2nica Custard. Esta ab\u00f3bora \u00e9 not\u00e1vel pela sua forma de disco achatado e cor branca cremosa, tornando-a uma escolha atraente e deliciosa para o teu jardim. A sua polpa macia e ligeiramente doce \u00e9 perfeita para assar, rechear e saltear, dando um toque especial aos teus pratos.  <\/p>\n<ul>\n<li><strong>Forma e cor \u00fanicas:<\/strong> A ab\u00f3bora branca Custard \u00e9 conhecida pela sua forma \u00fanica, redonda e achatada, com bordos ondulados e uma cor branca que a distingue das outras variedades. \u00c9 ideal tanto para cozinhar como para decorar o teu jardim. <\/li>\n<li><strong>Sabor suave e vers\u00e1til:<\/strong> A sua carne branca e tenra tem um sabor suave e ligeiramente doce, o que a torna vers\u00e1til para todo o tipo de receitas, desde salteados e guisados a assados recheados.<\/li>\n<li><strong>Cultivo f\u00e1cil e produtivo:<\/strong> Esta variedade \u00e9 f\u00e1cil de cultivar e altamente produtiva, oferecendo uma quantidade generosa de ab\u00f3boras por planta durante toda a esta\u00e7\u00e3o. \u00c9 ideal para jardineiros novatos e experientes. <\/li>\n<li><strong>Resistente e dur\u00e1vel:<\/strong> A Custard White \u00e9 uma planta robusta que se desenvolve bem em diferentes condi\u00e7\u00f5es de solo e clima. Al\u00e9m disso, os frutos t\u00eam uma boa capacidade de armazenamento, o que permite que sejam apreciados durante mais tempo ap\u00f3s a colheita. <\/li>\n<li><strong>Cultivo org\u00e2nico:<\/strong> As nossas sementes s\u00e3o 100% org\u00e2nicas, garantindo um cultivo livre de pesticidas e fertilizantes qu\u00edmicos, o que assegura uma colheita saud\u00e1vel e amiga do ambiente.<\/li>\n<\/ul>\n<p>Acrescenta distin\u00e7\u00e3o e sabor ao teu jardim com as sementes de ab\u00f3bora branca Organic Custard. Desfruta dos seus frutos delicados e vers\u00e1teis na cozinha, enquanto cultivas de forma sustent\u00e1vel - encomenda hoje e descobre esta ab\u00f3bora \u00fanica no teu jardim!  <\/p>\n","protected":false},"featured_media":33935,"comment_status":"open","ping_status":"closed","template":"","meta":{"_acf_changed":false},"product_brand":[],"product_cat":[429,427],"product_tag":[1578],"class_list":{"0":"post-35919","1":"product","2":"type-product","3":"status-publish","4":"has-post-thumbnail","6":"product_cat-sementes-de-frutas-e-legumes-biologicos","7":"product_cat-sementes-organicas-2","8":"product_tag-eco","10":"first","11":"instock","12":"taxable","13":"shipping-taxable","14":"purchasable","15":"product-type-simple"},"acf":[],"_links":{"self":[{"href":"https:\/\/cultivers.es\/pt-pt\/wp-json\/wp\/v2\/product\/35919","targetHints":{"allow":["GET"]}}],"collection":[{"href":"https:\/\/cultivers.es\/pt-pt\/wp-json\/wp\/v2\/product"}],"about":[{"href":"https:\/\/cultivers.es\/pt-pt\/wp-json\/wp\/v2\/types\/product"}],"replies":[{"embeddable":true,"href":"https:\/\/cultivers.es\/pt-pt\/wp-json\/wp\/v2\/comments?post=35919"}],"wp:featuredmedia":[{"embeddable":true,"href":"https:\/\/cultivers.es\/pt-pt\/wp-json\/wp\/v2\/media\/33935"}],"wp:attachment":[{"href":"https:\/\/cultivers.es\/pt-pt\/wp-json\/wp\/v2\/media?parent=35919"}],"wp:term":[{"taxonomy":"product_brand","embeddable":true,"href":"https:\/\/cultivers.es\/pt-pt\/wp-json\/wp\/v2\/product_brand?post=35919"},{"taxonomy":"product_cat","embeddable":true,"href":"https:\/\/cultivers.es\/pt-pt\/wp-json\/wp\/v2\/product_cat?post=35919"},{"taxonomy":"product_tag","embeddable":true,"href":"https:\/\/cultivers.es\/pt-pt\/wp-json\/wp\/v2\/product_tag?post=35919"}],"curies":[{"name":"wp","href":"https:\/\/api.w.org\/{rel}","templated":true}]}}