{"id":36366,"date":"2024-07-16T14:24:10","date_gmt":"2024-07-16T14:24:10","guid":{"rendered":"https:\/\/cultivers.es\/abonos\/vinagre-de-alcool-pronto-a-usar\/"},"modified":"2025-09-22T05:12:10","modified_gmt":"2025-09-22T05:12:10","slug":"vinagre-de-alcool-pronto-a-usar","status":"publish","type":"product","link":"https:\/\/cultivers.es\/pt-pt\/fertilizantes\/vinagre-de-alcool-pronto-a-usar\/","title":{"rendered":"Vinagre de \u00e1lcool pronto a usar"},"content":{"rendered":"","protected":false},"excerpt":{"rendered":"<ul>\n<li><strong>Aplica\u00e7\u00e3o direta<\/strong>: Aplicar sobre as ervas daninhas para as eliminar eficazmente.<\/li>\n<li>\ud83e\udda0 <strong>Fungicida e bactericida natural<\/strong>: previne naturalmente as doen\u00e7as das plantas.<\/li>\n<li><strong>Limpeza de sistemas de irriga\u00e7\u00e3o<\/strong>: Dissolve os dep\u00f3sitos de calc\u00e1rio e evita o entupimento dos emissores.<\/li>\n<li>\u2697\ufe0f <strong>Corre\u00e7\u00e3o do pH da \u00e1gua<\/strong>: Mant\u00e9m o pH abaixo de 6,5, evitando a forma\u00e7\u00e3o de calc\u00e1rio.<\/li>\n<li><strong>Fertirriga\u00e7\u00e3o melhorada<\/strong>: optimiza a absor\u00e7\u00e3o de nutrientes para um crescimento saud\u00e1vel das plantas.<\/li>\n<\/ul>\n","protected":false},"featured_media":27801,"comment_status":"open","ping_status":"closed","template":"","meta":{"_acf_changed":false},"product_brand":[],"product_cat":[1284],"product_tag":[],"class_list":{"0":"post-36366","1":"product","2":"type-product","3":"status-publish","4":"has-post-thumbnail","6":"product_cat-plantas-de-interior-e-varanda","8":"first","9":"instock","10":"taxable","11":"shipping-taxable","12":"purchasable","13":"product-type-variable"},"acf":[],"_links":{"self":[{"href":"https:\/\/cultivers.es\/pt-pt\/wp-json\/wp\/v2\/product\/36366","targetHints":{"allow":["GET"]}}],"collection":[{"href":"https:\/\/cultivers.es\/pt-pt\/wp-json\/wp\/v2\/product"}],"about":[{"href":"https:\/\/cultivers.es\/pt-pt\/wp-json\/wp\/v2\/types\/product"}],"replies":[{"embeddable":true,"href":"https:\/\/cultivers.es\/pt-pt\/wp-json\/wp\/v2\/comments?post=36366"}],"wp:featuredmedia":[{"embeddable":true,"href":"https:\/\/cultivers.es\/pt-pt\/wp-json\/wp\/v2\/media\/27801"}],"wp:attachment":[{"href":"https:\/\/cultivers.es\/pt-pt\/wp-json\/wp\/v2\/media?parent=36366"}],"wp:term":[{"taxonomy":"product_brand","embeddable":true,"href":"https:\/\/cultivers.es\/pt-pt\/wp-json\/wp\/v2\/product_brand?post=36366"},{"taxonomy":"product_cat","embeddable":true,"href":"https:\/\/cultivers.es\/pt-pt\/wp-json\/wp\/v2\/product_cat?post=36366"},{"taxonomy":"product_tag","embeddable":true,"href":"https:\/\/cultivers.es\/pt-pt\/wp-json\/wp\/v2\/product_tag?post=36366"}],"curies":[{"name":"wp","href":"https:\/\/api.w.org\/{rel}","templated":true}]}}