{"id":36374,"date":"2024-07-16T14:20:40","date_gmt":"2024-07-16T14:20:40","guid":{"rendered":"https:\/\/cultivers.es\/abonos\/fungicida-pronto-a-usar\/"},"modified":"2025-09-22T05:12:20","modified_gmt":"2025-09-22T05:12:20","slug":"fungicida-pronto-a-usar","status":"publish","type":"product","link":"https:\/\/cultivers.es\/pt-pt\/fertilizantes\/fungicida-pronto-a-usar\/","title":{"rendered":"Fungicida pronto a usar"},"content":{"rendered":"","protected":false},"excerpt":{"rendered":"<div id=\"featurebullets_feature_div\" class=\"celwidget\" data-feature-name=\"featurebullets\" data-csa-c-type=\"widget\" data-csa-c-content-id=\"featurebullets\" data-csa-c-slot-id=\"featurebullets_feature_div\" data-csa-c-asin=\"B09WMTY62V\" data-csa-c-is-in-initial-active-row=\"false\" data-csa-c-id=\"96ku8o-rdhnap-fcczkl-3tzvin\" data-cel-widget=\"featurebullets_feature_div\">\n<div id=\"feature-bullets\" class=\"a-section a-spacing-medium a-spacing-top-small\">\n<ul class=\"a-unordered-list a-vertical a-spacing-mini\">\n<li class=\"a-spacing-mini\"><span class=\"a-list-item\">Fungicida ecol\u00f3gico desenvolvido para o controlo preventivo e curativo de v\u00e1rias doen\u00e7as f\u00fangicas.<\/span><\/li>\n<li class=\"a-spacing-mini\"><span class=\"a-list-item\">Modo de utiliza\u00e7\u00e3o: produto pronto a usar, agitar antes de utilizar e pulverizar a 30 cm da planta.<\/span><\/li>\n<li class=\"a-spacing-mini\"><span class=\"a-list-item\">Fungos: Videira: m\u00edldio; \u00c1rvores de fruto: Alternaria, monilia, botrytis; Pepino: m\u00edldio, o\u00eddio, alternaria, pythium, fungo da raiz; Br\u00e1ssicas (fam\u00edlia da mostarda e do rabanete): Alternaria; Plantas ornamentais e rosas: o\u00eddio, m\u00edldio, alternaria, enrolamento das folhas, monilia; Tomate: alternaria.<\/span><\/li>\n<li class=\"a-spacing-mini\"><span class=\"a-list-item\">Refor\u00e7a o mecanismo de defesa natural da planta.<\/span><\/li>\n<li class=\"a-spacing-mini\"><span class=\"a-list-item\">Protege e previne doen\u00e7as f\u00fangicas em plantas hort\u00edcolas, \u00e1rvores de fruto, plantas ornamentais, arbustos e \u00e1rvores.<\/span><\/li>\n<\/ul>\n<\/div>\n<\/div>\n","protected":false},"featured_media":27783,"comment_status":"open","ping_status":"closed","template":"","meta":{"_acf_changed":false},"product_brand":[],"product_cat":[1284],"product_tag":[],"woo-feed-brand":[],"class_list":{"0":"post-36374","1":"product","2":"type-product","3":"status-publish","4":"has-post-thumbnail","6":"product_cat-plantas-de-interior-e-varanda","8":"first","9":"instock","10":"taxable","11":"shipping-taxable","12":"purchasable","13":"product-type-variable"},"acf":[],"_links":{"self":[{"href":"https:\/\/cultivers.es\/pt-pt\/wp-json\/wp\/v2\/product\/36374","targetHints":{"allow":["GET"]}}],"collection":[{"href":"https:\/\/cultivers.es\/pt-pt\/wp-json\/wp\/v2\/product"}],"about":[{"href":"https:\/\/cultivers.es\/pt-pt\/wp-json\/wp\/v2\/types\/product"}],"replies":[{"embeddable":true,"href":"https:\/\/cultivers.es\/pt-pt\/wp-json\/wp\/v2\/comments?post=36374"}],"wp:featuredmedia":[{"embeddable":true,"href":"https:\/\/cultivers.es\/pt-pt\/wp-json\/wp\/v2\/media\/27783"}],"wp:attachment":[{"href":"https:\/\/cultivers.es\/pt-pt\/wp-json\/wp\/v2\/media?parent=36374"}],"wp:term":[{"taxonomy":"product_brand","embeddable":true,"href":"https:\/\/cultivers.es\/pt-pt\/wp-json\/wp\/v2\/product_brand?post=36374"},{"taxonomy":"product_cat","embeddable":true,"href":"https:\/\/cultivers.es\/pt-pt\/wp-json\/wp\/v2\/product_cat?post=36374"},{"taxonomy":"product_tag","embeddable":true,"href":"https:\/\/cultivers.es\/pt-pt\/wp-json\/wp\/v2\/product_tag?post=36374"},{"taxonomy":"woo-feed-brand","embeddable":true,"href":"https:\/\/cultivers.es\/pt-pt\/wp-json\/wp\/v2\/woo-feed-brand?post=36374"}],"curies":[{"name":"wp","href":"https:\/\/api.w.org\/{rel}","templated":true}]}}