{"id":37944,"date":"2024-08-23T13:21:05","date_gmt":"2024-08-23T13:21:05","guid":{"rendered":"https:\/\/cultivers.es\/abonos\/brocolos-calinaro-sementes-biologicas\/"},"modified":"2026-02-06T16:09:24","modified_gmt":"2026-02-06T16:09:24","slug":"brocolos-calinaro-sementes-biologicas","status":"publish","type":"product","link":"https:\/\/cultivers.es\/pt-pt\/fertilizantes\/brocolos-calinaro-sementes-biologicas\/","title":{"rendered":"Sementes de br\u00f3colos Calinaro"},"content":{"rendered":"","protected":false},"excerpt":{"rendered":"<p>As sementes de br\u00f3colos Calinaro Organic permitem-te cultivar um dos vegetais mais nutritivos e vers\u00e1teis da cozinha. Esta variedade de br\u00f3colos destaca-se pelas suas cabe\u00e7as compactas, densas e de um verde profundo, perfeitas para uma grande variedade de receitas, desde saladas a pratos cozinhados ou ao vapor. <\/p>\n<ul>\n<li><strong>Variedade de alta qualidade:<\/strong> Os br\u00f3colos Calinaro s\u00e3o conhecidos pela sua excelente qualidade, com cabe\u00e7as grandes e apertadas que oferecem um sabor suave e delicioso. \u00c9 ideal para quem procura adicionar \u00e0s suas refei\u00e7\u00f5es br\u00f3colos com uma textura perfeita e um sabor fresco. <\/li>\n<li><strong>Rico em nutrientes:<\/strong> Estes br\u00f3colos s\u00e3o uma poderosa fonte de vitaminas C e K, fibra e antioxidantes. \u00c9 um complemento essencial para uma dieta equilibrada, ajudando a fortalecer o sistema imunit\u00e1rio e a promover a sa\u00fade dos ossos. <\/li>\n<li><strong>Crescimento r\u00e1pido e resistente:<\/strong> As plantas de br\u00f3colos Calinaro s\u00e3o vigorosas e resistentes, adaptando-se bem a diferentes condi\u00e7\u00f5es clim\u00e1ticas. O seu ciclo de crescimento relativamente curto permite-te desfrutar de colheitas abundantes num curto espa\u00e7o de tempo. <\/li>\n<li><strong>F\u00e1cil de cultivar:<\/strong> Estas sementes s\u00e3o ideais tanto para principiantes como para jardineiros experientes. O br\u00f3colo Calinaro d\u00e1-se bem em solos f\u00e9rteis e bem drenados com suficiente exposi\u00e7\u00e3o solar. \u00c9 adequado para hortas caseiras, tanto em campo aberto como em vasos grandes.  <\/li>\n<li><strong>Cultivo org\u00e2nico:<\/strong> As nossas sementes de br\u00f3colos Calinaro s\u00e3o 100% org\u00e2nicas, o que garante que est\u00e1s a cultivar de forma sustent\u00e1vel e sem o uso de qu\u00edmicos nocivos. Assim, podes desfrutar de br\u00f3colos frescos e saud\u00e1veis diretamente do teu jardim. <\/li>\n<\/ul>\n<p>Acrescenta valor nutricional e sabor ao teu jardim com as sementes de br\u00f3colos org\u00e2nicos Calinaro. Perfeitas para uma grande variedade de pratos e f\u00e1ceis de cultivar, estas sementes s\u00e3o uma excelente escolha para qualquer jardineiro preocupado com a sa\u00fade - encomenda agora e desfruta de br\u00f3colos frescos e org\u00e2nicos na tua mesa!  <\/p>\n","protected":false},"featured_media":32365,"comment_status":"open","ping_status":"closed","template":"","meta":{"_acf_changed":false},"product_brand":[],"product_cat":[428,427],"product_tag":[1578],"class_list":{"0":"post-37944","1":"product","2":"type-product","3":"status-publish","4":"has-post-thumbnail","6":"product_cat-sementes-de-brassicas-biologicas","7":"product_cat-sementes-organicas-2","8":"product_tag-eco","10":"first","11":"instock","12":"taxable","13":"shipping-taxable","14":"purchasable","15":"product-type-simple"},"acf":[],"_links":{"self":[{"href":"https:\/\/cultivers.es\/pt-pt\/wp-json\/wp\/v2\/product\/37944","targetHints":{"allow":["GET"]}}],"collection":[{"href":"https:\/\/cultivers.es\/pt-pt\/wp-json\/wp\/v2\/product"}],"about":[{"href":"https:\/\/cultivers.es\/pt-pt\/wp-json\/wp\/v2\/types\/product"}],"replies":[{"embeddable":true,"href":"https:\/\/cultivers.es\/pt-pt\/wp-json\/wp\/v2\/comments?post=37944"}],"wp:featuredmedia":[{"embeddable":true,"href":"https:\/\/cultivers.es\/pt-pt\/wp-json\/wp\/v2\/media\/32365"}],"wp:attachment":[{"href":"https:\/\/cultivers.es\/pt-pt\/wp-json\/wp\/v2\/media?parent=37944"}],"wp:term":[{"taxonomy":"product_brand","embeddable":true,"href":"https:\/\/cultivers.es\/pt-pt\/wp-json\/wp\/v2\/product_brand?post=37944"},{"taxonomy":"product_cat","embeddable":true,"href":"https:\/\/cultivers.es\/pt-pt\/wp-json\/wp\/v2\/product_cat?post=37944"},{"taxonomy":"product_tag","embeddable":true,"href":"https:\/\/cultivers.es\/pt-pt\/wp-json\/wp\/v2\/product_tag?post=37944"}],"curies":[{"name":"wp","href":"https:\/\/api.w.org\/{rel}","templated":true}]}}