{"id":37954,"date":"2024-09-10T07:30:53","date_gmt":"2024-09-10T07:30:53","guid":{"rendered":"https:\/\/cultivers.es\/abonos\/sementes-de-pepino-marketmore-organico-demeter\/"},"modified":"2025-09-22T04:50:19","modified_gmt":"2025-09-22T04:50:19","slug":"sementes-de-pepino-marketmore-organico-demeter","status":"publish","type":"product","link":"https:\/\/cultivers.es\/pt-pt\/fertilizantes\/sementes-de-pepino-marketmore-organico-demeter\/","title":{"rendered":"Marketmore Sementes de Pepino Biodin\u00e2mico Demeter"},"content":{"rendered":"","protected":false},"excerpt":{"rendered":"<p>Cultiva pepinos frescos e crocantes com as nossas sementes de pepino Demeter Organic Marketmore. Esta variedade \u00e9 apreciada pela sua capacidade de produzir frutos uniformes e de excelente sabor, ideais para saladas, pickles e sumos. Com a certifica\u00e7\u00e3o Demeter, estas sementes garantem-te uma colheita cultivada de acordo com os mais elevados padr\u00f5es da agricultura biodin\u00e2mica e org\u00e2nica.  <\/p>\n<ul>\n<li><strong>Frutos uniformes e saborosos:<\/strong> O pepino Marketmore produz pepinos de pele verde-escura, de forma cil\u00edndrica, conhecidos pela sua textura firme e sabor suave e refrescante. O seu tamanho e qualidade tornam-nos perfeitos para uma variedade de utiliza\u00e7\u00f5es culin\u00e1rias. <\/li>\n<li><strong>Alta Produtividade:<\/strong> Esta variedade \u00e9 conhecida pela sua robustez e pela sua capacidade de produzir um elevado rendimento de frutos durante toda a esta\u00e7\u00e3o, tornando-a ideal para pomares dom\u00e9sticos e comerciais.<\/li>\n<li><strong>Resist\u00eancia a doen\u00e7as:<\/strong> O Pepino Marketmore \u00e9 resistente a v\u00e1rias doen\u00e7as comuns que afectam os pepinos, o que facilita o cultivo e minimiza a necessidade de interven\u00e7\u00f5es qu\u00edmicas.<\/li>\n<li><strong>Certifica\u00e7\u00e3o Demeter:<\/strong> Cultivadas segundo os princ\u00edpios da agricultura biodin\u00e2mica, estas sementes n\u00e3o s\u00f3 garantem um produto livre de pesticidas e qu\u00edmicos, como tamb\u00e9m promovem a sa\u00fade do solo e do ecossistema circundante.<\/li>\n<li><strong>F\u00e1cil de cultivar:<\/strong> Adequado tanto para cultivo em campo aberto como em estufa, o pepino Marketmore \u00e9 uma excelente escolha para jardineiros de todos os n\u00edveis, proporcionando resultados gratificantes com cuidados b\u00e1sicos.<\/li>\n<\/ul>\n<p>Experimenta a diferen\u00e7a da Demeter no teu jardim com as Sementes de Pepino Biol\u00f3gicas Marketmore. Cultiva os teus pr\u00f3prios pepinos da mais alta qualidade e desfruta da frescura e do sabor que s\u00f3 a agricultura biol\u00f3gica e biodin\u00e2mica pode oferecer - encomenda hoje e leva a excel\u00eancia ao teu jardim e \u00e0 tua cozinha!  <\/p>\n","protected":false},"featured_media":33801,"comment_status":"open","ping_status":"closed","template":"","meta":{"_acf_changed":false},"product_brand":[],"product_cat":[1269,427],"product_tag":[1270],"class_list":{"0":"post-37954","1":"product","2":"type-product","3":"status-publish","4":"has-post-thumbnail","6":"product_cat-sementes-de-demeter","7":"product_cat-sementes-organicas-2","8":"product_tag-demeter-pt-pt","10":"first","11":"instock","12":"sale","13":"taxable","14":"shipping-taxable","15":"purchasable","16":"product-type-simple"},"acf":[],"_links":{"self":[{"href":"https:\/\/cultivers.es\/pt-pt\/wp-json\/wp\/v2\/product\/37954","targetHints":{"allow":["GET"]}}],"collection":[{"href":"https:\/\/cultivers.es\/pt-pt\/wp-json\/wp\/v2\/product"}],"about":[{"href":"https:\/\/cultivers.es\/pt-pt\/wp-json\/wp\/v2\/types\/product"}],"replies":[{"embeddable":true,"href":"https:\/\/cultivers.es\/pt-pt\/wp-json\/wp\/v2\/comments?post=37954"}],"wp:featuredmedia":[{"embeddable":true,"href":"https:\/\/cultivers.es\/pt-pt\/wp-json\/wp\/v2\/media\/33801"}],"wp:attachment":[{"href":"https:\/\/cultivers.es\/pt-pt\/wp-json\/wp\/v2\/media?parent=37954"}],"wp:term":[{"taxonomy":"product_brand","embeddable":true,"href":"https:\/\/cultivers.es\/pt-pt\/wp-json\/wp\/v2\/product_brand?post=37954"},{"taxonomy":"product_cat","embeddable":true,"href":"https:\/\/cultivers.es\/pt-pt\/wp-json\/wp\/v2\/product_cat?post=37954"},{"taxonomy":"product_tag","embeddable":true,"href":"https:\/\/cultivers.es\/pt-pt\/wp-json\/wp\/v2\/product_tag?post=37954"}],"curies":[{"name":"wp","href":"https:\/\/api.w.org\/{rel}","templated":true}]}}