{"id":37955,"date":"2024-09-10T07:37:08","date_gmt":"2024-09-10T07:37:08","guid":{"rendered":"https:\/\/cultivers.es\/abonos\/sementes-de-papoila-vermelha-biologicas\/"},"modified":"2025-09-22T05:17:53","modified_gmt":"2025-09-22T05:17:53","slug":"sementes-de-papoila-vermelha-biologicas","status":"publish","type":"product","link":"https:\/\/cultivers.es\/pt-pt\/fertilizantes\/sementes-de-papoila-vermelha-biologicas\/","title":{"rendered":"Sementes de papoila vermelha"},"content":{"rendered":"","protected":false},"excerpt":{"rendered":"<p>D\u00e1 um toque de cor vibrante ao teu jardim com as nossas sementes org\u00e2nicas de papoila vermelha. Esta variedade distingue-se pelas suas espectaculares flores de um vermelho profundo que n\u00e3o s\u00f3 embelezam qualquer espa\u00e7o verde, como tamb\u00e9m atraem uma grande variedade de polinizadores. Cultiva estas flores encantadoras e sustent\u00e1veis para um jardim cheio de vida e cor.  <\/p>\n<ul>\n<li><strong>Impacto visual impressionante:<\/strong> As flores da papoila vermelha s\u00e3o famosas pela sua cor vermelha brilhante e p\u00e9talas delicadas, que captam a aten\u00e7\u00e3o de todos os que as v\u00eaem. A sua flora\u00e7\u00e3o vibrante transforma qualquer jardim num espet\u00e1culo de cores. <\/li>\n<li><strong>Atra\u00e7\u00e3o de polinizadores:<\/strong> Plantar papoilas vermelhas no teu jardim ajuda a atrair abelhas, borboletas e outros polinizadores essenciais, contribuindo para a sa\u00fade e biodiversidade do teu ambiente.<\/li>\n<li><strong>F\u00e1cil de cultivar:<\/strong> Estas papoilas s\u00e3o extremamente f\u00e1ceis de cultivar e adaptam-se bem a uma grande variedade de condi\u00e7\u00f5es clim\u00e1ticas e tipos de solo. S\u00e3o perfeitas tanto para principiantes como para jardineiros experientes. <\/li>\n<li><strong>Cultivo org\u00e2nico:<\/strong> As nossas sementes s\u00e3o 100% org\u00e2nicas, garantindo que o teu jardim est\u00e1 livre de qu\u00edmicos e pesticidas. Esta abordagem sustent\u00e1vel n\u00e3o s\u00f3 protege o ambiente, como tamb\u00e9m garante que as flores s\u00e3o seguras para os polinizadores que visitam o teu jardim. <\/li>\n<li><strong>Utiliza\u00e7\u00e3o vers\u00e1til:<\/strong> Para al\u00e9m da sua beleza ornamental, as papoilas vermelhas podem ser utilizadas na cria\u00e7\u00e3o de bordaduras, como cobertura floral ou simplesmente para preencher espa\u00e7os vazios com uma explos\u00e3o de cor.<\/li>\n<\/ul>\n<p>Embeleza o teu jardim de uma forma sustent\u00e1vel com as nossas sementes de papoila vermelha biol\u00f3gica. Desfruta da beleza natural que estas flores trazem, ao mesmo tempo que apoiam a biodiversidade e cuidam do ambiente. Encomenda agora e d\u00e1 vida ao teu jardim com estas flores deslumbrantes!  <\/p>\n","protected":false},"featured_media":33808,"comment_status":"open","ping_status":"closed","template":"","meta":{"_acf_changed":false},"product_brand":[],"product_cat":[495,427],"product_tag":[1578],"woo-feed-brand":[],"class_list":{"0":"post-37955","1":"product","2":"type-product","3":"status-publish","4":"has-post-thumbnail","6":"product_cat-sementes-de-flores-organicas","7":"product_cat-sementes-organicas-2","8":"product_tag-eco","10":"first","11":"instock","12":"taxable","13":"shipping-taxable","14":"purchasable","15":"product-type-simple"},"acf":[],"_links":{"self":[{"href":"https:\/\/cultivers.es\/pt-pt\/wp-json\/wp\/v2\/product\/37955","targetHints":{"allow":["GET"]}}],"collection":[{"href":"https:\/\/cultivers.es\/pt-pt\/wp-json\/wp\/v2\/product"}],"about":[{"href":"https:\/\/cultivers.es\/pt-pt\/wp-json\/wp\/v2\/types\/product"}],"replies":[{"embeddable":true,"href":"https:\/\/cultivers.es\/pt-pt\/wp-json\/wp\/v2\/comments?post=37955"}],"wp:featuredmedia":[{"embeddable":true,"href":"https:\/\/cultivers.es\/pt-pt\/wp-json\/wp\/v2\/media\/33808"}],"wp:attachment":[{"href":"https:\/\/cultivers.es\/pt-pt\/wp-json\/wp\/v2\/media?parent=37955"}],"wp:term":[{"taxonomy":"product_brand","embeddable":true,"href":"https:\/\/cultivers.es\/pt-pt\/wp-json\/wp\/v2\/product_brand?post=37955"},{"taxonomy":"product_cat","embeddable":true,"href":"https:\/\/cultivers.es\/pt-pt\/wp-json\/wp\/v2\/product_cat?post=37955"},{"taxonomy":"product_tag","embeddable":true,"href":"https:\/\/cultivers.es\/pt-pt\/wp-json\/wp\/v2\/product_tag?post=37955"},{"taxonomy":"woo-feed-brand","embeddable":true,"href":"https:\/\/cultivers.es\/pt-pt\/wp-json\/wp\/v2\/woo-feed-brand?post=37955"}],"curies":[{"name":"wp","href":"https:\/\/api.w.org\/{rel}","templated":true}]}}